{"id":1039,"date":"2023-08-02T16:38:56","date_gmt":"2023-08-02T14:38:56","guid":{"rendered":"https:\/\/expo-billviola.be\/?page_id=1039"},"modified":"2023-08-02T18:04:13","modified_gmt":"2023-08-02T16:04:13","slug":"conditions-generales-de-vente","status":"publish","type":"page","link":"https:\/\/expo-billviola.be\/de\/conditions-generales-de-vente\/","title":{"rendered":"Allgemeine Gesch\u00e4ftsbedingungen"},"content":{"rendered":"<div data-elementor-type=\"wp-page\" data-elementor-id=\"1039\" class=\"elementor elementor-1039\" data-elementor-post-type=\"page\">\n\t\t\t\t\t\t<section class=\"elementor-section elementor-top-section elementor-element elementor-element-478c09b elementor-section-full_width elementor-section-height-default elementor-section-height-default\" data-id=\"478c09b\" data-element_type=\"section\" data-settings=\"{&quot;background_background&quot;:&quot;classic&quot;}\">\n\t\t\t\t\t\t<div class=\"elementor-container elementor-column-gap-default\">\n\t\t\t\t\t<div class=\"elementor-column elementor-col-100 elementor-top-column elementor-element elementor-element-8ae7f4d\" data-id=\"8ae7f4d\" data-element_type=\"column\" data-settings=\"{&quot;background_background&quot;:&quot;classic&quot;}\">\n\t\t\t<div class=\"elementor-widget-wrap elementor-element-populated\">\n\t\t\t\t\t\t<div class=\"elementor-element elementor-element-b58a4cf elementor-widget elementor-widget-heading\" data-id=\"b58a4cf\" data-element_type=\"widget\" data-widget_type=\"heading.default\">\n\t\t\t\t<div class=\"elementor-widget-container\">\n\t\t\t<style>\/*! elementor - v3.21.0 - 25-04-2024 *\/\n.elementor-heading-title{padding:0;margin:0;line-height:1}.elementor-widget-heading .elementor-heading-title[class*=elementor-size-]>a{color:inherit;font-size:inherit;line-height:inherit}.elementor-widget-heading .elementor-heading-title.elementor-size-small{font-size:15px}.elementor-widget-heading .elementor-heading-title.elementor-size-medium{font-size:19px}.elementor-widget-heading .elementor-heading-title.elementor-size-large{font-size:29px}.elementor-widget-heading .elementor-heading-title.elementor-size-xl{font-size:39px}.elementor-widget-heading .elementor-heading-title.elementor-size-xxl{font-size:59px}<\/style><h1 class=\"elementor-heading-title elementor-size-default\">Allgemeine Gesch\u00e4ftsbedingungen<\/h1>\t\t<\/div>\n\t\t\t\t<\/div>\n\t\t\t\t<div class=\"elementor-element elementor-element-d488204 elementor-widget elementor-widget-text-editor\" data-id=\"d488204\" data-element_type=\"widget\" data-widget_type=\"text-editor.default\">\n\t\t\t\t<div class=\"elementor-widget-container\">\n\t\t\t<style>\/*! elementor - v3.21.0 - 25-04-2024 *\/\n.elementor-widget-text-editor.elementor-drop-cap-view-stacked .elementor-drop-cap{background-color:#69727d;color:#fff}.elementor-widget-text-editor.elementor-drop-cap-view-framed .elementor-drop-cap{color:#69727d;border:3px solid;background-color:transparent}.elementor-widget-text-editor:not(.elementor-drop-cap-view-default) .elementor-drop-cap{margin-top:8px}.elementor-widget-text-editor:not(.elementor-drop-cap-view-default) .elementor-drop-cap-letter{width:1em;height:1em}.elementor-widget-text-editor .elementor-drop-cap{float:left;text-align:center;line-height:1;font-size:50px}.elementor-widget-text-editor .elementor-drop-cap-letter{display:inline-block}<\/style>\t\t\t\t<h2><span style=\"color: #ffe8c7;\">1.     Online-Verk\u00e4ufe<\/span><\/h2><p><span style=\"color: #ffffff;\">Die Ausstellung \u201eBill Viola. Sculptor of Time\u201c \u00f6ffnet ihre Pforten am 21. Oktober 2023. Sie wird von der Aktiengesellschaft Tempora s.a. (nachstehend: Tempora) im Museum La Boverie (L\u00fcttich) pr\u00e4sentiert.<\/span><\/p><h2><span style=\"color: #ffe8c7;\">2.     Anwendung der Allgemeinen Gesch\u00e4ftsbedingungen\u00a0<\/span><\/h2><p><span style=\"color: #ffffff;\">Die Vereinbarungen zwischen dem K\u00e4ufer und Tempora unterliegen vollst\u00e4ndig und ausschlie\u00dflich diesen Allgemeinen Gesch\u00e4ftsbedingungen, ungeachtet anders lautender Bestimmungen in jeglichen vom Kunden stammenden Dokumenten.<\/span><\/p><h3><span style=\"color: #ffe8c7;\">2.1. <strong>Preise<\/strong><\/span><\/h3><p><span style=\"color: #ffffff;\">Die Ticketpreise sind auf unserer Website (<a href=\"https:\/\/expo-billviola.be\/de\/\">www.expo-billviola.be<\/a>) in Euro inkl. MwSt. angegeben. Die Sonderkonditionen werden nur am Tag des Ausstellungsbesuchs am Empfang gew\u00e4hrt.<\/span><\/p><p><span style=\"color: #ffffff;\">Jeder K\u00e4ufer, der Anspruch auf eine Preiserm\u00e4\u00dfigung erhoben hat, muss die Rechtm\u00e4\u00dfigkeit dieses Anspruchs anhand eines offiziellen Dokuments bei der Einlasskontrolle nachweisen.\u00a0<\/span><\/p><h3><span style=\"color: #ffe8c7;\">2.2. Personenbezogene Daten<\/span><\/h3><p><span style=\"color: #ffffff;\">Beim Kauf eines oder mehrerer Tickets im Internet muss der K\u00e4ufer alle Schritte des Kaufvorgangs durchlaufen. W\u00e4hrend des Vorgangs sind vom K\u00e4ufer spezifische Informationen anzugeben, die f\u00fcr die Bearbeitung seiner Bestellung erforderlich sind. Der K\u00e4ufer best\u00e4tigt, dass die angegebenen Informationen richtig und aktuell sind. Der Ticketk\u00e4ufer ergreift alle zur Geheimhaltung seines Passworts erforderlichen Vorsichtsma\u00dfnahmen.<\/span><\/p><p><span style=\"color: #ffffff;\">Gem\u00e4\u00df der DSGVO nutzt Tempora diese Daten ausschlie\u00dflich im Rahmen der Bewerbung ihrer T\u00e4tigkeiten. Tempora versichert, dass diese Daten unter keinen Umst\u00e4nden verkauft oder weitergegeben werden. Der Besucher kann Newsletter jederzeit manuell oder durch den Versand einer E-Mail an <span style=\"color: #3366ff;\"><a style=\"color: #ffe8c7;\" href=\"mailto:privacy@tempora.be\">privacy@tempora.be<\/a><\/span> abbestellen und so nicht l\u00e4nger in der Datenbank von Tempora gef\u00fchrt werden.<\/span><\/p><h3><span style=\"color: #ffe8c7;\">2.3. Ihr Ticket<\/span><\/h3><p style=\"padding-left: 40px;\"><span style=\"color: #ffffff;\"><strong>a. Tickets sind nicht erstattungsf\u00e4hig.<\/strong><\/span><\/p><p style=\"padding-left: 40px;\"><span style=\"color: #ffffff;\"><strong>b. Ausstellung:<\/strong>\u00a0Nach erfolgter Zahlung wird das Ticket an die w\u00e4hrend des Bestellvorgangs angegebene E-Mail-Adresse versandt. Es wird im PDF-Format ausgestellt.<\/span><\/p><p style=\"padding-left: 40px;\"><span style=\"color: #ffffff;\"><strong>c. G\u00fcltigkeit:<\/strong> Ihr Ticket ist nur g\u00fcltig, wenn Sie es am Empfang auf Ihrem Telefon oder ausgedruckt vorzeigen. F\u00fcr jeden gekauften Eintritt wird ein Ticket ausgestellt. Die G\u00fcltigkeit des Tickets wird am Eingang mit Hilfe eines Barcodeleseger\u00e4ts kontrolliert und gespeichert. Das Ticket ist nur an dem Besuchstag g\u00fcltig, den Sie bei Ihrer Bestellung ausgew\u00e4hlt haben. Mit ein- und demselben Ticket wird kein mehrfacher Einlass gew\u00e4hrt.<\/span><\/p><p style=\"padding-left: 40px;\"><span style=\"color: #ffffff;\"><strong>d.<\/strong> Nur die erste Person, die das Ticket vorlegt, erh\u00e4lt Einlass zur Ausstellung. Es wird davon ausgegangen, dass sie die rechtm\u00e4\u00dfige Inhaberin des Tickets ist. Aus diesem Grund ist es verboten, das Ticket zu reproduzieren, zu duplizieren oder in irgendeiner Weise zu f\u00e4lschen oder es f\u00fcr solche Zwecke zur Verf\u00fcgung zu stellen. Der K\u00e4ufer muss sein E-Ticket an sicherem Ort aufbewahren. Der K\u00e4ufer darf niemals ein von einem Unbekannten zum Kauf angebotenes Ticket annehmen, da es sich um eine Kopie handeln k\u00f6nnte. Der Inhaber des Tickets kann eine andere Person als der K\u00e4ufer sein.<\/span><\/p><p style=\"padding-left: 40px;\"><span style=\"color: #ffffff;\"><strong>e.<\/strong> Gruppen erhalten einen Voucher, der bei ihrer Ankunft an der Kasse vorzuzeigen ist. Der Preis wird nach Ma\u00dfgabe der tats\u00e4chlich anwesenden Zahl von Gruppenmitgliedern angepasst.<\/span><strong><br \/><\/strong><\/p><h3><span style=\"color: #ffe8c7;\">2.4. Zahlung<\/span><\/h3><p><span style=\"color: #ffffff;\">Die Best\u00e4tigung einer Bestellung impliziert die Verpflichtung des K\u00e4ufers, den angegebenen Preis zu zahlen. Die Bezahlung der Bestellung durch den K\u00e4ufer erfolgt per Bankkarte auf der Website. Die Belastung des Bankkontos ist nicht abh\u00e4ngig von der Ticketnutzung. In jedem Fall werden die Tickets auch dann bezahlt, wenn der K\u00e4ufer es vers\u00e4umt, sie auszudrucken. Die Zahlungsbest\u00e4tigung kann nicht als Eintrittskarte dienen.<\/span><\/p><p><span style=\"color: #ffffff;\">Die Bezahlung des Eintritts f\u00fcr Gruppen erfolgt direkt an der Kasse oder auf Rechnung nach dem Besuch. Der K\u00e4ufer muss die letztgenannte Option bei seiner Buchung angeben und die erforderlichen Rechnungsangaben mitteilen.<\/span><\/p><p><span style=\"color: #ffffff;\">Die Zahlung auf Rechnung nach Besuch ist nur f\u00fcr Gruppen m\u00f6glich, die eine Buchung vorgenommen haben.<\/span><\/p><h3><span style=\"color: #ffe8c7;\">2.5. Nicht-Nutzung des Tickets<\/span><\/h3><p><span style=\"color: #ffffff;\">Tickets gelten f\u00fcr ein einmaliges Durchlaufen der Eingangskontrolle am Tag und zu der Uhrzeit, die auf dem Ticket vermerkt sind. Ein nicht genutztes Ticket wird weder erstattet noch umgetauscht.<\/span><\/p><h3><span style=\"color: #ffe8c7;\">2.6. Umbuchung<\/span><\/h3><p><span style=\"color: #ffffff;\">Das Datum und das Zeitfenster des Besuchs k\u00f6nnen per E-Mail an die Adresse <a href=\"mailto:info@expo-billviola.be\">info@expo-billviola.be<\/a>\u00a0von Montag bis Freitag zwischen 9.30 Uhr und 17 Uhr umgebucht werden.<\/span><\/p><p><span style=\"color: #ffffff;\">Eine solche Umbuchung ist bis zu drei Mal und bis sp\u00e4testens drei Stunden vor Beginn des gew\u00e4hlten Zeitfensters m\u00f6glich.<\/span><\/p>\t\t\t\t\t\t<\/div>\n\t\t\t\t<\/div>\n\t\t\t\t\t<\/div>\n\t\t<\/div>\n\t\t\t\t\t<\/div>\n\t\t<\/section>\n\t\t\t\t<\/div>","protected":false},"excerpt":{"rendered":"<p>Conditions g\u00e9n\u00e9rales de vente 1.\u00a0 \u00a0 \u00a0Ventes en ligne L\u2019exposition \u00ab Bill Viola. Sculptor of Time \u00bb ouvre ses portes le 21 octobre 2023. Elle est pr\u00e9sent\u00e9e \u00e0 La Boverie (Li\u00e8ge) par la soci\u00e9t\u00e9 Tempora s.a. (Tempora). 2.\u00a0 \u00a0 \u00a0Application des conditions g\u00e9n\u00e9rales\u00a0 Les conventions entre l\u2019acheteur et Tempora s.a. sont int\u00e9gralement et exclusivement r\u00e9gies&hellip;&nbsp;<a href=\"https:\/\/expo-billviola.be\/de\/conditions-generales-de-vente\/\" class=\"\" rel=\"bookmark\">Weiterlesen &raquo;<span class=\"screen-reader-text\">Allgemeine Gesch\u00e4ftsbedingungen<\/span><\/a><\/p>","protected":false},"author":4,"featured_media":0,"parent":0,"menu_order":0,"comment_status":"closed","ping_status":"closed","template":"page-templates\/template-pagebuilder-full-width.php","meta":{"neve_meta_sidebar":"","neve_meta_container":"","neve_meta_enable_content_width":"","neve_meta_content_width":0,"neve_meta_title_alignment":"","neve_meta_author_avatar":"","neve_post_elements_order":"","neve_meta_disable_header":"","neve_meta_disable_footer":"","neve_meta_disable_title":"","footnotes":""},"class_list":["post-1039","page","type-page","status-publish","hentry"],"yoast_head":"<!-- This site is optimized with the Yoast SEO plugin v22.5 - https:\/\/yoast.com\/wordpress\/plugins\/seo\/ -->\n<title>Conditions g\u00e9n\u00e9rales de vente - Expo Bill Viola<\/title>\n<meta name=\"robots\" content=\"index, follow, max-snippet:-1, max-image-preview:large, max-video-preview:-1\" \/>\n<link rel=\"canonical\" href=\"https:\/\/expo-billviola.be\/de\/conditions-generales-de-vente\/\" \/>\n<meta property=\"og:locale\" content=\"de_DE\" \/>\n<meta property=\"og:type\" content=\"article\" \/>\n<meta property=\"og:title\" content=\"Conditions g\u00e9n\u00e9rales de vente - Expo Bill Viola\" \/>\n<meta property=\"og:description\" content=\"Conditions g\u00e9n\u00e9rales de vente 1.\u00a0 \u00a0 \u00a0Ventes en ligne L\u2019exposition \u00ab Bill Viola. Sculptor of Time \u00bb ouvre ses portes le 21 octobre 2023. Elle est pr\u00e9sent\u00e9e \u00e0 La Boverie (Li\u00e8ge) par la soci\u00e9t\u00e9 Tempora s.a. (Tempora). 2.\u00a0 \u00a0 \u00a0Application des conditions g\u00e9n\u00e9rales\u00a0 Les conventions entre l\u2019acheteur et Tempora s.a. sont int\u00e9gralement et exclusivement r\u00e9gies&hellip;&nbsp;Weiterlesen &raquo;Conditions g\u00e9n\u00e9rales de vente\" \/>\n<meta property=\"og:url\" content=\"https:\/\/expo-billviola.be\/de\/conditions-generales-de-vente\/\" \/>\n<meta property=\"og:site_name\" content=\"Expo Bill Viola\" \/>\n<meta property=\"article:modified_time\" content=\"2023-08-02T16:04:13+00:00\" \/>\n<meta name=\"twitter:card\" content=\"summary_large_image\" \/>\n<meta name=\"twitter:label1\" content=\"Gesch\u00e4tzte Lesezeit\" \/>\n\t<meta name=\"twitter:data1\" content=\"4\u00a0Minuten\" \/>\n<script type=\"application\/ld+json\" class=\"yoast-schema-graph\">{\"@context\":\"https:\/\/schema.org\",\"@graph\":[{\"@type\":\"WebPage\",\"@id\":\"https:\/\/expo-billviola.be\/conditions-generales-de-vente\/\",\"url\":\"https:\/\/expo-billviola.be\/conditions-generales-de-vente\/\",\"name\":\"Conditions g\u00e9n\u00e9rales de vente - Expo Bill Viola\",\"isPartOf\":{\"@id\":\"https:\/\/expo-billviola.be\/#website\"},\"datePublished\":\"2023-08-02T14:38:56+00:00\",\"dateModified\":\"2023-08-02T16:04:13+00:00\",\"breadcrumb\":{\"@id\":\"https:\/\/expo-billviola.be\/conditions-generales-de-vente\/#breadcrumb\"},\"inLanguage\":\"de\",\"potentialAction\":[{\"@type\":\"ReadAction\",\"target\":[\"https:\/\/expo-billviola.be\/conditions-generales-de-vente\/\"]}]},{\"@type\":\"BreadcrumbList\",\"@id\":\"https:\/\/expo-billviola.be\/conditions-generales-de-vente\/#breadcrumb\",\"itemListElement\":[{\"@type\":\"ListItem\",\"position\":1,\"name\":\"Accueil\",\"item\":\"https:\/\/expo-billviola.be\/\"},{\"@type\":\"ListItem\",\"position\":2,\"name\":\"Conditions g\u00e9n\u00e9rales de vente\"}]},{\"@type\":\"WebSite\",\"@id\":\"https:\/\/expo-billviola.be\/#website\",\"url\":\"https:\/\/expo-billviola.be\/\",\"name\":\"Expo Bill Viola\",\"description\":\"Sculptor of Time\",\"publisher\":{\"@id\":\"https:\/\/expo-billviola.be\/#organization\"},\"potentialAction\":[{\"@type\":\"SearchAction\",\"target\":{\"@type\":\"EntryPoint\",\"urlTemplate\":\"https:\/\/expo-billviola.be\/?s={search_term_string}\"},\"query-input\":\"required name=search_term_string\"}],\"inLanguage\":\"de\"},{\"@type\":\"Organization\",\"@id\":\"https:\/\/expo-billviola.be\/#organization\",\"name\":\"Expo Bill Viola\",\"url\":\"https:\/\/expo-billviola.be\/\",\"logo\":{\"@type\":\"ImageObject\",\"inLanguage\":\"de\",\"@id\":\"https:\/\/expo-billviola.be\/#\/schema\/logo\/image\/\",\"url\":\"https:\/\/expo-billviola.be\/wp-content\/uploads\/2023\/07\/cropped-Logo_BILL-VIOLA_Y.png\",\"contentUrl\":\"https:\/\/expo-billviola.be\/wp-content\/uploads\/2023\/07\/cropped-Logo_BILL-VIOLA_Y.png\",\"width\":200,\"height\":125,\"caption\":\"Expo Bill Viola\"},\"image\":{\"@id\":\"https:\/\/expo-billviola.be\/#\/schema\/logo\/image\/\"}}]}<\/script>\n<!-- \/ Yoast SEO plugin. -->","yoast_head_json":{"title":"Conditions g\u00e9n\u00e9rales de vente - Expo Bill Viola","robots":{"index":"index","follow":"follow","max-snippet":"max-snippet:-1","max-image-preview":"max-image-preview:large","max-video-preview":"max-video-preview:-1"},"canonical":"https:\/\/expo-billviola.be\/de\/conditions-generales-de-vente\/","og_locale":"de_DE","og_type":"article","og_title":"Conditions g\u00e9n\u00e9rales de vente - Expo Bill Viola","og_description":"Conditions g\u00e9n\u00e9rales de vente 1.\u00a0 \u00a0 \u00a0Ventes en ligne L\u2019exposition \u00ab Bill Viola. Sculptor of Time \u00bb ouvre ses portes le 21 octobre 2023. Elle est pr\u00e9sent\u00e9e \u00e0 La Boverie (Li\u00e8ge) par la soci\u00e9t\u00e9 Tempora s.a. (Tempora). 2.\u00a0 \u00a0 \u00a0Application des conditions g\u00e9n\u00e9rales\u00a0 Les conventions entre l\u2019acheteur et Tempora s.a. sont int\u00e9gralement et exclusivement r\u00e9gies&hellip;&nbsp;Weiterlesen &raquo;Conditions g\u00e9n\u00e9rales de vente","og_url":"https:\/\/expo-billviola.be\/de\/conditions-generales-de-vente\/","og_site_name":"Expo Bill Viola","article_modified_time":"2023-08-02T16:04:13+00:00","twitter_card":"summary_large_image","twitter_misc":{"Gesch\u00e4tzte Lesezeit":"4\u00a0Minuten"},"schema":{"@context":"https:\/\/schema.org","@graph":[{"@type":"WebPage","@id":"https:\/\/expo-billviola.be\/conditions-generales-de-vente\/","url":"https:\/\/expo-billviola.be\/conditions-generales-de-vente\/","name":"Conditions g\u00e9n\u00e9rales de vente - Expo Bill Viola","isPartOf":{"@id":"https:\/\/expo-billviola.be\/#website"},"datePublished":"2023-08-02T14:38:56+00:00","dateModified":"2023-08-02T16:04:13+00:00","breadcrumb":{"@id":"https:\/\/expo-billviola.be\/conditions-generales-de-vente\/#breadcrumb"},"inLanguage":"de","potentialAction":[{"@type":"ReadAction","target":["https:\/\/expo-billviola.be\/conditions-generales-de-vente\/"]}]},{"@type":"BreadcrumbList","@id":"https:\/\/expo-billviola.be\/conditions-generales-de-vente\/#breadcrumb","itemListElement":[{"@type":"ListItem","position":1,"name":"Accueil","item":"https:\/\/expo-billviola.be\/"},{"@type":"ListItem","position":2,"name":"Conditions g\u00e9n\u00e9rales de vente"}]},{"@type":"WebSite","@id":"https:\/\/expo-billviola.be\/#website","url":"https:\/\/expo-billviola.be\/","name":"Expo Bill Viola","description":"Sculptor of Time","publisher":{"@id":"https:\/\/expo-billviola.be\/#organization"},"potentialAction":[{"@type":"SearchAction","target":{"@type":"EntryPoint","urlTemplate":"https:\/\/expo-billviola.be\/?s={search_term_string}"},"query-input":"required name=search_term_string"}],"inLanguage":"de"},{"@type":"Organization","@id":"https:\/\/expo-billviola.be\/#organization","name":"Expo Bill Viola","url":"https:\/\/expo-billviola.be\/","logo":{"@type":"ImageObject","inLanguage":"de","@id":"https:\/\/expo-billviola.be\/#\/schema\/logo\/image\/","url":"https:\/\/expo-billviola.be\/wp-content\/uploads\/2023\/07\/cropped-Logo_BILL-VIOLA_Y.png","contentUrl":"https:\/\/expo-billviola.be\/wp-content\/uploads\/2023\/07\/cropped-Logo_BILL-VIOLA_Y.png","width":200,"height":125,"caption":"Expo Bill Viola"},"image":{"@id":"https:\/\/expo-billviola.be\/#\/schema\/logo\/image\/"}}]}},"_links":{"self":[{"href":"https:\/\/expo-billviola.be\/de\/wp-json\/wp\/v2\/pages\/1039","targetHints":{"allow":["GET"]}}],"collection":[{"href":"https:\/\/expo-billviola.be\/de\/wp-json\/wp\/v2\/pages"}],"about":[{"href":"https:\/\/expo-billviola.be\/de\/wp-json\/wp\/v2\/types\/page"}],"author":[{"embeddable":true,"href":"https:\/\/expo-billviola.be\/de\/wp-json\/wp\/v2\/users\/4"}],"replies":[{"embeddable":true,"href":"https:\/\/expo-billviola.be\/de\/wp-json\/wp\/v2\/comments?post=1039"}],"version-history":[{"count":10,"href":"https:\/\/expo-billviola.be\/de\/wp-json\/wp\/v2\/pages\/1039\/revisions"}],"predecessor-version":[{"id":1060,"href":"https:\/\/expo-billviola.be\/de\/wp-json\/wp\/v2\/pages\/1039\/revisions\/1060"}],"wp:attachment":[{"href":"https:\/\/expo-billviola.be\/de\/wp-json\/wp\/v2\/media?parent=1039"}],"curies":[{"name":"wp","href":"https:\/\/api.w.org\/{rel}","templated":true}]}}