{"id":1055,"date":"2023-08-02T18:00:37","date_gmt":"2023-08-02T16:00:37","guid":{"rendered":"https:\/\/expo-billviola.be\/?page_id=1055"},"modified":"2023-08-02T18:19:39","modified_gmt":"2023-08-02T16:19:39","slug":"police-relative-aux-cookies","status":"publish","type":"page","link":"https:\/\/expo-billviola.be\/de\/police-relative-aux-cookies\/","title":{"rendered":"Erkl\u00e4rung bez\u00fcglich Cookies"},"content":{"rendered":"<div data-elementor-type=\"wp-page\" data-elementor-id=\"1055\" class=\"elementor elementor-1055\" data-elementor-post-type=\"page\">\n\t\t\t\t\t\t<section class=\"elementor-section elementor-top-section elementor-element elementor-element-c7abed3 elementor-section-full_width elementor-section-height-default elementor-section-height-default\" data-id=\"c7abed3\" data-element_type=\"section\" data-settings=\"{&quot;background_background&quot;:&quot;classic&quot;}\">\n\t\t\t\t\t\t<div class=\"elementor-container elementor-column-gap-default\">\n\t\t\t\t\t<div class=\"elementor-column elementor-col-100 elementor-top-column elementor-element elementor-element-1d192c3\" data-id=\"1d192c3\" data-element_type=\"column\" data-settings=\"{&quot;background_background&quot;:&quot;classic&quot;}\">\n\t\t\t<div class=\"elementor-widget-wrap elementor-element-populated\">\n\t\t\t\t\t\t<div class=\"elementor-element elementor-element-f162505 elementor-widget elementor-widget-heading\" data-id=\"f162505\" data-element_type=\"widget\" data-widget_type=\"heading.default\">\n\t\t\t\t<div class=\"elementor-widget-container\">\n\t\t\t<style>\/*! elementor - v3.21.0 - 25-04-2024 *\/\n.elementor-heading-title{padding:0;margin:0;line-height:1}.elementor-widget-heading .elementor-heading-title[class*=elementor-size-]>a{color:inherit;font-size:inherit;line-height:inherit}.elementor-widget-heading .elementor-heading-title.elementor-size-small{font-size:15px}.elementor-widget-heading .elementor-heading-title.elementor-size-medium{font-size:19px}.elementor-widget-heading .elementor-heading-title.elementor-size-large{font-size:29px}.elementor-widget-heading .elementor-heading-title.elementor-size-xl{font-size:39px}.elementor-widget-heading .elementor-heading-title.elementor-size-xxl{font-size:59px}<\/style><h1 class=\"elementor-heading-title elementor-size-default\">Police relative aux cookies et autres traceurs<\/h1>\t\t<\/div>\n\t\t\t\t<\/div>\n\t\t\t\t<div class=\"elementor-element elementor-element-a5e0849 elementor-widget elementor-widget-text-editor\" data-id=\"a5e0849\" data-element_type=\"widget\" data-widget_type=\"text-editor.default\">\n\t\t\t\t<div class=\"elementor-widget-container\">\n\t\t\t<style>\/*! elementor - v3.21.0 - 25-04-2024 *\/\n.elementor-widget-text-editor.elementor-drop-cap-view-stacked .elementor-drop-cap{background-color:#69727d;color:#fff}.elementor-widget-text-editor.elementor-drop-cap-view-framed .elementor-drop-cap{color:#69727d;border:3px solid;background-color:transparent}.elementor-widget-text-editor:not(.elementor-drop-cap-view-default) .elementor-drop-cap{margin-top:8px}.elementor-widget-text-editor:not(.elementor-drop-cap-view-default) .elementor-drop-cap-letter{width:1em;height:1em}.elementor-widget-text-editor .elementor-drop-cap{float:left;text-align:center;line-height:1;font-size:50px}.elementor-widget-text-editor .elementor-drop-cap-letter{display:inline-block}<\/style>\t\t\t\t<h1><span style=\"color: #ffe8c7;\">1.\u00a0 \u00a0 \u00a0Introduction<\/span><\/h1><p>Tempora utilise des cookies sur le domaine www.expo-billviola.be afin de rendre un site web utilisable en activant des fonctions de base comme la navigation de page et l&rsquo;acc\u00e8s aux zones s\u00e9curis\u00e9es du site web. Nous utilisons \u00e9galement des cookies d\u2019analyses et de suivi publicitaires. Nous vous invitons \u00e0 prendre connaissance de cette police.<\/p><h1><span style=\"color: #ffe8c7;\">2.\u00a0 \u00a0 Qu&rsquo;est-ce qu&rsquo;un cookie ?<\/span><\/h1><p>Un \u00ab cookie \u00bb est un fichier texte plac\u00e9 sur l\u2019appareil d\u2019un utilisateur connect\u00e9 \u00e0 Internet.<\/p><p>Le terme \u00ab cookie \u00bb est \u00e0 consid\u00e9rer au sens large et couvre l&rsquo;ensemble des cookies ou traceurs d\u00e9pos\u00e9s et\/ou lus, par exemple, lors de la consultation d&rsquo;un site Internet, de la lecture d&rsquo;un courrier \u00e9lectronique, de l&rsquo;installation ou de l&rsquo;utilisation d&rsquo;un logiciel ou d&rsquo;une application mobile.<\/p><p>Tout utilisateur est concern\u00e9, quel que soit le type de terminal utilis\u00e9 : ordinateurs, smartphones, tablettes num\u00e9riques, consoles de jeux vid\u00e9o\u2026<\/p><p>Un \u00ab cookie \u00bb est enregistr\u00e9 sur le p\u00e9riph\u00e9rique par le navigateur de l\u2019internaute lors de sa premi\u00e8re visite sur le site. Il peut ensuite \u00eatre r\u00e9cup\u00e9r\u00e9 lors d&rsquo;une visite ult\u00e9rieure sur le m\u00eame site. Les informations contenues dans le cookie et r\u00e9cup\u00e9r\u00e9es lors du passage ult\u00e9rieur seront renvoy\u00e9es \u00e0 la page web qui les a g\u00e9n\u00e9r\u00e9es, c\u2019est-\u00e0-dire soit \u00e0 une page sur laquelle se trouve l\u2019utilisateur (cookie de \u00ab\u00a0premi\u00e8re partie\u00a0\u00bb) soit \u00e0 une page web d\u2019un autre site tiers (cookie tiers).<\/p><h1><span style=\"color: #ffe8c7;\">3.\u00a0 \u00a0 \u00c0 quoi servent les cookies et quels cookies utilisons-nous ?<\/span><\/h1><p>Les cookies peuvent par exemple servir \u00e0 recharger les pages et \u00e0 reconna\u00eetre la visite d\u2019un utilisateur sur les pr\u00e9sentations de page (langue d\u2019affichage p. ex.). Ils peuvent \u00e9galement cr\u00e9er une exp\u00e9rience plus agr\u00e9able pour l\u2019internaute lorsqu\u2019il visite la page en m\u00e9morisant les pr\u00e9f\u00e9rences de l\u2019utilisateur.<\/p><p>Il existe plusieurs types de cookies. Certains n\u00e9cessitent le consentement de l\u2019utilisateur tandis que d\u2019autres reposent sur d\u2019autres finalit\u00e9s.<\/p><p>Ce site utilise\u00a0:<\/p><p><span style=\"text-decoration: underline;\"><strong>Cookies Techniques<\/strong><\/span><\/p><p>Ils sont n\u00e9cessaires \u00e0 la navigation sur le site et \u00e0 l\u2019acc\u00e8s aux services. Ce sont des composants techniques, et ne peuvent pas \u00eatre d\u00e9sactiv\u00e9s ou param\u00e9tr\u00e9s sous peine de ne plus pouvoir acc\u00e9der au site et\/ou aux services du site. Ces cookies ne n\u00e9cessitent pas de consentement.<\/p><p><span style=\"text-decoration: underline;\"><strong>Cookies de \u00ab pr\u00e9f\u00e9rence \u00bb<\/strong><\/span><\/p><p>Les cookies de pr\u00e9f\u00e9rences permettent \u00e0 un site web de retenir des informations qui modifient la mani\u00e8re dont le site se comporte ou s\u2019affiche, comme votre langue pr\u00e9f\u00e9r\u00e9e.<\/p><p>Ces cookies sont d\u00e9clench\u00e9s d\u00e8s qu\u2019une page web est affich\u00e9e, ou lorsqu&rsquo;une action particuli\u00e8re est effectu\u00e9e.<\/p><p><span style=\"text-decoration: underline;\"><strong>Cookies utilis\u00e9s pour obtenir les statistiques de navigation<\/strong><\/span><\/p><p>Les cookies statistiques permettent au propri\u00e9taire du site web de comprendre la mani\u00e8re dont les utilisateurs interagissent avec le site web.<\/p><p><span style=\"text-decoration: underline;\"><strong>Cookies utilis\u00e9s pour des fins publicitaires\/de suivi<\/strong><\/span><\/p><p>Les cookies publicitaires servent \u00e0 tracer l\u2019utilisateur \u00e0 travers des sites web. Le but de ces cookies est de proposer une publicit\u00e9 cibl\u00e9e en fonction du profil de l\u2019utilisateur.<\/p><h2><span style=\"color: #ffe8c7;\">4.\u00a0 Vos choix concernant les cookies<\/span><\/h2><p>Si vous souhaitez savoir quels cookies sont install\u00e9s sur votre appareil ou si vous voulez les supprimer, vous pouvez utiliser un param\u00e8tre de votre navigateur. Vous trouverez davantage d\u2019explications sur la mani\u00e8re de proc\u00e9der via les liens ci-dessous.<\/p><h3>4.1. Refuser un cookie par l\u2019interm\u00e9diaire du logiciel de navigation<\/h3><p>Liste non exhaustive :<\/p><ul><li>Internet Explorer : https:\/\/support.microsoft.com\/fr-fr\/microsoft-edge\/supprimer-les-cookies-dans-microsoft-edge-63947406-40ac-c3b8-57b9-2a946a29ae09<\/li><li>Mozilla Firefox : https:\/\/support.mozilla.org\/fr\/kb\/effacer-les-cookies-pour-supprimer-les-information<\/li><li>Safari : https:\/\/support.apple.com\/fr-be\/guide\/safari\/manage-cookies-and-website-data-sfri11471\/mac<\/li><li>Google Chrome : https:\/\/support.google.com\/chrome\/answer\/95647?hl=fr<\/li><\/ul><p>La d\u00e9sactivation de tous les cookies emp\u00eachera l\u2019utilisateur d\u2019utiliser le site dans des conditions normales, \u00e0 l\u2019exception des fonctions basiques.<\/p><h3>4.2. Refuser d&rsquo;\u00eatre suivi<\/h3><p>Le navigateur peut \u00eatre param\u00e9tr\u00e9 afin que celui-ci envoie un code indiquant aux sites Web que l\u2019utilisateur ne souhaite pas \u00eatre suivi. (Option \u00ab\u00a0Do No Track\u00a0\u00bb).<\/p><p>Les appareils mobiles peuvent aussi proposer les param\u00e8tres \u00ab\u00a0Suivi publicitaire limit\u00e9\u00a0\u00bb (sur iOS) ou \u00ab\u00a0Interdire le suivi\u00a0\u00bb (sur Android).<\/p><h3>4.3. Modification du choix relatif aux cookies<\/h3><p>En cas de modification de choix de cookies, nous n\u2019utilisons plus les cookies, mais ils peuvent toujours \u00eatre pr\u00e9sents au sein du navigateur.<\/p><p>Nous vous invitons \u00e0 supprimer les cookies non d\u00e9sir\u00e9s via les param\u00e8tres de votre navigateur (cf. point 1 de ce chapitre).<\/p><h2><span style=\"color: #ffe8c7;\">5. Donn\u00e9es personnelles et vie priv\u00e9e<\/span><\/h2><p>Cette politique relative aux cookies peut \u00eatre adapt\u00e9e afin de faire part de ses \u00e9ventuelles modifications. La date qui figure au bas du pr\u00e9sent document indique quand des modifications lui ont \u00e9t\u00e9 apport\u00e9es pour la derni\u00e8re fois.<\/p><p>Si nous souhaitons utiliser des cookies pour lesquels vous nous avez donn\u00e9 votre autorisation \u00e0 d\u2019autres fins, nous vous en demanderons l\u2019autorisation.<\/p><p>Pour toute autre question relative \u00e0 la collecte et la gestion des donn\u00e9es personnelles, l\u2019utilisateur est invit\u00e9 \u00e0 prendre connaissance de la\u00a0police vie priv\u00e9e\u00a0ou contacter Tempora \u00e0 l\u2019adresse suivante : privacy@tempora.be<\/p><p>En France, pour toute information compl\u00e9mentaire sur les cookies, l\u2019utilisateur est invit\u00e9 \u00e0 consulter le site (https:\/\/www.cnil.fr\/)\u00a0 ou \u00e0 se renseigner aupr\u00e8s de la Commission nationale de l\u2019informatique et des libert\u00e9s\u00a0: 3 Place de Fontenoy, TSA 80715, 75334 PARIS CEDEX 07, France.<\/p><p>En Belgique, pour toute information compl\u00e9mentaire sur les cookies, l\u2019utilisateur est invit\u00e9 \u00e0 consulter le site (https:\/\/www.autoriteprotectiondonnees.be\/) ou \u00e0 se renseigner aupr\u00e8s de l\u2019Autorit\u00e9 de protection des donn\u00e9es : Rue de la Presse, 35, 1000 Bruxelles.<\/p>\t\t\t\t\t\t<\/div>\n\t\t\t\t<\/div>\n\t\t\t\t\t<\/div>\n\t\t<\/div>\n\t\t\t\t\t<\/div>\n\t\t<\/section>\n\t\t\t\t<\/div>","protected":false},"excerpt":{"rendered":"<p>Police relative aux cookies et autres traceurs 1.\u00a0 \u00a0 \u00a0Introduction Tempora utilise des cookies sur le domaine www.expo-billviola.be afin de rendre un site web utilisable en activant des fonctions de base comme la navigation de page et l&rsquo;acc\u00e8s aux zones s\u00e9curis\u00e9es du site web. Nous utilisons \u00e9galement des cookies d\u2019analyses et de suivi publicitaires. Nous&hellip;&nbsp;<a href=\"https:\/\/expo-billviola.be\/de\/police-relative-aux-cookies\/\" class=\"\" rel=\"bookmark\">Weiterlesen &raquo;<span class=\"screen-reader-text\">Erkl\u00e4rung bez\u00fcglich Cookies<\/span><\/a><\/p>","protected":false},"author":4,"featured_media":0,"parent":0,"menu_order":0,"comment_status":"closed","ping_status":"closed","template":"page-templates\/template-pagebuilder-full-width.php","meta":{"neve_meta_sidebar":"","neve_meta_container":"","neve_meta_enable_content_width":"","neve_meta_content_width":0,"neve_meta_title_alignment":"","neve_meta_author_avatar":"","neve_post_elements_order":"","neve_meta_disable_header":"","neve_meta_disable_footer":"","neve_meta_disable_title":"","footnotes":""},"class_list":["post-1055","page","type-page","status-publish","hentry"],"yoast_head":"<!-- This site is optimized with the Yoast SEO plugin v22.5 - https:\/\/yoast.com\/wordpress\/plugins\/seo\/ -->\n<title>Police relative aux cookies - Expo Bill Viola<\/title>\n<meta name=\"robots\" content=\"index, follow, max-snippet:-1, max-image-preview:large, max-video-preview:-1\" \/>\n<link rel=\"canonical\" href=\"https:\/\/expo-billviola.be\/de\/police-relative-aux-cookies\/\" \/>\n<meta property=\"og:locale\" content=\"de_DE\" \/>\n<meta property=\"og:type\" content=\"article\" \/>\n<meta property=\"og:title\" content=\"Police relative aux cookies - Expo Bill Viola\" \/>\n<meta property=\"og:description\" content=\"Police relative aux cookies et autres traceurs 1.\u00a0 \u00a0 \u00a0Introduction Tempora utilise des cookies sur le domaine www.expo-billviola.be afin de rendre un site web utilisable en activant des fonctions de base comme la navigation de page et l&rsquo;acc\u00e8s aux zones s\u00e9curis\u00e9es du site web. Nous utilisons \u00e9galement des cookies d\u2019analyses et de suivi publicitaires. Nous&hellip;&nbsp;Weiterlesen &raquo;Police relative aux cookies\" \/>\n<meta property=\"og:url\" content=\"https:\/\/expo-billviola.be\/de\/police-relative-aux-cookies\/\" \/>\n<meta property=\"og:site_name\" content=\"Expo Bill Viola\" \/>\n<meta property=\"article:modified_time\" content=\"2023-08-02T16:19:39+00:00\" \/>\n<meta name=\"twitter:card\" content=\"summary_large_image\" \/>\n<meta name=\"twitter:label1\" content=\"Gesch\u00e4tzte Lesezeit\" \/>\n\t<meta name=\"twitter:data1\" content=\"1\u00a0Minute\" \/>\n<script type=\"application\/ld+json\" class=\"yoast-schema-graph\">{\"@context\":\"https:\/\/schema.org\",\"@graph\":[{\"@type\":\"WebPage\",\"@id\":\"https:\/\/expo-billviola.be\/police-relative-aux-cookies\/\",\"url\":\"https:\/\/expo-billviola.be\/police-relative-aux-cookies\/\",\"name\":\"Police relative aux cookies - Expo Bill Viola\",\"isPartOf\":{\"@id\":\"https:\/\/expo-billviola.be\/#website\"},\"datePublished\":\"2023-08-02T16:00:37+00:00\",\"dateModified\":\"2023-08-02T16:19:39+00:00\",\"breadcrumb\":{\"@id\":\"https:\/\/expo-billviola.be\/police-relative-aux-cookies\/#breadcrumb\"},\"inLanguage\":\"de\",\"potentialAction\":[{\"@type\":\"ReadAction\",\"target\":[\"https:\/\/expo-billviola.be\/police-relative-aux-cookies\/\"]}]},{\"@type\":\"BreadcrumbList\",\"@id\":\"https:\/\/expo-billviola.be\/police-relative-aux-cookies\/#breadcrumb\",\"itemListElement\":[{\"@type\":\"ListItem\",\"position\":1,\"name\":\"Accueil\",\"item\":\"https:\/\/expo-billviola.be\/\"},{\"@type\":\"ListItem\",\"position\":2,\"name\":\"Police relative aux cookies\"}]},{\"@type\":\"WebSite\",\"@id\":\"https:\/\/expo-billviola.be\/#website\",\"url\":\"https:\/\/expo-billviola.be\/\",\"name\":\"Expo Bill Viola\",\"description\":\"Sculptor of Time\",\"publisher\":{\"@id\":\"https:\/\/expo-billviola.be\/#organization\"},\"potentialAction\":[{\"@type\":\"SearchAction\",\"target\":{\"@type\":\"EntryPoint\",\"urlTemplate\":\"https:\/\/expo-billviola.be\/?s={search_term_string}\"},\"query-input\":\"required name=search_term_string\"}],\"inLanguage\":\"de\"},{\"@type\":\"Organization\",\"@id\":\"https:\/\/expo-billviola.be\/#organization\",\"name\":\"Expo Bill Viola\",\"url\":\"https:\/\/expo-billviola.be\/\",\"logo\":{\"@type\":\"ImageObject\",\"inLanguage\":\"de\",\"@id\":\"https:\/\/expo-billviola.be\/#\/schema\/logo\/image\/\",\"url\":\"https:\/\/expo-billviola.be\/wp-content\/uploads\/2023\/07\/cropped-Logo_BILL-VIOLA_Y.png\",\"contentUrl\":\"https:\/\/expo-billviola.be\/wp-content\/uploads\/2023\/07\/cropped-Logo_BILL-VIOLA_Y.png\",\"width\":200,\"height\":125,\"caption\":\"Expo Bill Viola\"},\"image\":{\"@id\":\"https:\/\/expo-billviola.be\/#\/schema\/logo\/image\/\"}}]}<\/script>\n<!-- \/ Yoast SEO plugin. -->","yoast_head_json":{"title":"Police relative aux cookies - Expo Bill Viola","robots":{"index":"index","follow":"follow","max-snippet":"max-snippet:-1","max-image-preview":"max-image-preview:large","max-video-preview":"max-video-preview:-1"},"canonical":"https:\/\/expo-billviola.be\/de\/police-relative-aux-cookies\/","og_locale":"de_DE","og_type":"article","og_title":"Police relative aux cookies - Expo Bill Viola","og_description":"Police relative aux cookies et autres traceurs 1.\u00a0 \u00a0 \u00a0Introduction Tempora utilise des cookies sur le domaine www.expo-billviola.be afin de rendre un site web utilisable en activant des fonctions de base comme la navigation de page et l&rsquo;acc\u00e8s aux zones s\u00e9curis\u00e9es du site web. Nous utilisons \u00e9galement des cookies d\u2019analyses et de suivi publicitaires. Nous&hellip;&nbsp;Weiterlesen &raquo;Police relative aux cookies","og_url":"https:\/\/expo-billviola.be\/de\/police-relative-aux-cookies\/","og_site_name":"Expo Bill Viola","article_modified_time":"2023-08-02T16:19:39+00:00","twitter_card":"summary_large_image","twitter_misc":{"Gesch\u00e4tzte Lesezeit":"1\u00a0Minute"},"schema":{"@context":"https:\/\/schema.org","@graph":[{"@type":"WebPage","@id":"https:\/\/expo-billviola.be\/police-relative-aux-cookies\/","url":"https:\/\/expo-billviola.be\/police-relative-aux-cookies\/","name":"Police relative aux cookies - Expo Bill Viola","isPartOf":{"@id":"https:\/\/expo-billviola.be\/#website"},"datePublished":"2023-08-02T16:00:37+00:00","dateModified":"2023-08-02T16:19:39+00:00","breadcrumb":{"@id":"https:\/\/expo-billviola.be\/police-relative-aux-cookies\/#breadcrumb"},"inLanguage":"de","potentialAction":[{"@type":"ReadAction","target":["https:\/\/expo-billviola.be\/police-relative-aux-cookies\/"]}]},{"@type":"BreadcrumbList","@id":"https:\/\/expo-billviola.be\/police-relative-aux-cookies\/#breadcrumb","itemListElement":[{"@type":"ListItem","position":1,"name":"Accueil","item":"https:\/\/expo-billviola.be\/"},{"@type":"ListItem","position":2,"name":"Police relative aux cookies"}]},{"@type":"WebSite","@id":"https:\/\/expo-billviola.be\/#website","url":"https:\/\/expo-billviola.be\/","name":"Expo Bill Viola","description":"Sculptor of Time","publisher":{"@id":"https:\/\/expo-billviola.be\/#organization"},"potentialAction":[{"@type":"SearchAction","target":{"@type":"EntryPoint","urlTemplate":"https:\/\/expo-billviola.be\/?s={search_term_string}"},"query-input":"required name=search_term_string"}],"inLanguage":"de"},{"@type":"Organization","@id":"https:\/\/expo-billviola.be\/#organization","name":"Expo Bill Viola","url":"https:\/\/expo-billviola.be\/","logo":{"@type":"ImageObject","inLanguage":"de","@id":"https:\/\/expo-billviola.be\/#\/schema\/logo\/image\/","url":"https:\/\/expo-billviola.be\/wp-content\/uploads\/2023\/07\/cropped-Logo_BILL-VIOLA_Y.png","contentUrl":"https:\/\/expo-billviola.be\/wp-content\/uploads\/2023\/07\/cropped-Logo_BILL-VIOLA_Y.png","width":200,"height":125,"caption":"Expo Bill Viola"},"image":{"@id":"https:\/\/expo-billviola.be\/#\/schema\/logo\/image\/"}}]}},"_links":{"self":[{"href":"https:\/\/expo-billviola.be\/de\/wp-json\/wp\/v2\/pages\/1055","targetHints":{"allow":["GET"]}}],"collection":[{"href":"https:\/\/expo-billviola.be\/de\/wp-json\/wp\/v2\/pages"}],"about":[{"href":"https:\/\/expo-billviola.be\/de\/wp-json\/wp\/v2\/types\/page"}],"author":[{"embeddable":true,"href":"https:\/\/expo-billviola.be\/de\/wp-json\/wp\/v2\/users\/4"}],"replies":[{"embeddable":true,"href":"https:\/\/expo-billviola.be\/de\/wp-json\/wp\/v2\/comments?post=1055"}],"version-history":[{"count":10,"href":"https:\/\/expo-billviola.be\/de\/wp-json\/wp\/v2\/pages\/1055\/revisions"}],"predecessor-version":[{"id":1076,"href":"https:\/\/expo-billviola.be\/de\/wp-json\/wp\/v2\/pages\/1055\/revisions\/1076"}],"wp:attachment":[{"href":"https:\/\/expo-billviola.be\/de\/wp-json\/wp\/v2\/media?parent=1055"}],"curies":[{"name":"wp","href":"https:\/\/api.w.org\/{rel}","templated":true}]}}