{"id":1039,"date":"2023-08-02T16:38:56","date_gmt":"2023-08-02T14:38:56","guid":{"rendered":"https:\/\/expo-billviola.be\/?page_id=1039"},"modified":"2023-08-02T18:04:13","modified_gmt":"2023-08-02T16:04:13","slug":"conditions-generales-de-vente","status":"publish","type":"page","link":"https:\/\/expo-billviola.be\/en\/conditions-generales-de-vente\/","title":{"rendered":"General Terms and Conditions"},"content":{"rendered":"<div data-elementor-type=\"wp-page\" data-elementor-id=\"1039\" class=\"elementor elementor-1039\" data-elementor-post-type=\"page\">\n\t\t\t\t\t\t<section class=\"elementor-section elementor-top-section elementor-element elementor-element-478c09b elementor-section-full_width elementor-section-height-default elementor-section-height-default\" data-id=\"478c09b\" data-element_type=\"section\" data-settings=\"{&quot;background_background&quot;:&quot;classic&quot;}\">\n\t\t\t\t\t\t<div class=\"elementor-container elementor-column-gap-default\">\n\t\t\t\t\t<div class=\"elementor-column elementor-col-100 elementor-top-column elementor-element elementor-element-8ae7f4d\" data-id=\"8ae7f4d\" data-element_type=\"column\" data-settings=\"{&quot;background_background&quot;:&quot;classic&quot;}\">\n\t\t\t<div class=\"elementor-widget-wrap elementor-element-populated\">\n\t\t\t\t\t\t<div class=\"elementor-element elementor-element-b58a4cf elementor-widget elementor-widget-heading\" data-id=\"b58a4cf\" data-element_type=\"widget\" data-widget_type=\"heading.default\">\n\t\t\t\t<div class=\"elementor-widget-container\">\n\t\t\t<style>\/*! elementor - v3.21.0 - 25-04-2024 *\/\n.elementor-heading-title{padding:0;margin:0;line-height:1}.elementor-widget-heading .elementor-heading-title[class*=elementor-size-]>a{color:inherit;font-size:inherit;line-height:inherit}.elementor-widget-heading .elementor-heading-title.elementor-size-small{font-size:15px}.elementor-widget-heading .elementor-heading-title.elementor-size-medium{font-size:19px}.elementor-widget-heading .elementor-heading-title.elementor-size-large{font-size:29px}.elementor-widget-heading .elementor-heading-title.elementor-size-xl{font-size:39px}.elementor-widget-heading .elementor-heading-title.elementor-size-xxl{font-size:59px}<\/style><h1 class=\"elementor-heading-title elementor-size-default\">General Terms and Conditions<\/h1>\t\t<\/div>\n\t\t\t\t<\/div>\n\t\t\t\t<div class=\"elementor-element elementor-element-d488204 elementor-widget elementor-widget-text-editor\" data-id=\"d488204\" data-element_type=\"widget\" data-widget_type=\"text-editor.default\">\n\t\t\t\t<div class=\"elementor-widget-container\">\n\t\t\t<style>\/*! elementor - v3.21.0 - 25-04-2024 *\/\n.elementor-widget-text-editor.elementor-drop-cap-view-stacked .elementor-drop-cap{background-color:#69727d;color:#fff}.elementor-widget-text-editor.elementor-drop-cap-view-framed .elementor-drop-cap{color:#69727d;border:3px solid;background-color:transparent}.elementor-widget-text-editor:not(.elementor-drop-cap-view-default) .elementor-drop-cap{margin-top:8px}.elementor-widget-text-editor:not(.elementor-drop-cap-view-default) .elementor-drop-cap-letter{width:1em;height:1em}.elementor-widget-text-editor .elementor-drop-cap{float:left;text-align:center;line-height:1;font-size:50px}.elementor-widget-text-editor .elementor-drop-cap-letter{display:inline-block}<\/style>\t\t\t\t<h2><span style=\"color: #ffe8c7;\">1.     Online sales<\/span><\/h2><p><span style=\"color: #ffffff;\">The exhibition \"Bill Viola. Sculptor of Time\" opens on October 21, 2023. It is hosted at La Boverie (Li\u00e8ge) by Tempora Ltd (Tempora).<\/span><\/p><h2><span style=\"color: #ffe8c7;\">2.     Application of terms and conditions\u00a0<\/span><\/h2><p><span style=\"color: #ffffff;\">The agreements between the purchaser and Tempora Ltd. are fully and exclusively governed by the present general terms and conditions, notwithstanding any provision to the contrary in any document issued by the customer.<\/span><\/p><h3><span style=\"color: #ffe8c7;\">2.1. <strong>Prices<\/strong><\/span><\/h3><p><span style=\"color: #ffffff;\">Ticket prices are shown on our website (<a href=\"https:\/\/expo-billviola.be\/en\/\">www.expo-billviola.be<\/a>) in \u20ac, inclusive of all taxes. Special conditions will only be applied at the exhibition reception desk on the day of the visit.<\/span><\/p><p><span style=\"color: #ffffff;\">Any purchaser requesting a special rate will be required to prove their entitlement with an official document when passing through the ticket control.\u00a0<\/span><\/p><h3><span style=\"color: #ffe8c7;\">2.2. Personal data<\/span><\/h3><p><span style=\"color: #ffffff;\">When purchasing ticket(s) via the internet, the purchaser is obliged to complete every stage. During the procedure, the purchaser will be asked to provide specific information that is necessary to process his\/her order. The purchaser then confirms that this information is correct and up-to-date. The ticket purchaser takes all precautionary measures to keep his\/her password secret.<\/span><\/p><p><span style=\"color: #ffffff;\">In accordance with the GDPR, Tempora Ltd will only use this data for the promotion of its activities. Tempora Ltd certifies that this data will not be sold or exchanged under any circumstances. Visitors may unsubscribe from newsletters at any time and no longer be included in Tempora Ltd's database by sending an e-mail to <span style=\"color: #3366ff;\"><a style=\"color: #ffe8c7;\" href=\"mailto:privacy@tempora.be\">privacy@tempora.be<\/a><\/span> by manually unsubscribing.<\/span><\/p><h3><span style=\"color: #ffe8c7;\">2.3. Your ticket<\/span><\/h3><p style=\"padding-left: 40px;\"><span style=\"color: #ffffff;\"><strong>a. No ticket will be refunded.<\/strong><\/span><\/p><p style=\"padding-left: 40px;\"><span style=\"color: #ffffff;\"><strong>b. Delivery:<\/strong>\u00a0Once payment has been accepted, the ticket is sent to the e-mail address indicated during the order process. It is delivered in .pdf format.<\/span><\/p><p style=\"padding-left: 40px;\"><span style=\"color: #ffffff;\"><strong>c. Validity:<\/strong> To be valid, your ticket must be presented at the exhibition entrance on your telephone or in printed form. A ticket is issued for each admission purchased. Ticket validity is checked and recorded at the entrance using barcode readers, and the ticket is valid only for the date of visit selected when you placed your order. It is not possible to be admitted more than once with the same ticket.<\/span><\/p><p style=\"padding-left: 40px;\"><span style=\"color: #ffffff;\"><strong>d.<\/strong> Only the first person to present a ticket may enter the exhibition. This person is presumed to be the legitimate ticket holder. It is therefore forbidden to reproduce, duplicate or counterfeit the ticket in any way, or to make it available for such purposes. The purchaser must keep the e-ticket in a safe place. The purchaser must never accept a ticket offered by a stranger, as it could be a copy. The ticket holder may be someone other than the purchaser.<\/span><\/p><p style=\"padding-left: 40px;\"><span style=\"color: #ffffff;\"><strong>e.<\/strong> Groups receive a voucher to present at the ticket office on arrival. The price will be calculated according to the number of people present in the group.<\/span><strong><br \/><\/strong><\/p><h3><span style=\"color: #ffe8c7;\">2.4. Payment<\/span><\/h3><p><span style=\"color: #ffffff;\">Validating an order implies the buyer's obligation to pay the indicated price. The buyer must pay for his purchases on the site by credit card. The debit of the bank account is independent of the use of the tickets. In all circumstances, tickets are paid for even if the purchaser fails to print them out. Proof of payment cannot be used as an admission ticket.<\/span><\/p><p><span style=\"color: #ffffff;\">Entrance tickets for groups are paid for directly at the ticket office or by invoice after the visit. Purchasers must mention the latter option when booking and must provide the necessary billing details.<\/span><\/p><p><span style=\"color: #ffffff;\">Payment by invoice after the visit is only possible for groups who have made a reservation.<\/span><\/p><h3><span style=\"color: #ffe8c7;\">2.5. \u201cI haven't used my ticket\u201d<\/span><\/h3><p><span style=\"color: #ffffff;\">Entry tickets are valid for a single admission for the date and time shown on the ticket. Unused tickets will not be refunded or exchanged.<\/span><\/p><h3><span style=\"color: #ffe8c7;\">2.6. Rescheduling tickets<\/span><\/h3><p><span style=\"color: #ffffff;\">Visit dates and times can be changed by sending an email to <a href=\"mailto:info@expo-billviola.be\">info@expo-billviola.be<\/a>\u00a0from Monday to Friday between 9:30am and 5pm.<\/span><\/p><p><span style=\"color: #ffffff;\">Changes can be made up to three times and a maximum of three hours before the chosen time slot.<\/span><\/p>\t\t\t\t\t\t<\/div>\n\t\t\t\t<\/div>\n\t\t\t\t\t<\/div>\n\t\t<\/div>\n\t\t\t\t\t<\/div>\n\t\t<\/section>\n\t\t\t\t<\/div>","protected":false},"excerpt":{"rendered":"<p>Conditions g\u00e9n\u00e9rales de vente 1.\u00a0 \u00a0 \u00a0Ventes en ligne L\u2019exposition \u00ab Bill Viola. Sculptor of Time \u00bb ouvre ses portes le 21 octobre 2023. Elle est pr\u00e9sent\u00e9e \u00e0 La Boverie (Li\u00e8ge) par la soci\u00e9t\u00e9 Tempora s.a. (Tempora). 2.\u00a0 \u00a0 \u00a0Application des conditions g\u00e9n\u00e9rales\u00a0 Les conventions entre l\u2019acheteur et Tempora s.a. sont int\u00e9gralement et exclusivement r\u00e9gies&hellip;&nbsp;<a href=\"https:\/\/expo-billviola.be\/en\/conditions-generales-de-vente\/\" class=\"\" rel=\"bookmark\">Read More &raquo;<span class=\"screen-reader-text\">General Terms and Conditions<\/span><\/a><\/p>","protected":false},"author":4,"featured_media":0,"parent":0,"menu_order":0,"comment_status":"closed","ping_status":"closed","template":"page-templates\/template-pagebuilder-full-width.php","meta":{"neve_meta_sidebar":"","neve_meta_container":"","neve_meta_enable_content_width":"","neve_meta_content_width":0,"neve_meta_title_alignment":"","neve_meta_author_avatar":"","neve_post_elements_order":"","neve_meta_disable_header":"","neve_meta_disable_footer":"","neve_meta_disable_title":"","footnotes":""},"class_list":["post-1039","page","type-page","status-publish","hentry"],"yoast_head":"<!-- This site is optimized with the Yoast SEO plugin v22.5 - https:\/\/yoast.com\/wordpress\/plugins\/seo\/ -->\n<title>Conditions g\u00e9n\u00e9rales de vente - Expo Bill Viola<\/title>\n<meta name=\"robots\" content=\"index, follow, max-snippet:-1, max-image-preview:large, max-video-preview:-1\" \/>\n<link rel=\"canonical\" href=\"https:\/\/expo-billviola.be\/en\/conditions-generales-de-vente\/\" \/>\n<meta property=\"og:locale\" content=\"en_US\" \/>\n<meta property=\"og:type\" content=\"article\" \/>\n<meta property=\"og:title\" content=\"Conditions g\u00e9n\u00e9rales de vente - Expo Bill Viola\" \/>\n<meta property=\"og:description\" content=\"Conditions g\u00e9n\u00e9rales de vente 1.\u00a0 \u00a0 \u00a0Ventes en ligne L\u2019exposition \u00ab Bill Viola. Sculptor of Time \u00bb ouvre ses portes le 21 octobre 2023. Elle est pr\u00e9sent\u00e9e \u00e0 La Boverie (Li\u00e8ge) par la soci\u00e9t\u00e9 Tempora s.a. (Tempora). 2.\u00a0 \u00a0 \u00a0Application des conditions g\u00e9n\u00e9rales\u00a0 Les conventions entre l\u2019acheteur et Tempora s.a. sont int\u00e9gralement et exclusivement r\u00e9gies&hellip;&nbsp;Read More &raquo;Conditions g\u00e9n\u00e9rales de vente\" \/>\n<meta property=\"og:url\" content=\"https:\/\/expo-billviola.be\/en\/conditions-generales-de-vente\/\" \/>\n<meta property=\"og:site_name\" content=\"Expo Bill Viola\" \/>\n<meta property=\"article:modified_time\" content=\"2023-08-02T16:04:13+00:00\" \/>\n<meta name=\"twitter:card\" content=\"summary_large_image\" \/>\n<meta name=\"twitter:label1\" content=\"Est. reading time\" \/>\n\t<meta name=\"twitter:data1\" content=\"4 minutes\" \/>\n<script type=\"application\/ld+json\" class=\"yoast-schema-graph\">{\"@context\":\"https:\/\/schema.org\",\"@graph\":[{\"@type\":\"WebPage\",\"@id\":\"https:\/\/expo-billviola.be\/conditions-generales-de-vente\/\",\"url\":\"https:\/\/expo-billviola.be\/conditions-generales-de-vente\/\",\"name\":\"Conditions g\u00e9n\u00e9rales de vente - Expo Bill Viola\",\"isPartOf\":{\"@id\":\"https:\/\/expo-billviola.be\/#website\"},\"datePublished\":\"2023-08-02T14:38:56+00:00\",\"dateModified\":\"2023-08-02T16:04:13+00:00\",\"breadcrumb\":{\"@id\":\"https:\/\/expo-billviola.be\/conditions-generales-de-vente\/#breadcrumb\"},\"inLanguage\":\"en-US\",\"potentialAction\":[{\"@type\":\"ReadAction\",\"target\":[\"https:\/\/expo-billviola.be\/conditions-generales-de-vente\/\"]}]},{\"@type\":\"BreadcrumbList\",\"@id\":\"https:\/\/expo-billviola.be\/conditions-generales-de-vente\/#breadcrumb\",\"itemListElement\":[{\"@type\":\"ListItem\",\"position\":1,\"name\":\"Accueil\",\"item\":\"https:\/\/expo-billviola.be\/\"},{\"@type\":\"ListItem\",\"position\":2,\"name\":\"Conditions g\u00e9n\u00e9rales de vente\"}]},{\"@type\":\"WebSite\",\"@id\":\"https:\/\/expo-billviola.be\/#website\",\"url\":\"https:\/\/expo-billviola.be\/\",\"name\":\"Expo Bill Viola\",\"description\":\"Sculptor of Time\",\"publisher\":{\"@id\":\"https:\/\/expo-billviola.be\/#organization\"},\"potentialAction\":[{\"@type\":\"SearchAction\",\"target\":{\"@type\":\"EntryPoint\",\"urlTemplate\":\"https:\/\/expo-billviola.be\/?s={search_term_string}\"},\"query-input\":\"required name=search_term_string\"}],\"inLanguage\":\"en-US\"},{\"@type\":\"Organization\",\"@id\":\"https:\/\/expo-billviola.be\/#organization\",\"name\":\"Expo Bill Viola\",\"url\":\"https:\/\/expo-billviola.be\/\",\"logo\":{\"@type\":\"ImageObject\",\"inLanguage\":\"en-US\",\"@id\":\"https:\/\/expo-billviola.be\/#\/schema\/logo\/image\/\",\"url\":\"https:\/\/expo-billviola.be\/wp-content\/uploads\/2023\/07\/cropped-Logo_BILL-VIOLA_Y.png\",\"contentUrl\":\"https:\/\/expo-billviola.be\/wp-content\/uploads\/2023\/07\/cropped-Logo_BILL-VIOLA_Y.png\",\"width\":200,\"height\":125,\"caption\":\"Expo Bill Viola\"},\"image\":{\"@id\":\"https:\/\/expo-billviola.be\/#\/schema\/logo\/image\/\"}}]}<\/script>\n<!-- \/ Yoast SEO plugin. -->","yoast_head_json":{"title":"Conditions g\u00e9n\u00e9rales de vente - Expo Bill Viola","robots":{"index":"index","follow":"follow","max-snippet":"max-snippet:-1","max-image-preview":"max-image-preview:large","max-video-preview":"max-video-preview:-1"},"canonical":"https:\/\/expo-billviola.be\/en\/conditions-generales-de-vente\/","og_locale":"en_US","og_type":"article","og_title":"Conditions g\u00e9n\u00e9rales de vente - Expo Bill Viola","og_description":"Conditions g\u00e9n\u00e9rales de vente 1.\u00a0 \u00a0 \u00a0Ventes en ligne L\u2019exposition \u00ab Bill Viola. Sculptor of Time \u00bb ouvre ses portes le 21 octobre 2023. Elle est pr\u00e9sent\u00e9e \u00e0 La Boverie (Li\u00e8ge) par la soci\u00e9t\u00e9 Tempora s.a. (Tempora). 2.\u00a0 \u00a0 \u00a0Application des conditions g\u00e9n\u00e9rales\u00a0 Les conventions entre l\u2019acheteur et Tempora s.a. sont int\u00e9gralement et exclusivement r\u00e9gies&hellip;&nbsp;Read More &raquo;Conditions g\u00e9n\u00e9rales de vente","og_url":"https:\/\/expo-billviola.be\/en\/conditions-generales-de-vente\/","og_site_name":"Expo Bill Viola","article_modified_time":"2023-08-02T16:04:13+00:00","twitter_card":"summary_large_image","twitter_misc":{"Est. reading time":"4 minutes"},"schema":{"@context":"https:\/\/schema.org","@graph":[{"@type":"WebPage","@id":"https:\/\/expo-billviola.be\/conditions-generales-de-vente\/","url":"https:\/\/expo-billviola.be\/conditions-generales-de-vente\/","name":"Conditions g\u00e9n\u00e9rales de vente - Expo Bill Viola","isPartOf":{"@id":"https:\/\/expo-billviola.be\/#website"},"datePublished":"2023-08-02T14:38:56+00:00","dateModified":"2023-08-02T16:04:13+00:00","breadcrumb":{"@id":"https:\/\/expo-billviola.be\/conditions-generales-de-vente\/#breadcrumb"},"inLanguage":"en-US","potentialAction":[{"@type":"ReadAction","target":["https:\/\/expo-billviola.be\/conditions-generales-de-vente\/"]}]},{"@type":"BreadcrumbList","@id":"https:\/\/expo-billviola.be\/conditions-generales-de-vente\/#breadcrumb","itemListElement":[{"@type":"ListItem","position":1,"name":"Accueil","item":"https:\/\/expo-billviola.be\/"},{"@type":"ListItem","position":2,"name":"Conditions g\u00e9n\u00e9rales de vente"}]},{"@type":"WebSite","@id":"https:\/\/expo-billviola.be\/#website","url":"https:\/\/expo-billviola.be\/","name":"Expo Bill Viola","description":"Sculptor of Time","publisher":{"@id":"https:\/\/expo-billviola.be\/#organization"},"potentialAction":[{"@type":"SearchAction","target":{"@type":"EntryPoint","urlTemplate":"https:\/\/expo-billviola.be\/?s={search_term_string}"},"query-input":"required name=search_term_string"}],"inLanguage":"en-US"},{"@type":"Organization","@id":"https:\/\/expo-billviola.be\/#organization","name":"Expo Bill Viola","url":"https:\/\/expo-billviola.be\/","logo":{"@type":"ImageObject","inLanguage":"en-US","@id":"https:\/\/expo-billviola.be\/#\/schema\/logo\/image\/","url":"https:\/\/expo-billviola.be\/wp-content\/uploads\/2023\/07\/cropped-Logo_BILL-VIOLA_Y.png","contentUrl":"https:\/\/expo-billviola.be\/wp-content\/uploads\/2023\/07\/cropped-Logo_BILL-VIOLA_Y.png","width":200,"height":125,"caption":"Expo Bill Viola"},"image":{"@id":"https:\/\/expo-billviola.be\/#\/schema\/logo\/image\/"}}]}},"_links":{"self":[{"href":"https:\/\/expo-billviola.be\/en\/wp-json\/wp\/v2\/pages\/1039","targetHints":{"allow":["GET"]}}],"collection":[{"href":"https:\/\/expo-billviola.be\/en\/wp-json\/wp\/v2\/pages"}],"about":[{"href":"https:\/\/expo-billviola.be\/en\/wp-json\/wp\/v2\/types\/page"}],"author":[{"embeddable":true,"href":"https:\/\/expo-billviola.be\/en\/wp-json\/wp\/v2\/users\/4"}],"replies":[{"embeddable":true,"href":"https:\/\/expo-billviola.be\/en\/wp-json\/wp\/v2\/comments?post=1039"}],"version-history":[{"count":10,"href":"https:\/\/expo-billviola.be\/en\/wp-json\/wp\/v2\/pages\/1039\/revisions"}],"predecessor-version":[{"id":1060,"href":"https:\/\/expo-billviola.be\/en\/wp-json\/wp\/v2\/pages\/1039\/revisions\/1060"}],"wp:attachment":[{"href":"https:\/\/expo-billviola.be\/en\/wp-json\/wp\/v2\/media?parent=1039"}],"curies":[{"name":"wp","href":"https:\/\/api.w.org\/{rel}","templated":true}]}}