{"id":1055,"date":"2023-08-02T18:00:37","date_gmt":"2023-08-02T16:00:37","guid":{"rendered":"https:\/\/expo-billviola.be\/?page_id=1055"},"modified":"2023-08-02T18:19:39","modified_gmt":"2023-08-02T16:19:39","slug":"police-relative-aux-cookies","status":"publish","type":"page","link":"https:\/\/expo-billviola.be\/en\/police-relative-aux-cookies\/","title":{"rendered":"Cookies policy"},"content":{"rendered":"<div data-elementor-type=\"wp-page\" data-elementor-id=\"1055\" class=\"elementor elementor-1055\" data-elementor-post-type=\"page\">\n\t\t\t\t\t\t<section class=\"elementor-section elementor-top-section elementor-element elementor-element-c7abed3 elementor-section-full_width elementor-section-height-default elementor-section-height-default\" data-id=\"c7abed3\" data-element_type=\"section\" data-settings=\"{&quot;background_background&quot;:&quot;classic&quot;}\">\n\t\t\t\t\t\t<div class=\"elementor-container elementor-column-gap-default\">\n\t\t\t\t\t<div class=\"elementor-column elementor-col-100 elementor-top-column elementor-element elementor-element-1d192c3\" data-id=\"1d192c3\" data-element_type=\"column\" data-settings=\"{&quot;background_background&quot;:&quot;classic&quot;}\">\n\t\t\t<div class=\"elementor-widget-wrap elementor-element-populated\">\n\t\t\t\t\t\t<div class=\"elementor-element elementor-element-f162505 elementor-widget elementor-widget-heading\" data-id=\"f162505\" data-element_type=\"widget\" data-widget_type=\"heading.default\">\n\t\t\t\t<div class=\"elementor-widget-container\">\n\t\t\t<style>\/*! elementor - v3.21.0 - 25-04-2024 *\/\n.elementor-heading-title{padding:0;margin:0;line-height:1}.elementor-widget-heading .elementor-heading-title[class*=elementor-size-]>a{color:inherit;font-size:inherit;line-height:inherit}.elementor-widget-heading .elementor-heading-title.elementor-size-small{font-size:15px}.elementor-widget-heading .elementor-heading-title.elementor-size-medium{font-size:19px}.elementor-widget-heading .elementor-heading-title.elementor-size-large{font-size:29px}.elementor-widget-heading .elementor-heading-title.elementor-size-xl{font-size:39px}.elementor-widget-heading .elementor-heading-title.elementor-size-xxl{font-size:59px}<\/style><h1 class=\"elementor-heading-title elementor-size-default\">Policy on cookies and other tracking technologies<\/h1>\t\t<\/div>\n\t\t\t\t<\/div>\n\t\t\t\t<div class=\"elementor-element elementor-element-a5e0849 elementor-widget elementor-widget-text-editor\" data-id=\"a5e0849\" data-element_type=\"widget\" data-widget_type=\"text-editor.default\">\n\t\t\t\t<div class=\"elementor-widget-container\">\n\t\t\t<style>\/*! elementor - v3.21.0 - 25-04-2024 *\/\n.elementor-widget-text-editor.elementor-drop-cap-view-stacked .elementor-drop-cap{background-color:#69727d;color:#fff}.elementor-widget-text-editor.elementor-drop-cap-view-framed .elementor-drop-cap{color:#69727d;border:3px solid;background-color:transparent}.elementor-widget-text-editor:not(.elementor-drop-cap-view-default) .elementor-drop-cap{margin-top:8px}.elementor-widget-text-editor:not(.elementor-drop-cap-view-default) .elementor-drop-cap-letter{width:1em;height:1em}.elementor-widget-text-editor .elementor-drop-cap{float:left;text-align:center;line-height:1;font-size:50px}.elementor-widget-text-editor .elementor-drop-cap-letter{display:inline-block}<\/style>\t\t\t\t<h1><span style=\"color: #ffe8c7;\">1. Introduction<\/span><\/h1><p>Tempora uses cookies on the www.expo-billviola.be domain so users can use the website, by enabling basic functionality such as page navigation and access to secure areas of the website. We also use analytics and ad tracking cookies. Please review our cookie policy.<\/p><h1><span style=\"color: #ffe8c7;\">2. What is a cookie?<\/span><\/h1><p>A \u2018cookie\u2019 is a small text file that is saved on the user\u2019s device when you browse the internet.<\/p><p>The term \u2018cookie\u2019 is to be considered in the broadest possible sense and covers all cookies or tracking technologies saved and\/or read, for example, when consulting a website, reading an e-mail, installing or using software or a mobile application.<\/p><p>This applies to all users, regardless of the device they use: computers, smartphones, digital tablets, video game consoles, and so on.<\/p><p>A \u2018cookie\u2019 is saved on the peripheral by the internet user\u2019s browser when he\/she first visits the website. It can then be retrieved during subsequent visits to the same website. The information contained in the cookie and retrieved during subsequent visits will be sent back to the website that generated the cookie, i.e., either to a web page that the user is on (own cookie) or to a web page of a third party (third-party cookie).<\/p><h1><span style=\"color: #ffe8c7;\">3.\u00a0 \u00a0 What are cookies and why do we use them?<\/span><\/h1><p>Cookies can be used, for example, to reload pages and recognise a returning visitor and their preferred page layout (language, font size, etc.). They can also make the user experience more enjoyable by remembering the user\u2019s preferences.<\/p><p>There are several types of cookies. Some require user consent while others have other finalities.<\/p><p>This site uses:<\/p><p><span style=\"text-decoration: underline;\"><strong>Technical cookies:<\/strong><\/span><\/p><p>These are cookies that allow a user to browse a website and use the different services on it. These technical components cannot be disabled or configured. Otherwise you will not be able to access the site and\/or the services thereon. These cookies do not require user consent.<\/p><p><span style=\"text-decoration: underline;\"><strong>Preference cookies:<\/strong><\/span><\/p><p>Preference cookies allow a website to remember information that changes the way the site behaves or is displayed, such as your preferred language.<\/p><p>These cookies are activated as soon as a web page is displayed or a specific action is performed.<\/p><p><span style=\"text-decoration: underline;\"><strong>Analytics cookies:<\/strong><\/span><\/p><p>These cookies allow the person or entity responsible for the website to understand the behaviour of users of the website.<\/p><p><span style=\"text-decoration: underline;\"><strong>Advertising\/tracking cookies<\/strong><\/span><\/p><p>Advertising cookies are used to track users as they browse the web. The purpose of these cookies is to optimize relevant ads based on the user\u2019s profile\/preferences.<\/p><h2><span style=\"color: #ffe8c7;\">4.\u00a0 Your cookie choices<\/span><\/h2><p>To view all cookies are stored on your device or delete them, go to your browser settings. You can find more information on how to do this at the links below.<\/p><h3>4.1. Refuse cookies in your browser:<\/h3><p>Non-exhaustive list:<\/p><ul><li>Edge: https:\/\/support.microsoft.com\/en-us\/microsoft-edge\/delete-cookies-in-microsoft-edge-63947406-40ac-c3b8-57b9-2a946a29ae09<\/li><li>Mozilla Firefox: https:\/\/support.mozilla.org\/en-US\/kb\/clear-cookies-and-site-data-firefox<\/li><li>Safari : https:\/\/support.apple.com\/guide\/safari\/manage-cookies-and-website-data-sfri11471\/mac<\/li><li>Google Chrome: https:\/\/support.google.com\/chrome\/answer\/95647?hl=en&amp;co=GENIE.PlatformDesktop<\/li><\/ul><p>Disabling cookies may limit the user\u2019s browsing experience on the website to the basic functionality and some of the pages may not work as a result.<\/p><h3>4.2. Refuse to be tracked<\/h3><p>The browser can be configured to send a code indicating to websites that the user refuses to be tracked. \u2018Do No Track\u2019 option).<\/p><p>Mobile devices may also allow you to \u2018limit ad tracking\u2019 (iOS) or may have a \u2018do not track\u2019 (Android) setting.<\/p><h3>4.3. Changing your consent<\/h3><p>If you change your consent, we will no longer use cookies, but these are not deleted automatically.<\/p><p>Please clear any unwanted cookies through your browser settings (see point 1 of this chapter).<\/p><h2><span style=\"color: #ffe8c7;\">5. Personal data and privacy<\/span><\/h2><p>This cookie policy may be adapted to reflect any changes. The date at the bottom of this document indicates when it was last updated.<\/p><p>If we want to use cookies for which you have given us your consent for other purposes, we will ask your consent again.<\/p><p>Users are advised to read the privacy policy or contact Company at the following address with regard to any other questions they may have about the collection and management of personal data: privacy@tempora.be<\/p><p>In France, for any additional information on cookies, users can refer to the website of the CNIL, Commission nationale de l'informatique et des libert\u00e9s (https:\/\/www.cnil.fr\/) or send an enquiry to: 3 Place Fontenoy,TSA 80715, 75334 PARIS CEDEX 07, France.<\/p><p>In Belgium, for any additional information on cookies, users can refer to the website of the Data Protection Authority ( https:\/\/www.dataprotectionauthority.be ) or send an enquiry to: Rue de la Presse, 35, 1000 Brussels, Belgium.<\/p>\t\t\t\t\t\t<\/div>\n\t\t\t\t<\/div>\n\t\t\t\t\t<\/div>\n\t\t<\/div>\n\t\t\t\t\t<\/div>\n\t\t<\/section>\n\t\t\t\t<\/div>","protected":false},"excerpt":{"rendered":"<p>Police relative aux cookies et autres traceurs 1.\u00a0 \u00a0 \u00a0Introduction Tempora utilise des cookies sur le domaine www.expo-billviola.be afin de rendre un site web utilisable en activant des fonctions de base comme la navigation de page et l&rsquo;acc\u00e8s aux zones s\u00e9curis\u00e9es du site web. Nous utilisons \u00e9galement des cookies d\u2019analyses et de suivi publicitaires. Nous&hellip;&nbsp;<a href=\"https:\/\/expo-billviola.be\/en\/police-relative-aux-cookies\/\" class=\"\" rel=\"bookmark\">Read More &raquo;<span class=\"screen-reader-text\">Cookies policy<\/span><\/a><\/p>","protected":false},"author":4,"featured_media":0,"parent":0,"menu_order":0,"comment_status":"closed","ping_status":"closed","template":"page-templates\/template-pagebuilder-full-width.php","meta":{"neve_meta_sidebar":"","neve_meta_container":"","neve_meta_enable_content_width":"","neve_meta_content_width":0,"neve_meta_title_alignment":"","neve_meta_author_avatar":"","neve_post_elements_order":"","neve_meta_disable_header":"","neve_meta_disable_footer":"","neve_meta_disable_title":"","footnotes":""},"class_list":["post-1055","page","type-page","status-publish","hentry"],"yoast_head":"<!-- This site is optimized with the Yoast SEO plugin v22.5 - https:\/\/yoast.com\/wordpress\/plugins\/seo\/ -->\n<title>Police relative aux cookies - Expo Bill Viola<\/title>\n<meta name=\"robots\" content=\"index, follow, max-snippet:-1, max-image-preview:large, max-video-preview:-1\" \/>\n<link rel=\"canonical\" href=\"https:\/\/expo-billviola.be\/en\/police-relative-aux-cookies\/\" \/>\n<meta property=\"og:locale\" content=\"en_US\" \/>\n<meta property=\"og:type\" content=\"article\" \/>\n<meta property=\"og:title\" content=\"Police relative aux cookies - Expo Bill Viola\" \/>\n<meta property=\"og:description\" content=\"Police relative aux cookies et autres traceurs 1.\u00a0 \u00a0 \u00a0Introduction Tempora utilise des cookies sur le domaine www.expo-billviola.be afin de rendre un site web utilisable en activant des fonctions de base comme la navigation de page et l&rsquo;acc\u00e8s aux zones s\u00e9curis\u00e9es du site web. Nous utilisons \u00e9galement des cookies d\u2019analyses et de suivi publicitaires. Nous&hellip;&nbsp;Read More &raquo;Police relative aux cookies\" \/>\n<meta property=\"og:url\" content=\"https:\/\/expo-billviola.be\/en\/police-relative-aux-cookies\/\" \/>\n<meta property=\"og:site_name\" content=\"Expo Bill Viola\" \/>\n<meta property=\"article:modified_time\" content=\"2023-08-02T16:19:39+00:00\" \/>\n<meta name=\"twitter:card\" content=\"summary_large_image\" \/>\n<meta name=\"twitter:label1\" content=\"Est. reading time\" \/>\n\t<meta name=\"twitter:data1\" content=\"1 minute\" \/>\n<script type=\"application\/ld+json\" class=\"yoast-schema-graph\">{\"@context\":\"https:\/\/schema.org\",\"@graph\":[{\"@type\":\"WebPage\",\"@id\":\"https:\/\/expo-billviola.be\/police-relative-aux-cookies\/\",\"url\":\"https:\/\/expo-billviola.be\/police-relative-aux-cookies\/\",\"name\":\"Police relative aux cookies - Expo Bill Viola\",\"isPartOf\":{\"@id\":\"https:\/\/expo-billviola.be\/#website\"},\"datePublished\":\"2023-08-02T16:00:37+00:00\",\"dateModified\":\"2023-08-02T16:19:39+00:00\",\"breadcrumb\":{\"@id\":\"https:\/\/expo-billviola.be\/police-relative-aux-cookies\/#breadcrumb\"},\"inLanguage\":\"en-US\",\"potentialAction\":[{\"@type\":\"ReadAction\",\"target\":[\"https:\/\/expo-billviola.be\/police-relative-aux-cookies\/\"]}]},{\"@type\":\"BreadcrumbList\",\"@id\":\"https:\/\/expo-billviola.be\/police-relative-aux-cookies\/#breadcrumb\",\"itemListElement\":[{\"@type\":\"ListItem\",\"position\":1,\"name\":\"Accueil\",\"item\":\"https:\/\/expo-billviola.be\/\"},{\"@type\":\"ListItem\",\"position\":2,\"name\":\"Police relative aux cookies\"}]},{\"@type\":\"WebSite\",\"@id\":\"https:\/\/expo-billviola.be\/#website\",\"url\":\"https:\/\/expo-billviola.be\/\",\"name\":\"Expo Bill Viola\",\"description\":\"Sculptor of Time\",\"publisher\":{\"@id\":\"https:\/\/expo-billviola.be\/#organization\"},\"potentialAction\":[{\"@type\":\"SearchAction\",\"target\":{\"@type\":\"EntryPoint\",\"urlTemplate\":\"https:\/\/expo-billviola.be\/?s={search_term_string}\"},\"query-input\":\"required name=search_term_string\"}],\"inLanguage\":\"en-US\"},{\"@type\":\"Organization\",\"@id\":\"https:\/\/expo-billviola.be\/#organization\",\"name\":\"Expo Bill Viola\",\"url\":\"https:\/\/expo-billviola.be\/\",\"logo\":{\"@type\":\"ImageObject\",\"inLanguage\":\"en-US\",\"@id\":\"https:\/\/expo-billviola.be\/#\/schema\/logo\/image\/\",\"url\":\"https:\/\/expo-billviola.be\/wp-content\/uploads\/2023\/07\/cropped-Logo_BILL-VIOLA_Y.png\",\"contentUrl\":\"https:\/\/expo-billviola.be\/wp-content\/uploads\/2023\/07\/cropped-Logo_BILL-VIOLA_Y.png\",\"width\":200,\"height\":125,\"caption\":\"Expo Bill Viola\"},\"image\":{\"@id\":\"https:\/\/expo-billviola.be\/#\/schema\/logo\/image\/\"}}]}<\/script>\n<!-- \/ Yoast SEO plugin. -->","yoast_head_json":{"title":"Police relative aux cookies - Expo Bill Viola","robots":{"index":"index","follow":"follow","max-snippet":"max-snippet:-1","max-image-preview":"max-image-preview:large","max-video-preview":"max-video-preview:-1"},"canonical":"https:\/\/expo-billviola.be\/en\/police-relative-aux-cookies\/","og_locale":"en_US","og_type":"article","og_title":"Police relative aux cookies - Expo Bill Viola","og_description":"Police relative aux cookies et autres traceurs 1.\u00a0 \u00a0 \u00a0Introduction Tempora utilise des cookies sur le domaine www.expo-billviola.be afin de rendre un site web utilisable en activant des fonctions de base comme la navigation de page et l&rsquo;acc\u00e8s aux zones s\u00e9curis\u00e9es du site web. Nous utilisons \u00e9galement des cookies d\u2019analyses et de suivi publicitaires. Nous&hellip;&nbsp;Read More &raquo;Police relative aux cookies","og_url":"https:\/\/expo-billviola.be\/en\/police-relative-aux-cookies\/","og_site_name":"Expo Bill Viola","article_modified_time":"2023-08-02T16:19:39+00:00","twitter_card":"summary_large_image","twitter_misc":{"Est. reading time":"1 minute"},"schema":{"@context":"https:\/\/schema.org","@graph":[{"@type":"WebPage","@id":"https:\/\/expo-billviola.be\/police-relative-aux-cookies\/","url":"https:\/\/expo-billviola.be\/police-relative-aux-cookies\/","name":"Police relative aux cookies - Expo Bill Viola","isPartOf":{"@id":"https:\/\/expo-billviola.be\/#website"},"datePublished":"2023-08-02T16:00:37+00:00","dateModified":"2023-08-02T16:19:39+00:00","breadcrumb":{"@id":"https:\/\/expo-billviola.be\/police-relative-aux-cookies\/#breadcrumb"},"inLanguage":"en-US","potentialAction":[{"@type":"ReadAction","target":["https:\/\/expo-billviola.be\/police-relative-aux-cookies\/"]}]},{"@type":"BreadcrumbList","@id":"https:\/\/expo-billviola.be\/police-relative-aux-cookies\/#breadcrumb","itemListElement":[{"@type":"ListItem","position":1,"name":"Accueil","item":"https:\/\/expo-billviola.be\/"},{"@type":"ListItem","position":2,"name":"Police relative aux cookies"}]},{"@type":"WebSite","@id":"https:\/\/expo-billviola.be\/#website","url":"https:\/\/expo-billviola.be\/","name":"Expo Bill Viola","description":"Sculptor of Time","publisher":{"@id":"https:\/\/expo-billviola.be\/#organization"},"potentialAction":[{"@type":"SearchAction","target":{"@type":"EntryPoint","urlTemplate":"https:\/\/expo-billviola.be\/?s={search_term_string}"},"query-input":"required name=search_term_string"}],"inLanguage":"en-US"},{"@type":"Organization","@id":"https:\/\/expo-billviola.be\/#organization","name":"Expo Bill Viola","url":"https:\/\/expo-billviola.be\/","logo":{"@type":"ImageObject","inLanguage":"en-US","@id":"https:\/\/expo-billviola.be\/#\/schema\/logo\/image\/","url":"https:\/\/expo-billviola.be\/wp-content\/uploads\/2023\/07\/cropped-Logo_BILL-VIOLA_Y.png","contentUrl":"https:\/\/expo-billviola.be\/wp-content\/uploads\/2023\/07\/cropped-Logo_BILL-VIOLA_Y.png","width":200,"height":125,"caption":"Expo Bill Viola"},"image":{"@id":"https:\/\/expo-billviola.be\/#\/schema\/logo\/image\/"}}]}},"_links":{"self":[{"href":"https:\/\/expo-billviola.be\/en\/wp-json\/wp\/v2\/pages\/1055","targetHints":{"allow":["GET"]}}],"collection":[{"href":"https:\/\/expo-billviola.be\/en\/wp-json\/wp\/v2\/pages"}],"about":[{"href":"https:\/\/expo-billviola.be\/en\/wp-json\/wp\/v2\/types\/page"}],"author":[{"embeddable":true,"href":"https:\/\/expo-billviola.be\/en\/wp-json\/wp\/v2\/users\/4"}],"replies":[{"embeddable":true,"href":"https:\/\/expo-billviola.be\/en\/wp-json\/wp\/v2\/comments?post=1055"}],"version-history":[{"count":10,"href":"https:\/\/expo-billviola.be\/en\/wp-json\/wp\/v2\/pages\/1055\/revisions"}],"predecessor-version":[{"id":1076,"href":"https:\/\/expo-billviola.be\/en\/wp-json\/wp\/v2\/pages\/1055\/revisions\/1076"}],"wp:attachment":[{"href":"https:\/\/expo-billviola.be\/en\/wp-json\/wp\/v2\/media?parent=1055"}],"curies":[{"name":"wp","href":"https:\/\/api.w.org\/{rel}","templated":true}]}}