{"id":1242,"date":"2023-08-28T17:17:06","date_gmt":"2023-08-28T15:17:06","guid":{"rendered":"https:\/\/expo-billviola.be\/?page_id=1242"},"modified":"2024-03-15T14:09:30","modified_gmt":"2024-03-15T13:09:30","slug":"vernissage2","status":"publish","type":"page","link":"https:\/\/expo-billviola.be\/en\/vernissage2\/","title":{"rendered":"Inscription vernissage"},"content":{"rendered":"<div data-elementor-type=\"wp-page\" data-elementor-id=\"1242\" class=\"elementor elementor-1242\" data-elementor-post-type=\"page\">\n\t\t\t\t\t\t<section class=\"elementor-section elementor-top-section elementor-element elementor-element-8313c21 elementor-section-boxed elementor-section-height-default elementor-section-height-default\" data-id=\"8313c21\" data-element_type=\"section\">\n\t\t\t\t\t\t<div class=\"elementor-container elementor-column-gap-default\">\n\t\t\t\t\t<div class=\"elementor-column elementor-col-100 elementor-top-column elementor-element elementor-element-c55c722\" data-id=\"c55c722\" data-element_type=\"column\">\n\t\t\t<div class=\"elementor-widget-wrap elementor-element-populated\">\n\t\t\t\t\t\t<div class=\"elementor-element elementor-element-d90aad7 elementor-widget elementor-widget-html\" data-id=\"d90aad7\" data-element_type=\"widget\" data-widget_type=\"html.default\">\n\t\t\t\t<div class=\"elementor-widget-container\">\n\t\t\t  <script src=\"https:\/\/widget.enviso.io\/loader.js\"><\/script>\r\n  <script>define(['https:\/\/widget.enviso.io\/build-ts\/components\/tickets\/enviso-ticket-widget-element.js']);<\/script>\r\n  <script>define(['https:\/\/widget.enviso.io\/build-ts\/components\/common\/enviso-style-element.js']);<\/script>\r\n  <script>\r\nenviso.settings.apiKey='BmO2ePW01Ealjuezc9kJ0Q==';\r\n    enviso.settings.salesPointId = '1797';\r\n    enviso.settings.language = 'fr';\r\n    enviso.settings.testPayment = false;\r\n    enviso.settings.sortByIncludeOfferIds = true;\r\n    \r\n\r\n    enviso.settings.translations = {\r\n      'fr': {\r\n        \"terms of agreement\": \"conditions g\u00e9n\u00e9rales de vente\",\r\n        \"I want to subscribe to the newsletter\": \"J'accepte de recevoir des communications commerciales de Tempora, soci\u00e9t\u00e9 gestionnaire du WOM\"\r\n      }\r\n    }\r\n  <\/script>\r\n\r\n  <enviso-style hidden>\r\n    \/* Basic setup *\/\r\n    :host {\r\n      --wom--vert: #78bc93;\r\n      --wom--orange: #e5753a;\r\n      --wom--rose: #e7afcf;\r\n      --wom--bleu: #30448b;\r\n      --wom--blanc: #ffffff;\r\n      --wom--noir: #000000;\r\n\r\n\r\n      --enviso-primary-color: var(--wom--bleu);\r\n      --enviso-secondary-color: var(--wom--orange);\r\n      font-family: \"Gotham Medium\", Sans-serif;\r\n      color: var(--wom--noir);\r\n    }\r\n\r\n    \/* Hide a few things *\/\r\n\r\n    .enviso-filters,\r\n    .enviso-ticket-widget-offer-name,\r\n    .enviso-amount-inner {\r\n      display: none;\r\n    }\r\n\r\n    enviso-ticket-item {\r\n    border-left-color: var(--wom--orange);\r\n    }\r\n\r\n    .enviso-info {\r\n      position:relative;\r\n    }\r\n\r\n    \/* Distinction between regular and group tickets with tweaks for mobile *\/\r\n    \r\n    enviso-ticket-item:nth-of-type(3), enviso-ticket-item:nth-of-type(4) {\r\n      margin-bottom: 4em;\r\n    }\r\n\r\n    @media (max-width: 700px) {\r\n      enviso-ticket-item:nth-of-type(3) {\r\n        margin-bottom: 1em;\r\n      }\r\n    }\r\n\r\n    \/* Center the picture for tickets' thumbs *\/\r\n\r\n    .enviso-basket-offer-image {\r\n      background-position: center center;\r\n    }\r\n\r\n    \/* Fix issues with payment confirmation text color *\/\r\n\r\n    enviso-payment {\r\n      color: var(--enviso-primary-color);\r\n    }\r\n\r\n    enviso-ticket-order-complete-step {\r\n      color: var(--enviso-primary-color);\r\n    }\r\n  <\/enviso-style>\r\n\r\n  <enviso-ticket-widget newsletter terms=\"https:\/\/worldofmind.be\/conditions-generales-de-vente\/\"\r\n  included-offer-ids=\"[10111]\" sort-by-include-offer-ids\r\n indicate-last-tickets last-tickets-percentage=\"25\"  show-prices>\r\n\r\n    <enviso-notice id=\"custom-late-booking-notice\" icon-name=\"clock\"\r\n      name=\"Vous avez s\u00e9lectionn\u00e9 l'un des derniers cr\u00e9neaux de visite de la journ\u00e9e.\" slot=\"above-basket-items\">\r\n      Veillez \u00e0 arriver au d\u00e9but du cr\u00e9neau choisi afin de terminer votre visite avant l'heure de fermeture du lieu\r\n      d'exposition.\r\n    <\/enviso-notice>\r\n  <\/enviso-ticket-widget>\r\n\r\n  <script>\r\n    \/* -----------------------------------------------------------------------------------------------\r\n    \r\n       This script toggles a notice if customer books slots close to the end of the exhibition\r\n    \r\n    ------------------------------------------------------------------------------------------------ *\/\r\n\r\n    const cutoffs = [\r\n      '15:30', \/\/ lundi\r\n      '15:30', \/\/ mardi\r\n      '15:30', \/\/ mercredi \r\n      '15:30', \/\/ jeudi\r\n      '15:30', \/\/ vendredi\r\n      '15:30', \/\/ samedi\r\n      '15:30', \/\/ dimanche\r\n    ]\r\n\r\n    function hasEmptyBasket() {\r\n      return !!enviso.basket && enviso.basket.getBasketItemsArray().length === 0;\r\n    }\r\n\r\n    function isAfterCutoff() {\r\n      let isAfter = false;\r\n\r\n      enviso.basket.getBasketItemsArray().forEach(item => {\r\n        console.log('checking after hours', item.visitDate.getDay(), item.visitDate.getHours(), item.visitDate.getMinutes());\r\n\r\n        const dayIndex = item.visitDate.getDay() > 0 ? item.visitDate.getDay() - 1 : 6;\r\n\r\n        const cutoff = cutoffs[dayIndex];\r\n        const cutoffHours = cutoff.split(':')[0];\r\n        const cutoffMinutes = cutoff.split(':')[1];\r\n\r\n        if (item.visitDate.getHours() > cutoffHours) {\r\n          isAfter = true;\r\n        } else if (item.visitDate.getHours() == cutoffHours && item.visitDate.getMinutes() >= cutoffMinutes) {\r\n          isAfter = true;\r\n        }\r\n      });\r\n      console.log(\"isAfter?\", isAfter);\r\n      return isAfter;\r\n    }\r\n\r\n    function showLateNotice() {\r\n      console.log(\"showing late notice\");\r\n      document.querySelector(\"#custom-late-booking-notice\").style.display = 'block';\r\n    }\r\n\r\n    function hideLateNotice() {\r\n      console.log(\"hiding late notice\");\r\n      document.querySelector(\"#custom-late-booking-notice\").style.display = 'none';\r\n    }\r\n\r\n    hideLateNotice();\r\n\r\n    document.addEventListener('step-changed', function (e) {\r\n      console.log('step-changed event fired', e)\r\n      \/\/ check the step in which the widget currently is; show the dialog only if the checkout has been clicked\r\n      \/\/ and the enviso-basket-my-info is on the page\r\n      hideLateNotice();\r\n\r\n      let inCheckout = e.detail.activeStep.querySelector(\"enviso-basket-my-info\");\r\n      if (inCheckout == null) {\r\n        if (!hasEmptyBasket() && isAfterCutoff()) {\r\n          showLateNotice()\r\n        }\r\n      }\r\n    });\r\n\r\n  <\/script>\t\t<\/div>\n\t\t\t\t<\/div>\n\t\t\t\t\t<\/div>\n\t\t<\/div>\n\t\t\t\t\t<\/div>\n\t\t<\/section>\n\t\t\t\t<\/div>","protected":false},"excerpt":{"rendered":"<p>\/* Basic setup *\/ :host { &#8211;wom&#8211;vert: #78bc93; &#8211;wom&#8211;orange: #e5753a; &#8211;wom&#8211;rose: #e7afcf; &#8211;wom&#8211;bleu: #30448b; &#8211;wom&#8211;blanc: #ffffff; &#8211;wom&#8211;noir: #000000; &#8211;enviso-primary-color: var(&#8211;wom&#8211;bleu); &#8211;enviso-secondary-color: var(&#8211;wom&#8211;orange); font-family: \u00ab\u00a0Gotham Medium\u00a0\u00bb, Sans-serif; color: var(&#8211;wom&#8211;noir); } \/* Hide a few things *\/ .enviso-filters, .enviso-ticket-widget-offer-name, .enviso-amount-inner { display: none; } enviso-ticket-item { border-left-color: var(&#8211;wom&#8211;orange); } .enviso-info { position:relative; } \/* Distinction between regular&hellip;&nbsp;<a href=\"https:\/\/expo-billviola.be\/en\/vernissage2\/\" class=\"\" rel=\"bookmark\">Read More &raquo;<span class=\"screen-reader-text\">Inscription vernissage<\/span><\/a><\/p>","protected":false},"author":4,"featured_media":0,"parent":0,"menu_order":0,"comment_status":"closed","ping_status":"closed","template":"page-templates\/template-pagebuilder-full-width.php","meta":{"neve_meta_sidebar":"","neve_meta_container":"","neve_meta_enable_content_width":"","neve_meta_content_width":0,"neve_meta_title_alignment":"","neve_meta_author_avatar":"","neve_post_elements_order":"","neve_meta_disable_header":"","neve_meta_disable_footer":"","neve_meta_disable_title":"","footnotes":""},"class_list":["post-1242","page","type-page","status-publish","hentry"],"yoast_head":"<!-- This site is optimized with the Yoast SEO plugin v22.5 - https:\/\/yoast.com\/wordpress\/plugins\/seo\/ -->\n<title>Inscription vernissage - Expo Bill Viola<\/title>\n<meta name=\"robots\" content=\"index, follow, max-snippet:-1, max-image-preview:large, max-video-preview:-1\" \/>\n<link rel=\"canonical\" href=\"https:\/\/expo-billviola.be\/en\/vernissage2\/\" \/>\n<meta property=\"og:locale\" content=\"en_US\" \/>\n<meta property=\"og:type\" content=\"article\" \/>\n<meta property=\"og:title\" content=\"Inscription vernissage - Expo Bill Viola\" \/>\n<meta property=\"og:description\" content=\"\/* Basic setup *\/ :host { &#8211;wom&#8211;vert: #78bc93; &#8211;wom&#8211;orange: #e5753a; &#8211;wom&#8211;rose: #e7afcf; &#8211;wom&#8211;bleu: #30448b; &#8211;wom&#8211;blanc: #ffffff; &#8211;wom&#8211;noir: #000000; &#8211;enviso-primary-color: var(&#8211;wom&#8211;bleu); &#8211;enviso-secondary-color: var(&#8211;wom&#8211;orange); font-family: \u00ab\u00a0Gotham Medium\u00a0\u00bb, Sans-serif; color: var(&#8211;wom&#8211;noir); } \/* Hide a few things *\/ .enviso-filters, .enviso-ticket-widget-offer-name, .enviso-amount-inner { display: none; } enviso-ticket-item { border-left-color: var(&#8211;wom&#8211;orange); } .enviso-info { position:relative; } \/* Distinction between regular&hellip;&nbsp;Read More &raquo;Inscription vernissage\" \/>\n<meta property=\"og:url\" content=\"https:\/\/expo-billviola.be\/en\/vernissage2\/\" \/>\n<meta property=\"og:site_name\" content=\"Expo Bill Viola\" \/>\n<meta property=\"article:modified_time\" content=\"2024-03-15T13:09:30+00:00\" \/>\n<meta name=\"twitter:card\" content=\"summary_large_image\" \/>\n<meta name=\"twitter:label1\" content=\"Est. reading time\" \/>\n\t<meta name=\"twitter:data1\" content=\"1 minute\" \/>\n<script type=\"application\/ld+json\" class=\"yoast-schema-graph\">{\"@context\":\"https:\/\/schema.org\",\"@graph\":[{\"@type\":\"WebPage\",\"@id\":\"https:\/\/expo-billviola.be\/vernissage2\/\",\"url\":\"https:\/\/expo-billviola.be\/vernissage2\/\",\"name\":\"Inscription vernissage - Expo Bill Viola\",\"isPartOf\":{\"@id\":\"https:\/\/expo-billviola.be\/#website\"},\"datePublished\":\"2023-08-28T15:17:06+00:00\",\"dateModified\":\"2024-03-15T13:09:30+00:00\",\"breadcrumb\":{\"@id\":\"https:\/\/expo-billviola.be\/vernissage2\/#breadcrumb\"},\"inLanguage\":\"en-US\",\"potentialAction\":[{\"@type\":\"ReadAction\",\"target\":[\"https:\/\/expo-billviola.be\/vernissage2\/\"]}]},{\"@type\":\"BreadcrumbList\",\"@id\":\"https:\/\/expo-billviola.be\/vernissage2\/#breadcrumb\",\"itemListElement\":[{\"@type\":\"ListItem\",\"position\":1,\"name\":\"Accueil\",\"item\":\"https:\/\/expo-billviola.be\/\"},{\"@type\":\"ListItem\",\"position\":2,\"name\":\"Inscription vernissage\"}]},{\"@type\":\"WebSite\",\"@id\":\"https:\/\/expo-billviola.be\/#website\",\"url\":\"https:\/\/expo-billviola.be\/\",\"name\":\"Expo Bill Viola\",\"description\":\"Sculptor of Time\",\"publisher\":{\"@id\":\"https:\/\/expo-billviola.be\/#organization\"},\"potentialAction\":[{\"@type\":\"SearchAction\",\"target\":{\"@type\":\"EntryPoint\",\"urlTemplate\":\"https:\/\/expo-billviola.be\/?s={search_term_string}\"},\"query-input\":\"required name=search_term_string\"}],\"inLanguage\":\"en-US\"},{\"@type\":\"Organization\",\"@id\":\"https:\/\/expo-billviola.be\/#organization\",\"name\":\"Expo Bill Viola\",\"url\":\"https:\/\/expo-billviola.be\/\",\"logo\":{\"@type\":\"ImageObject\",\"inLanguage\":\"en-US\",\"@id\":\"https:\/\/expo-billviola.be\/#\/schema\/logo\/image\/\",\"url\":\"https:\/\/expo-billviola.be\/wp-content\/uploads\/2023\/07\/cropped-Logo_BILL-VIOLA_Y.png\",\"contentUrl\":\"https:\/\/expo-billviola.be\/wp-content\/uploads\/2023\/07\/cropped-Logo_BILL-VIOLA_Y.png\",\"width\":200,\"height\":125,\"caption\":\"Expo Bill Viola\"},\"image\":{\"@id\":\"https:\/\/expo-billviola.be\/#\/schema\/logo\/image\/\"}}]}<\/script>\n<!-- \/ Yoast SEO plugin. -->","yoast_head_json":{"title":"Inscription vernissage - Expo Bill Viola","robots":{"index":"index","follow":"follow","max-snippet":"max-snippet:-1","max-image-preview":"max-image-preview:large","max-video-preview":"max-video-preview:-1"},"canonical":"https:\/\/expo-billviola.be\/en\/vernissage2\/","og_locale":"en_US","og_type":"article","og_title":"Inscription vernissage - Expo Bill Viola","og_description":"\/* Basic setup *\/ :host { &#8211;wom&#8211;vert: #78bc93; &#8211;wom&#8211;orange: #e5753a; &#8211;wom&#8211;rose: #e7afcf; &#8211;wom&#8211;bleu: #30448b; &#8211;wom&#8211;blanc: #ffffff; &#8211;wom&#8211;noir: #000000; &#8211;enviso-primary-color: var(&#8211;wom&#8211;bleu); &#8211;enviso-secondary-color: var(&#8211;wom&#8211;orange); font-family: \u00ab\u00a0Gotham Medium\u00a0\u00bb, Sans-serif; color: var(&#8211;wom&#8211;noir); } \/* Hide a few things *\/ .enviso-filters, .enviso-ticket-widget-offer-name, .enviso-amount-inner { display: none; } enviso-ticket-item { border-left-color: var(&#8211;wom&#8211;orange); } .enviso-info { position:relative; } \/* Distinction between regular&hellip;&nbsp;Read More &raquo;Inscription vernissage","og_url":"https:\/\/expo-billviola.be\/en\/vernissage2\/","og_site_name":"Expo Bill Viola","article_modified_time":"2024-03-15T13:09:30+00:00","twitter_card":"summary_large_image","twitter_misc":{"Est. reading time":"1 minute"},"schema":{"@context":"https:\/\/schema.org","@graph":[{"@type":"WebPage","@id":"https:\/\/expo-billviola.be\/vernissage2\/","url":"https:\/\/expo-billviola.be\/vernissage2\/","name":"Inscription vernissage - Expo Bill Viola","isPartOf":{"@id":"https:\/\/expo-billviola.be\/#website"},"datePublished":"2023-08-28T15:17:06+00:00","dateModified":"2024-03-15T13:09:30+00:00","breadcrumb":{"@id":"https:\/\/expo-billviola.be\/vernissage2\/#breadcrumb"},"inLanguage":"en-US","potentialAction":[{"@type":"ReadAction","target":["https:\/\/expo-billviola.be\/vernissage2\/"]}]},{"@type":"BreadcrumbList","@id":"https:\/\/expo-billviola.be\/vernissage2\/#breadcrumb","itemListElement":[{"@type":"ListItem","position":1,"name":"Accueil","item":"https:\/\/expo-billviola.be\/"},{"@type":"ListItem","position":2,"name":"Inscription vernissage"}]},{"@type":"WebSite","@id":"https:\/\/expo-billviola.be\/#website","url":"https:\/\/expo-billviola.be\/","name":"Expo Bill Viola","description":"Sculptor of Time","publisher":{"@id":"https:\/\/expo-billviola.be\/#organization"},"potentialAction":[{"@type":"SearchAction","target":{"@type":"EntryPoint","urlTemplate":"https:\/\/expo-billviola.be\/?s={search_term_string}"},"query-input":"required name=search_term_string"}],"inLanguage":"en-US"},{"@type":"Organization","@id":"https:\/\/expo-billviola.be\/#organization","name":"Expo Bill Viola","url":"https:\/\/expo-billviola.be\/","logo":{"@type":"ImageObject","inLanguage":"en-US","@id":"https:\/\/expo-billviola.be\/#\/schema\/logo\/image\/","url":"https:\/\/expo-billviola.be\/wp-content\/uploads\/2023\/07\/cropped-Logo_BILL-VIOLA_Y.png","contentUrl":"https:\/\/expo-billviola.be\/wp-content\/uploads\/2023\/07\/cropped-Logo_BILL-VIOLA_Y.png","width":200,"height":125,"caption":"Expo Bill Viola"},"image":{"@id":"https:\/\/expo-billviola.be\/#\/schema\/logo\/image\/"}}]}},"_links":{"self":[{"href":"https:\/\/expo-billviola.be\/en\/wp-json\/wp\/v2\/pages\/1242","targetHints":{"allow":["GET"]}}],"collection":[{"href":"https:\/\/expo-billviola.be\/en\/wp-json\/wp\/v2\/pages"}],"about":[{"href":"https:\/\/expo-billviola.be\/en\/wp-json\/wp\/v2\/types\/page"}],"author":[{"embeddable":true,"href":"https:\/\/expo-billviola.be\/en\/wp-json\/wp\/v2\/users\/4"}],"replies":[{"embeddable":true,"href":"https:\/\/expo-billviola.be\/en\/wp-json\/wp\/v2\/comments?post=1242"}],"version-history":[{"count":55,"href":"https:\/\/expo-billviola.be\/en\/wp-json\/wp\/v2\/pages\/1242\/revisions"}],"predecessor-version":[{"id":2131,"href":"https:\/\/expo-billviola.be\/en\/wp-json\/wp\/v2\/pages\/1242\/revisions\/2131"}],"wp:attachment":[{"href":"https:\/\/expo-billviola.be\/en\/wp-json\/wp\/v2\/media?parent=1242"}],"curies":[{"name":"wp","href":"https:\/\/api.w.org\/{rel}","templated":true}]}}