{"id":1776,"date":"2023-10-26T17:24:34","date_gmt":"2023-10-26T15:24:34","guid":{"rendered":"https:\/\/expo-billviola.be\/?page_id=1776"},"modified":"2023-11-06T21:03:56","modified_gmt":"2023-11-06T20:03:56","slug":"combitickets","status":"publish","type":"page","link":"https:\/\/expo-billviola.be\/en\/combitickets\/","title":{"rendered":"Billetterie &#8211; Tickets combin\u00e9s"},"content":{"rendered":"<div data-elementor-type=\"wp-page\" data-elementor-id=\"1776\" class=\"elementor elementor-1776\" data-elementor-post-type=\"page\">\n\t\t\t\t\t\t<section class=\"elementor-section elementor-top-section elementor-element elementor-element-67eddb0 elementor-section-full_width elementor-section-height-default elementor-section-height-default\" data-id=\"67eddb0\" data-element_type=\"section\" data-settings=\"{&quot;background_background&quot;:&quot;classic&quot;}\">\n\t\t\t\t\t\t<div class=\"elementor-container elementor-column-gap-default\">\n\t\t\t\t\t<div class=\"elementor-column elementor-col-100 elementor-top-column elementor-element elementor-element-872b00c\" data-id=\"872b00c\" data-element_type=\"column\" data-settings=\"{&quot;background_background&quot;:&quot;classic&quot;}\">\n\t\t\t<div class=\"elementor-widget-wrap elementor-element-populated\">\n\t\t\t\t\t\t<div class=\"elementor-element elementor-element-a472b28 elementor-widget elementor-widget-heading\" data-id=\"a472b28\" data-element_type=\"widget\" data-widget_type=\"heading.default\">\n\t\t\t\t<div class=\"elementor-widget-container\">\n\t\t\t<style>\/*! elementor - v3.21.0 - 25-04-2024 *\/\n.elementor-heading-title{padding:0;margin:0;line-height:1}.elementor-widget-heading .elementor-heading-title[class*=elementor-size-]>a{color:inherit;font-size:inherit;line-height:inherit}.elementor-widget-heading .elementor-heading-title.elementor-size-small{font-size:15px}.elementor-widget-heading .elementor-heading-title.elementor-size-medium{font-size:19px}.elementor-widget-heading .elementor-heading-title.elementor-size-large{font-size:29px}.elementor-widget-heading .elementor-heading-title.elementor-size-xl{font-size:39px}.elementor-widget-heading .elementor-heading-title.elementor-size-xxl{font-size:59px}<\/style><h1 class=\"elementor-heading-title elementor-size-default\">TICKETS<\/h1>\t\t<\/div>\n\t\t\t\t<\/div>\n\t\t\t\t<div class=\"elementor-element elementor-element-959ad96 elementor-widget elementor-widget-text-editor\" data-id=\"959ad96\" data-element_type=\"widget\" data-widget_type=\"text-editor.default\">\n\t\t\t\t<div class=\"elementor-widget-container\">\n\t\t\t<style>\/*! elementor - v3.21.0 - 25-04-2024 *\/\n.elementor-widget-text-editor.elementor-drop-cap-view-stacked .elementor-drop-cap{background-color:#69727d;color:#fff}.elementor-widget-text-editor.elementor-drop-cap-view-framed .elementor-drop-cap{color:#69727d;border:3px solid;background-color:transparent}.elementor-widget-text-editor:not(.elementor-drop-cap-view-default) .elementor-drop-cap{margin-top:8px}.elementor-widget-text-editor:not(.elementor-drop-cap-view-default) .elementor-drop-cap-letter{width:1em;height:1em}.elementor-widget-text-editor .elementor-drop-cap{float:left;text-align:center;line-height:1;font-size:50px}.elementor-widget-text-editor .elementor-drop-cap-letter{display:inline-block}<\/style>\t\t\t\t<p><em>Bill Viola. Sculptor of Time<\/em>\u00a0<br \/>La Boverie, Li\u00e8ge.<\/p><p class=\" translation-block\">Every Wednesday, a preferential rate of \u20ac10 is being offered to under-26s.<\/p><p><strong>ARE YOU COMING TO THE EXHBITION BY TRAIN?<\/strong> Buy your tickets <strong><span style=\"text-decoration: underline;\"><a href=\"https:\/\/temporaliege.recreatex.be\/Exhibitions\/Register?ID=FB4E7426-8466-EE11-A2E7-B817D5A8F2FC&amp;language=EN\">via this link<\/a><\/span><\/strong> to receive a <em>Discovery Ticket<\/em> code and enjoy a 50% discount on your trip.<\/p>\t\t\t\t\t\t<\/div>\n\t\t\t\t<\/div>\n\t\t\t\t\t<\/div>\n\t\t<\/div>\n\t\t\t\t\t<\/div>\n\t\t<\/section>\n\t\t\t\t<section class=\"elementor-section elementor-top-section elementor-element elementor-element-a00a997 elementor-section-boxed elementor-section-height-default elementor-section-height-default\" data-id=\"a00a997\" data-element_type=\"section\">\n\t\t\t\t\t\t<div class=\"elementor-container elementor-column-gap-default\">\n\t\t\t\t\t<div class=\"elementor-column elementor-col-100 elementor-top-column elementor-element elementor-element-b3df29f\" data-id=\"b3df29f\" data-element_type=\"column\">\n\t\t\t<div class=\"elementor-widget-wrap elementor-element-populated\">\n\t\t\t\t\t\t<div class=\"elementor-element elementor-element-13ea4e0 elementor-widget elementor-widget-html\" data-id=\"13ea4e0\" data-element_type=\"widget\" data-no-translation=\"\" data-widget_type=\"html.default\">\n\t\t\t\t<div class=\"elementor-widget-container\">\n\t\t\t<style>.elementor-element-13ea4e0{display:none !important}<\/style>\t\t<\/div>\n\t\t\t\t<\/div>\n\t\t\t\t<div class=\"elementor-element elementor-element-4ac3733 elementor-widget elementor-widget-text-editor\" data-id=\"4ac3733\" data-element_type=\"widget\" data-widget_type=\"text-editor.default\">\n\t\t\t\t<div class=\"elementor-widget-container\">\n\t\t\t\t\t\t\t<p><i>* One person accompanying someone with reduced mobility.<br \/>** Upon presentation of a teacher's card.<br \/>*** Upon presentation of a valid article 27 coupon.<\/i><\/p><p><i style=\"background-color: var(--nv-site-bg); font-size: var(--bodyfontsize); letter-spacing: var(--bodyletterspacing); text-transform: var(--bodytexttransform);\">FREE ACCESS (directly at the entrance of the museum): ICOM (upon presentation of a valid ICOM card), accredited journalists.<\/i><i><br \/><\/i><\/p><p>\u00a0<\/p>\t\t\t\t\t\t<\/div>\n\t\t\t\t<\/div>\n\t\t\t\t\t<\/div>\n\t\t<\/div>\n\t\t\t\t\t<\/div>\n\t\t<\/section>\n\t\t\t\t<\/div>","protected":false},"excerpt":{"rendered":"<p>BILLETTERIE Bill Viola. Sculptor of Time\u00a0La Boverie \u00e0 Li\u00e8ge. Chaque mercredi, tarif pr\u00e9f\u00e9rentiel de 10\u20ac pour les moins de 26 ans ! VOUS D\u00c9SIREZ VOUS RENDRE \u00c0 L&rsquo;EXPOSITION EN TRAIN ? Achetez vos tickets via ce lien pour obtenir un code Discovery Ticket et b\u00e9n\u00e9ficier de 50% de r\u00e9duction sur votre voyage. Bill Viola \/*&hellip;&nbsp;<a href=\"https:\/\/expo-billviola.be\/en\/combitickets\/\" class=\"\" rel=\"bookmark\">Read More &raquo;<span class=\"screen-reader-text\">Billetterie &#8211; Tickets combin\u00e9s<\/span><\/a><\/p>","protected":false},"author":4,"featured_media":0,"parent":0,"menu_order":0,"comment_status":"closed","ping_status":"closed","template":"page-templates\/template-pagebuilder-full-width.php","meta":{"neve_meta_sidebar":"","neve_meta_container":"","neve_meta_enable_content_width":"","neve_meta_content_width":0,"neve_meta_title_alignment":"","neve_meta_author_avatar":"","neve_post_elements_order":"","neve_meta_disable_header":"","neve_meta_disable_footer":"","neve_meta_disable_title":"","footnotes":""},"class_list":["post-1776","page","type-page","status-publish","hentry"],"yoast_head":"<!-- This site is optimized with the Yoast SEO plugin v22.5 - https:\/\/yoast.com\/wordpress\/plugins\/seo\/ -->\n<title>Billetterie - Tickets combin\u00e9s - Expo Bill Viola<\/title>\n<meta name=\"robots\" content=\"index, follow, max-snippet:-1, max-image-preview:large, max-video-preview:-1\" \/>\n<link rel=\"canonical\" href=\"https:\/\/expo-billviola.be\/en\/combitickets\/\" \/>\n<meta property=\"og:locale\" content=\"en_US\" \/>\n<meta property=\"og:type\" content=\"article\" \/>\n<meta property=\"og:title\" content=\"Billetterie - Tickets combin\u00e9s - Expo Bill Viola\" \/>\n<meta property=\"og:description\" content=\"BILLETTERIE Bill Viola. Sculptor of Time\u00a0La Boverie \u00e0 Li\u00e8ge. Chaque mercredi, tarif pr\u00e9f\u00e9rentiel de 10\u20ac pour les moins de 26 ans ! VOUS D\u00c9SIREZ VOUS RENDRE \u00c0 L&rsquo;EXPOSITION EN TRAIN ? Achetez vos tickets via ce lien pour obtenir un code Discovery Ticket et b\u00e9n\u00e9ficier de 50% de r\u00e9duction sur votre voyage. Bill Viola \/*&hellip;&nbsp;Read More &raquo;Billetterie &#8211; Tickets combin\u00e9s\" \/>\n<meta property=\"og:url\" content=\"https:\/\/expo-billviola.be\/en\/combitickets\/\" \/>\n<meta property=\"og:site_name\" content=\"Expo Bill Viola\" \/>\n<meta property=\"article:modified_time\" content=\"2023-11-06T20:03:56+00:00\" \/>\n<meta name=\"twitter:card\" content=\"summary_large_image\" \/>\n<meta name=\"twitter:label1\" content=\"Est. reading time\" \/>\n\t<meta name=\"twitter:data1\" content=\"2 minutes\" \/>\n<script type=\"application\/ld+json\" class=\"yoast-schema-graph\">{\"@context\":\"https:\/\/schema.org\",\"@graph\":[{\"@type\":\"WebPage\",\"@id\":\"https:\/\/expo-billviola.be\/combitickets\/\",\"url\":\"https:\/\/expo-billviola.be\/combitickets\/\",\"name\":\"Billetterie - Tickets combin\u00e9s - Expo Bill Viola\",\"isPartOf\":{\"@id\":\"https:\/\/expo-billviola.be\/#website\"},\"datePublished\":\"2023-10-26T15:24:34+00:00\",\"dateModified\":\"2023-11-06T20:03:56+00:00\",\"breadcrumb\":{\"@id\":\"https:\/\/expo-billviola.be\/combitickets\/#breadcrumb\"},\"inLanguage\":\"en-US\",\"potentialAction\":[{\"@type\":\"ReadAction\",\"target\":[\"https:\/\/expo-billviola.be\/combitickets\/\"]}]},{\"@type\":\"BreadcrumbList\",\"@id\":\"https:\/\/expo-billviola.be\/combitickets\/#breadcrumb\",\"itemListElement\":[{\"@type\":\"ListItem\",\"position\":1,\"name\":\"Accueil\",\"item\":\"https:\/\/expo-billviola.be\/\"},{\"@type\":\"ListItem\",\"position\":2,\"name\":\"Billetterie &#8211; Tickets combin\u00e9s\"}]},{\"@type\":\"WebSite\",\"@id\":\"https:\/\/expo-billviola.be\/#website\",\"url\":\"https:\/\/expo-billviola.be\/\",\"name\":\"Expo Bill Viola\",\"description\":\"Sculptor of Time\",\"publisher\":{\"@id\":\"https:\/\/expo-billviola.be\/#organization\"},\"potentialAction\":[{\"@type\":\"SearchAction\",\"target\":{\"@type\":\"EntryPoint\",\"urlTemplate\":\"https:\/\/expo-billviola.be\/?s={search_term_string}\"},\"query-input\":\"required name=search_term_string\"}],\"inLanguage\":\"en-US\"},{\"@type\":\"Organization\",\"@id\":\"https:\/\/expo-billviola.be\/#organization\",\"name\":\"Expo Bill Viola\",\"url\":\"https:\/\/expo-billviola.be\/\",\"logo\":{\"@type\":\"ImageObject\",\"inLanguage\":\"en-US\",\"@id\":\"https:\/\/expo-billviola.be\/#\/schema\/logo\/image\/\",\"url\":\"https:\/\/expo-billviola.be\/wp-content\/uploads\/2023\/07\/cropped-Logo_BILL-VIOLA_Y.png\",\"contentUrl\":\"https:\/\/expo-billviola.be\/wp-content\/uploads\/2023\/07\/cropped-Logo_BILL-VIOLA_Y.png\",\"width\":200,\"height\":125,\"caption\":\"Expo Bill Viola\"},\"image\":{\"@id\":\"https:\/\/expo-billviola.be\/#\/schema\/logo\/image\/\"}}]}<\/script>\n<!-- \/ Yoast SEO plugin. -->","yoast_head_json":{"title":"Billetterie - Tickets combin\u00e9s - Expo Bill Viola","robots":{"index":"index","follow":"follow","max-snippet":"max-snippet:-1","max-image-preview":"max-image-preview:large","max-video-preview":"max-video-preview:-1"},"canonical":"https:\/\/expo-billviola.be\/en\/combitickets\/","og_locale":"en_US","og_type":"article","og_title":"Billetterie - Tickets combin\u00e9s - Expo Bill Viola","og_description":"BILLETTERIE Bill Viola. Sculptor of Time\u00a0La Boverie \u00e0 Li\u00e8ge. Chaque mercredi, tarif pr\u00e9f\u00e9rentiel de 10\u20ac pour les moins de 26 ans ! VOUS D\u00c9SIREZ VOUS RENDRE \u00c0 L&rsquo;EXPOSITION EN TRAIN ? Achetez vos tickets via ce lien pour obtenir un code Discovery Ticket et b\u00e9n\u00e9ficier de 50% de r\u00e9duction sur votre voyage. Bill Viola \/*&hellip;&nbsp;Read More &raquo;Billetterie &#8211; Tickets combin\u00e9s","og_url":"https:\/\/expo-billviola.be\/en\/combitickets\/","og_site_name":"Expo Bill Viola","article_modified_time":"2023-11-06T20:03:56+00:00","twitter_card":"summary_large_image","twitter_misc":{"Est. reading time":"2 minutes"},"schema":{"@context":"https:\/\/schema.org","@graph":[{"@type":"WebPage","@id":"https:\/\/expo-billviola.be\/combitickets\/","url":"https:\/\/expo-billviola.be\/combitickets\/","name":"Billetterie - Tickets combin\u00e9s - Expo Bill Viola","isPartOf":{"@id":"https:\/\/expo-billviola.be\/#website"},"datePublished":"2023-10-26T15:24:34+00:00","dateModified":"2023-11-06T20:03:56+00:00","breadcrumb":{"@id":"https:\/\/expo-billviola.be\/combitickets\/#breadcrumb"},"inLanguage":"en-US","potentialAction":[{"@type":"ReadAction","target":["https:\/\/expo-billviola.be\/combitickets\/"]}]},{"@type":"BreadcrumbList","@id":"https:\/\/expo-billviola.be\/combitickets\/#breadcrumb","itemListElement":[{"@type":"ListItem","position":1,"name":"Accueil","item":"https:\/\/expo-billviola.be\/"},{"@type":"ListItem","position":2,"name":"Billetterie &#8211; Tickets combin\u00e9s"}]},{"@type":"WebSite","@id":"https:\/\/expo-billviola.be\/#website","url":"https:\/\/expo-billviola.be\/","name":"Expo Bill Viola","description":"Sculptor of Time","publisher":{"@id":"https:\/\/expo-billviola.be\/#organization"},"potentialAction":[{"@type":"SearchAction","target":{"@type":"EntryPoint","urlTemplate":"https:\/\/expo-billviola.be\/?s={search_term_string}"},"query-input":"required name=search_term_string"}],"inLanguage":"en-US"},{"@type":"Organization","@id":"https:\/\/expo-billviola.be\/#organization","name":"Expo Bill Viola","url":"https:\/\/expo-billviola.be\/","logo":{"@type":"ImageObject","inLanguage":"en-US","@id":"https:\/\/expo-billviola.be\/#\/schema\/logo\/image\/","url":"https:\/\/expo-billviola.be\/wp-content\/uploads\/2023\/07\/cropped-Logo_BILL-VIOLA_Y.png","contentUrl":"https:\/\/expo-billviola.be\/wp-content\/uploads\/2023\/07\/cropped-Logo_BILL-VIOLA_Y.png","width":200,"height":125,"caption":"Expo Bill Viola"},"image":{"@id":"https:\/\/expo-billviola.be\/#\/schema\/logo\/image\/"}}]}},"_links":{"self":[{"href":"https:\/\/expo-billviola.be\/en\/wp-json\/wp\/v2\/pages\/1776","targetHints":{"allow":["GET"]}}],"collection":[{"href":"https:\/\/expo-billviola.be\/en\/wp-json\/wp\/v2\/pages"}],"about":[{"href":"https:\/\/expo-billviola.be\/en\/wp-json\/wp\/v2\/types\/page"}],"author":[{"embeddable":true,"href":"https:\/\/expo-billviola.be\/en\/wp-json\/wp\/v2\/users\/4"}],"replies":[{"embeddable":true,"href":"https:\/\/expo-billviola.be\/en\/wp-json\/wp\/v2\/comments?post=1776"}],"version-history":[{"count":11,"href":"https:\/\/expo-billviola.be\/en\/wp-json\/wp\/v2\/pages\/1776\/revisions"}],"predecessor-version":[{"id":1838,"href":"https:\/\/expo-billviola.be\/en\/wp-json\/wp\/v2\/pages\/1776\/revisions\/1838"}],"wp:attachment":[{"href":"https:\/\/expo-billviola.be\/en\/wp-json\/wp\/v2\/media?parent=1776"}],"curies":[{"name":"wp","href":"https:\/\/api.w.org\/{rel}","templated":true}]}}