{"id":193,"date":"2023-07-13T15:44:59","date_gmt":"2023-07-13T13:44:59","guid":{"rendered":"https:\/\/expo-billviola.be\/?page_id=193"},"modified":"2023-12-21T15:26:33","modified_gmt":"2023-12-21T14:26:33","slug":"tickets","status":"publish","type":"page","link":"https:\/\/expo-billviola.be\/en\/tickets\/","title":{"rendered":"Billetterie"},"content":{"rendered":"<div data-elementor-type=\"wp-page\" data-elementor-id=\"193\" class=\"elementor elementor-193\" data-elementor-post-type=\"page\">\n\t\t\t\t\t\t<section class=\"elementor-section elementor-top-section elementor-element elementor-element-61a31b3 elementor-section-full_width elementor-section-height-default elementor-section-height-default\" data-id=\"61a31b3\" data-element_type=\"section\" data-settings=\"{&quot;background_background&quot;:&quot;classic&quot;}\">\n\t\t\t\t\t\t<div class=\"elementor-container elementor-column-gap-default\">\n\t\t\t\t\t<div class=\"elementor-column elementor-col-100 elementor-top-column elementor-element elementor-element-6292268\" data-id=\"6292268\" data-element_type=\"column\" data-settings=\"{&quot;background_background&quot;:&quot;classic&quot;}\">\n\t\t\t<div class=\"elementor-widget-wrap elementor-element-populated\">\n\t\t\t\t\t\t<div class=\"elementor-element elementor-element-86c4030 elementor-widget elementor-widget-heading\" data-id=\"86c4030\" data-element_type=\"widget\" data-widget_type=\"heading.default\">\n\t\t\t\t<div class=\"elementor-widget-container\">\n\t\t\t<style>\/*! elementor - v3.21.0 - 25-04-2024 *\/\n.elementor-heading-title{padding:0;margin:0;line-height:1}.elementor-widget-heading .elementor-heading-title[class*=elementor-size-]>a{color:inherit;font-size:inherit;line-height:inherit}.elementor-widget-heading .elementor-heading-title.elementor-size-small{font-size:15px}.elementor-widget-heading .elementor-heading-title.elementor-size-medium{font-size:19px}.elementor-widget-heading .elementor-heading-title.elementor-size-large{font-size:29px}.elementor-widget-heading .elementor-heading-title.elementor-size-xl{font-size:39px}.elementor-widget-heading .elementor-heading-title.elementor-size-xxl{font-size:59px}<\/style><h1 class=\"elementor-heading-title elementor-size-default\">TICKETS<\/h1>\t\t<\/div>\n\t\t\t\t<\/div>\n\t\t\t\t<div class=\"elementor-element elementor-element-f6faee2 elementor-widget elementor-widget-text-editor\" data-id=\"f6faee2\" data-element_type=\"widget\" data-widget_type=\"text-editor.default\">\n\t\t\t\t<div class=\"elementor-widget-container\">\n\t\t\t<style>\/*! elementor - v3.21.0 - 25-04-2024 *\/\n.elementor-widget-text-editor.elementor-drop-cap-view-stacked .elementor-drop-cap{background-color:#69727d;color:#fff}.elementor-widget-text-editor.elementor-drop-cap-view-framed .elementor-drop-cap{color:#69727d;border:3px solid;background-color:transparent}.elementor-widget-text-editor:not(.elementor-drop-cap-view-default) .elementor-drop-cap{margin-top:8px}.elementor-widget-text-editor:not(.elementor-drop-cap-view-default) .elementor-drop-cap-letter{width:1em;height:1em}.elementor-widget-text-editor .elementor-drop-cap{float:left;text-align:center;line-height:1;font-size:50px}.elementor-widget-text-editor .elementor-drop-cap-letter{display:inline-block}<\/style>\t\t\t\t<p><em>Bill Viola. Sculptor of Time<\/em><br \/>La Boverie, Li\u00e8ge.<\/p><p><b>Chaque mercredi<\/b>, tarif pr\u00e9f\u00e9rentiel de <b>10\u20ac<\/b> pour les <b>moins de 26 ans<\/b> !<\/p>\t\t\t\t\t\t<\/div>\n\t\t\t\t<\/div>\n\t\t\t\t\t<\/div>\n\t\t<\/div>\n\t\t\t\t\t<\/div>\n\t\t<\/section>\n\t\t\t\t<section class=\"elementor-section elementor-top-section elementor-element elementor-element-4d9098c elementor-section-boxed elementor-section-height-default elementor-section-height-default\" data-id=\"4d9098c\" data-element_type=\"section\">\n\t\t\t\t\t\t<div class=\"elementor-container elementor-column-gap-default\">\n\t\t\t\t\t<div class=\"elementor-column elementor-col-100 elementor-top-column elementor-element elementor-element-35bba45\" data-id=\"35bba45\" data-element_type=\"column\">\n\t\t\t<div class=\"elementor-widget-wrap elementor-element-populated\">\n\t\t\t\t\t\t<div class=\"elementor-element elementor-element-445c1ed elementor-widget elementor-widget-html\" data-id=\"445c1ed\" data-element_type=\"widget\" data-no-translation=\"\" data-widget_type=\"html.default\">\n\t\t\t\t<div class=\"elementor-widget-container\">\n\t\t\t<style>.elementor-element-445c1ed{display:none !important}<\/style>\t\t<\/div>\n\t\t\t\t<\/div>\n\t\t\t\t<div class=\"elementor-element elementor-element-fcf77af elementor-widget elementor-widget-html\" data-id=\"fcf77af\" data-element_type=\"widget\" data-no-translation=\"\" data-widget_type=\"html.default\">\n\t\t\t\t<div class=\"elementor-widget-container\">\n\t\t\t<style>.elementor-element-fcf77af{display:none !important}<\/style>\t\t<\/div>\n\t\t\t\t<\/div>\n\t\t\t\t<div class=\"elementor-element elementor-element-56e2b9a elementor-widget elementor-widget-html\" data-id=\"56e2b9a\" data-element_type=\"widget\" data-no-translation=\"\" data-widget_type=\"html.default\">\n\t\t\t\t<div class=\"elementor-widget-container\">\n\t\t\t<!DOCTYPE html>\n<html lang=\"en\">\n\n<head>\n  <meta charset=\"utf-8\" \/>\n  <meta name=\"viewport\" content=\"width=device-width, initial-scale=1\" \/>\n  <title>Bill Viola<\/title>\n\n  <style>\n    \/*\n\n    If the host website uses variables that we want to use too, \n    define them in the style section below\n\n    *\/\n\n    body {\n      \/* background: black; *\/\n    }\n  <\/style>\n<\/head>\n\n<body>\n  <!--\n   \n    - Copy\/paste only the code below so it's strictly correct from an HTML standpoint\n    - Make sure enviso.settings.testPayment is not set, otherwise payments won't go through\n    - Remove any code that's not used (e.g. late booking notice, upsell dialog, newsletter addition)\n\n    -->\n\n  <script src=\"https:\/\/widget.enviso.io\/loader.js\"><\/script>\n  <script>define(['https:\/\/widget.enviso.io\/build-ts\/components\/tickets\/enviso-ticket-widget-element.js']);<\/script>\n  <script>define(['https:\/\/widget.enviso.io\/build-ts\/components\/common\/enviso-style-element.js']);<\/script>\n  <script>\n    enviso.settings.apiKey = '9+QvcDlzb0Gh44R3TqBg7g==';\n    enviso.settings.salesPointId = '1918';\n    enviso.settings.language = 'en';\n    enviso.settings.testPayment = false;\n    enviso.settings.sortByIncludeOfferIds = true;\n\n    enviso.settings.translations = {\n      'en': {\n        \"terms of agreement\": \"general terms and conditions\",\n        \"I want to subscribe to the newsletter\": \"I agree to receive communications from Tempora, organiser of this event, and La Boverie.\"\n      }\n    }\n  <\/script>\n\n  <enviso-style hidden>\n    \/* Basic setup *\/\n    :host {\n      --bv-orange: #9E541F;\n      --bv-yellow: #FFE8C7;\n      --bv-black: #000000;\n      --bv-white: #ffffff;\n\n\n      --enviso-primary-color: var(--bv-black);\n      --enviso-secondary-color: var(--bv-orange);\n      font-family: \"Gotham Medium\", Sans-serif;\n      color: var(--bv-black);\n    }\n\n    \/* Hide a few things *\/\n\n    .enviso-filters,\n    .enviso-ticket-widget-offer-name,\n    .enviso-amount-inner {\n      display: none;\n    }\n\n    enviso-ticket-item {\n    border-left-color: var(--bv-yellow);\n    }\n\n    .enviso-info {\n      position:relative;\n    }\n\n    \/* Distinction between regular and group tickets *\/\n    \n    enviso-ticket-item:nth-of-type(3) {\n      margin-bottom: 4em;\n    }\n    \n    @media (min-width: 700px) {\n      enviso-ticket-item:nth-of-type(3) {\n        grid-column: 1\/-1 !important;\n        max-width: calc(50% - 1em) !important;\n      }\n    }\n\n    \/* Center the picture for tickets' thumbs *\/\n\n    .enviso-basket-offer-image {\n      background-position: center center;\n    }\n\n    \/* Fix issues with payment confirmation text color *\/\n\n    enviso-payment {\n      color: var(--enviso-primary-color);\n    }\n\n    enviso-ticket-order-complete-step {\n      color: var(--enviso-primary-color);\n    }\n  <\/enviso-style>\n\n  <enviso-ticket-widget newsletter terms=\"https:\/\/expo-billviola.be\/en\/conditions-generales-de-vente\/\"\n    included-offer-ids=\"[7803, 9759,9959]\" sort-by-include-offer-ids\n indicate-last-tickets last-tickets-percentage=\"25\"  show-prices>\n\n    <enviso-notice id=\"custom-late-booking-notice\" icon-name=\"clock\"\n      name=\"You have selected one of the last timeslot of the day.\" slot=\"above-basket-items\">\n      Please make sure you arrive early enough to finish your visit before closing time.\n    <\/enviso-notice>\n  <\/enviso-ticket-widget>\n\n  <script>\n    \/* -----------------------------------------------------------------------------------------------\n    \n       This script toggles a notice if customer books slots close to the end of the exhibition\n    \n    ------------------------------------------------------------------------------------------------ *\/\n\n    const cutoffs = [\n      '15:30', \/\/ lundi\n      '15:30', \/\/ mardi\n      '15:30', \/\/ mercredi \n      '15:30', \/\/ jeudi\n      '15:30', \/\/ vendredi\n      '15:30', \/\/ samedi\n      '15:30', \/\/ dimanche\n    ]\n\n    function hasEmptyBasket() {\n      return !!enviso.basket && enviso.basket.getBasketItemsArray().length === 0;\n    }\n\n    function isAfterCutoff() {\n      let isAfter = false;\n\n      enviso.basket.getBasketItemsArray().forEach(item => {\n        console.log('checking after hours', item.visitDate.getDay(), item.visitDate.getHours(), item.visitDate.getMinutes());\n\n        const dayIndex = item.visitDate.getDay() > 0 ? item.visitDate.getDay() - 1 : 6;\n\n        const cutoff = cutoffs[dayIndex];\n        const cutoffHours = cutoff.split(':')[0];\n        const cutoffMinutes = cutoff.split(':')[1];\n\n        if (item.visitDate.getHours() > cutoffHours) {\n          isAfter = true;\n        } else if (item.visitDate.getHours() == cutoffHours && item.visitDate.getMinutes() >= cutoffMinutes) {\n          isAfter = true;\n        }\n      });\n      console.log(\"isAfter?\", isAfter);\n      return isAfter;\n    }\n\n    function showLateNotice() {\n      console.log(\"showing late notice\");\n      document.querySelector(\"#custom-late-booking-notice\").style.display = 'block';\n    }\n\n    function hideLateNotice() {\n      console.log(\"hiding late notice\");\n      document.querySelector(\"#custom-late-booking-notice\").style.display = 'none';\n    }\n\n    hideLateNotice();\n\n    document.addEventListener('step-changed', function (e) {\n      console.log('step-changed event fired', e)\n      \/\/ check the step in which the widget currently is; show the dialog only if the checkout has been clicked\n      \/\/ and the enviso-basket-my-info is on the page\n      hideLateNotice();\n\n      let inCheckout = e.detail.activeStep.querySelector(\"enviso-basket-my-info\");\n      if (inCheckout == null) {\n        if (!hasEmptyBasket() && isAfterCutoff()) {\n          showLateNotice()\n        }\n      }\n    });\n\n  <\/script>\n\n  <script>\n    \/* -----------------------------------------------------------------------------------------------\n      \n         This script sends the newsletter checkbox state to Brevo\n      \n    ------------------------------------------------------------------------------------------------ *\/\n\n    const brevoListId = 117;\n\n    document.querySelector('enviso-ticket-widget').addEventListener('ordercreated', async () => {\n      console.log('order number', enviso.basket.orderNumber.getValue());\n      console.log('checked out items', enviso.basket.checkedOutItems.getValue());\n\n      \/\/ the order has been created here, get the customer info\n\n      var customer = enviso.basket.customer.getValue();\n      console.log('customer', customer);\n      console.log('customer email', customer.email);\n      console.log('newsletter', customer.agreedNewsletter);\n\n      const endpoint = \"https:\/\/tempora.vercel.app\/api\/newsletter-signup\";\n\n      if (customer.agreedNewsletter) {\n        await fetch(endpoint, {\n          method: \"POST\",\n          body: JSON.stringify({\n            email: customer.email,\n            firstname: customer.firstName,\n            lastname: customer.lastName,\n            country: customer.address.country,\n            zip: customer.address.postalCode,\n            listId: brevoListId\n          }),\n          headers: {\n            'Content-type': 'application\/json'\n          }\n        })\n      } else {\n        await fetch(endpoint, {\n          method: \"DELETE\",\n          body: JSON.stringify({\n            email: customer.email\n          }),\n          headers: {\n            'Content-type': 'application\/json'\n          }\n        })\n      }\n    });\n\n  <\/script>\n\n\n  <!--\n\n    Stop copying past this point, the rest is just for having a semantically correct HTML testing page\n\n    -->\n\n\n\n<\/body>\n<\/html>\t\t<\/div>\n\t\t\t\t<\/div>\n\t\t\t\t<div class=\"elementor-element elementor-element-5963a6e elementor-widget elementor-widget-html\" data-id=\"5963a6e\" data-element_type=\"widget\" data-no-translation=\"\" data-widget_type=\"html.default\">\n\t\t\t\t<div class=\"elementor-widget-container\">\n\t\t\t<style>.elementor-element-5963a6e{display:none !important}<\/style>\t\t<\/div>\n\t\t\t\t<\/div>\n\t\t\t\t<div class=\"elementor-element elementor-element-bdb2563 elementor-widget elementor-widget-text-editor\" data-id=\"bdb2563\" data-element_type=\"widget\" data-widget_type=\"text-editor.default\">\n\t\t\t\t<div class=\"elementor-widget-container\">\n\t\t\t\t\t\t\t<p><i style=\"font-size: var(--bodyfontsize); letter-spacing: var(--bodyletterspacing); text-transform: var(--bodytexttransform); background-color: var(--nv-site-bg);\"><b>ARTICLE 27<\/b> available directly at the museum.<br \/><\/i><i style=\"font-size: var(--bodyfontsize); letter-spacing: var(--bodyletterspacing); text-transform: var(--bodytexttransform); background-color: var(--nv-site-bg);\"><b>FREE <\/b>(directly at the entrance of the museum): ICOM (upon presentation of a valid ICOM card), accredited journalists.<\/i><\/p><p>\u00a0<\/p>\t\t\t\t\t\t<\/div>\n\t\t\t\t<\/div>\n\t\t\t\t\t<\/div>\n\t\t<\/div>\n\t\t\t\t\t<\/div>\n\t\t<\/section>\n\t\t\t\t<\/div>","protected":false},"excerpt":{"rendered":"<p>BILLETTERIE Bill Viola. Sculptor of TimeLa Boverie \u00e0 Li\u00e8ge. Chaque mercredi, tarif pr\u00e9f\u00e9rentiel de 10\u20ac pour les moins de 26 ans ! Bill Viola \/* Basic setup *\/ :host { &#8211;bv-orange: #9E541F; &#8211;bv-yellow: #FFE8C7; &#8211;bv-black: #000000; &#8211;bv-white: #ffffff; &#8211;enviso-primary-color: var(&#8211;bv-black); &#8211;enviso-secondary-color: var(&#8211;bv-orange); font-family: \u00ab\u00a0Gotham Medium\u00a0\u00bb, Sans-serif; color: var(&#8211;bv-black); } \/* Hide a few things *\/&hellip;&nbsp;<a href=\"https:\/\/expo-billviola.be\/en\/tickets\/\" class=\"\" rel=\"bookmark\">Read More &raquo;<span class=\"screen-reader-text\">Billetterie<\/span><\/a><\/p>","protected":false},"author":2,"featured_media":118,"parent":0,"menu_order":0,"comment_status":"closed","ping_status":"closed","template":"page-templates\/template-pagebuilder-full-width.php","meta":{"neve_meta_sidebar":"","neve_meta_container":"","neve_meta_enable_content_width":"","neve_meta_content_width":0,"neve_meta_title_alignment":"","neve_meta_author_avatar":"","neve_post_elements_order":"","neve_meta_disable_header":"","neve_meta_disable_footer":"","neve_meta_disable_title":"","footnotes":""},"class_list":["post-193","page","type-page","status-publish","has-post-thumbnail","hentry"],"yoast_head":"<!-- This site is optimized with the Yoast SEO plugin v22.5 - https:\/\/yoast.com\/wordpress\/plugins\/seo\/ -->\n<title>Billetterie - Expo Bill Viola<\/title>\n<meta name=\"robots\" content=\"index, follow, max-snippet:-1, max-image-preview:large, max-video-preview:-1\" \/>\n<link rel=\"canonical\" href=\"https:\/\/expo-billviola.be\/en\/tickets\/\" \/>\n<meta property=\"og:locale\" content=\"en_US\" \/>\n<meta property=\"og:type\" content=\"article\" \/>\n<meta property=\"og:title\" content=\"Billetterie - Expo Bill Viola\" \/>\n<meta property=\"og:description\" content=\"BILLETTERIE Bill Viola. Sculptor of TimeLa Boverie \u00e0 Li\u00e8ge. Chaque mercredi, tarif pr\u00e9f\u00e9rentiel de 10\u20ac pour les moins de 26 ans ! Bill Viola \/* Basic setup *\/ :host { &#8211;bv-orange: #9E541F; &#8211;bv-yellow: #FFE8C7; &#8211;bv-black: #000000; &#8211;bv-white: #ffffff; &#8211;enviso-primary-color: var(&#8211;bv-black); &#8211;enviso-secondary-color: var(&#8211;bv-orange); font-family: \u00ab\u00a0Gotham Medium\u00a0\u00bb, Sans-serif; color: var(&#8211;bv-black); } \/* Hide a few things *\/&hellip;&nbsp;Read More &raquo;Billetterie\" \/>\n<meta property=\"og:url\" content=\"https:\/\/expo-billviola.be\/en\/tickets\/\" \/>\n<meta property=\"og:site_name\" content=\"Expo Bill Viola\" \/>\n<meta property=\"article:modified_time\" content=\"2023-12-21T14:26:33+00:00\" \/>\n<meta property=\"og:image\" content=\"https:\/\/expo-billviola.be\/wp-content\/uploads\/2023\/07\/2023_BV_Affiches_A4-scaled.jpg\" \/>\n\t<meta property=\"og:image:width\" content=\"1810\" \/>\n\t<meta property=\"og:image:height\" content=\"2560\" \/>\n\t<meta property=\"og:image:type\" content=\"image\/jpeg\" \/>\n<meta name=\"twitter:card\" content=\"summary_large_image\" \/>\n<meta name=\"twitter:label1\" content=\"Est. reading time\" \/>\n\t<meta name=\"twitter:data1\" content=\"3 minutes\" \/>\n<script type=\"application\/ld+json\" class=\"yoast-schema-graph\">{\"@context\":\"https:\/\/schema.org\",\"@graph\":[{\"@type\":\"WebPage\",\"@id\":\"https:\/\/expo-billviola.be\/tickets\/\",\"url\":\"https:\/\/expo-billviola.be\/tickets\/\",\"name\":\"Billetterie - Expo Bill Viola\",\"isPartOf\":{\"@id\":\"https:\/\/expo-billviola.be\/#website\"},\"primaryImageOfPage\":{\"@id\":\"https:\/\/expo-billviola.be\/tickets\/#primaryimage\"},\"image\":{\"@id\":\"https:\/\/expo-billviola.be\/tickets\/#primaryimage\"},\"thumbnailUrl\":\"https:\/\/expo-billviola.be\/wp-content\/uploads\/2023\/07\/2023_BV_Affiches_A4-scaled.jpg\",\"datePublished\":\"2023-07-13T13:44:59+00:00\",\"dateModified\":\"2023-12-21T14:26:33+00:00\",\"breadcrumb\":{\"@id\":\"https:\/\/expo-billviola.be\/tickets\/#breadcrumb\"},\"inLanguage\":\"en-US\",\"potentialAction\":[{\"@type\":\"ReadAction\",\"target\":[\"https:\/\/expo-billviola.be\/tickets\/\"]}]},{\"@type\":\"ImageObject\",\"inLanguage\":\"en-US\",\"@id\":\"https:\/\/expo-billviola.be\/tickets\/#primaryimage\",\"url\":\"https:\/\/expo-billviola.be\/wp-content\/uploads\/2023\/07\/2023_BV_Affiches_A4-scaled.jpg\",\"contentUrl\":\"https:\/\/expo-billviola.be\/wp-content\/uploads\/2023\/07\/2023_BV_Affiches_A4-scaled.jpg\",\"width\":1810,\"height\":2560},{\"@type\":\"BreadcrumbList\",\"@id\":\"https:\/\/expo-billviola.be\/tickets\/#breadcrumb\",\"itemListElement\":[{\"@type\":\"ListItem\",\"position\":1,\"name\":\"Accueil\",\"item\":\"https:\/\/expo-billviola.be\/\"},{\"@type\":\"ListItem\",\"position\":2,\"name\":\"Billetterie\"}]},{\"@type\":\"WebSite\",\"@id\":\"https:\/\/expo-billviola.be\/#website\",\"url\":\"https:\/\/expo-billviola.be\/\",\"name\":\"Expo Bill Viola\",\"description\":\"Sculptor of Time\",\"publisher\":{\"@id\":\"https:\/\/expo-billviola.be\/#organization\"},\"potentialAction\":[{\"@type\":\"SearchAction\",\"target\":{\"@type\":\"EntryPoint\",\"urlTemplate\":\"https:\/\/expo-billviola.be\/?s={search_term_string}\"},\"query-input\":\"required name=search_term_string\"}],\"inLanguage\":\"en-US\"},{\"@type\":\"Organization\",\"@id\":\"https:\/\/expo-billviola.be\/#organization\",\"name\":\"Expo Bill Viola\",\"url\":\"https:\/\/expo-billviola.be\/\",\"logo\":{\"@type\":\"ImageObject\",\"inLanguage\":\"en-US\",\"@id\":\"https:\/\/expo-billviola.be\/#\/schema\/logo\/image\/\",\"url\":\"https:\/\/expo-billviola.be\/wp-content\/uploads\/2023\/07\/cropped-Logo_BILL-VIOLA_Y.png\",\"contentUrl\":\"https:\/\/expo-billviola.be\/wp-content\/uploads\/2023\/07\/cropped-Logo_BILL-VIOLA_Y.png\",\"width\":200,\"height\":125,\"caption\":\"Expo Bill Viola\"},\"image\":{\"@id\":\"https:\/\/expo-billviola.be\/#\/schema\/logo\/image\/\"}}]}<\/script>\n<!-- \/ Yoast SEO plugin. -->","yoast_head_json":{"title":"Billetterie - Expo Bill Viola","robots":{"index":"index","follow":"follow","max-snippet":"max-snippet:-1","max-image-preview":"max-image-preview:large","max-video-preview":"max-video-preview:-1"},"canonical":"https:\/\/expo-billviola.be\/en\/tickets\/","og_locale":"en_US","og_type":"article","og_title":"Billetterie - Expo Bill Viola","og_description":"BILLETTERIE Bill Viola. Sculptor of TimeLa Boverie \u00e0 Li\u00e8ge. Chaque mercredi, tarif pr\u00e9f\u00e9rentiel de 10\u20ac pour les moins de 26 ans ! Bill Viola \/* Basic setup *\/ :host { &#8211;bv-orange: #9E541F; &#8211;bv-yellow: #FFE8C7; &#8211;bv-black: #000000; &#8211;bv-white: #ffffff; &#8211;enviso-primary-color: var(&#8211;bv-black); &#8211;enviso-secondary-color: var(&#8211;bv-orange); font-family: \u00ab\u00a0Gotham Medium\u00a0\u00bb, Sans-serif; color: var(&#8211;bv-black); } \/* Hide a few things *\/&hellip;&nbsp;Read More &raquo;Billetterie","og_url":"https:\/\/expo-billviola.be\/en\/tickets\/","og_site_name":"Expo Bill Viola","article_modified_time":"2023-12-21T14:26:33+00:00","og_image":[{"width":1810,"height":2560,"url":"https:\/\/expo-billviola.be\/wp-content\/uploads\/2023\/07\/2023_BV_Affiches_A4-scaled.jpg","type":"image\/jpeg"}],"twitter_card":"summary_large_image","twitter_misc":{"Est. reading time":"3 minutes"},"schema":{"@context":"https:\/\/schema.org","@graph":[{"@type":"WebPage","@id":"https:\/\/expo-billviola.be\/tickets\/","url":"https:\/\/expo-billviola.be\/tickets\/","name":"Billetterie - Expo Bill Viola","isPartOf":{"@id":"https:\/\/expo-billviola.be\/#website"},"primaryImageOfPage":{"@id":"https:\/\/expo-billviola.be\/tickets\/#primaryimage"},"image":{"@id":"https:\/\/expo-billviola.be\/tickets\/#primaryimage"},"thumbnailUrl":"https:\/\/expo-billviola.be\/wp-content\/uploads\/2023\/07\/2023_BV_Affiches_A4-scaled.jpg","datePublished":"2023-07-13T13:44:59+00:00","dateModified":"2023-12-21T14:26:33+00:00","breadcrumb":{"@id":"https:\/\/expo-billviola.be\/tickets\/#breadcrumb"},"inLanguage":"en-US","potentialAction":[{"@type":"ReadAction","target":["https:\/\/expo-billviola.be\/tickets\/"]}]},{"@type":"ImageObject","inLanguage":"en-US","@id":"https:\/\/expo-billviola.be\/tickets\/#primaryimage","url":"https:\/\/expo-billviola.be\/wp-content\/uploads\/2023\/07\/2023_BV_Affiches_A4-scaled.jpg","contentUrl":"https:\/\/expo-billviola.be\/wp-content\/uploads\/2023\/07\/2023_BV_Affiches_A4-scaled.jpg","width":1810,"height":2560},{"@type":"BreadcrumbList","@id":"https:\/\/expo-billviola.be\/tickets\/#breadcrumb","itemListElement":[{"@type":"ListItem","position":1,"name":"Accueil","item":"https:\/\/expo-billviola.be\/"},{"@type":"ListItem","position":2,"name":"Billetterie"}]},{"@type":"WebSite","@id":"https:\/\/expo-billviola.be\/#website","url":"https:\/\/expo-billviola.be\/","name":"Expo Bill Viola","description":"Sculptor of Time","publisher":{"@id":"https:\/\/expo-billviola.be\/#organization"},"potentialAction":[{"@type":"SearchAction","target":{"@type":"EntryPoint","urlTemplate":"https:\/\/expo-billviola.be\/?s={search_term_string}"},"query-input":"required name=search_term_string"}],"inLanguage":"en-US"},{"@type":"Organization","@id":"https:\/\/expo-billviola.be\/#organization","name":"Expo Bill Viola","url":"https:\/\/expo-billviola.be\/","logo":{"@type":"ImageObject","inLanguage":"en-US","@id":"https:\/\/expo-billviola.be\/#\/schema\/logo\/image\/","url":"https:\/\/expo-billviola.be\/wp-content\/uploads\/2023\/07\/cropped-Logo_BILL-VIOLA_Y.png","contentUrl":"https:\/\/expo-billviola.be\/wp-content\/uploads\/2023\/07\/cropped-Logo_BILL-VIOLA_Y.png","width":200,"height":125,"caption":"Expo Bill Viola"},"image":{"@id":"https:\/\/expo-billviola.be\/#\/schema\/logo\/image\/"}}]}},"_links":{"self":[{"href":"https:\/\/expo-billviola.be\/en\/wp-json\/wp\/v2\/pages\/193","targetHints":{"allow":["GET"]}}],"collection":[{"href":"https:\/\/expo-billviola.be\/en\/wp-json\/wp\/v2\/pages"}],"about":[{"href":"https:\/\/expo-billviola.be\/en\/wp-json\/wp\/v2\/types\/page"}],"author":[{"embeddable":true,"href":"https:\/\/expo-billviola.be\/en\/wp-json\/wp\/v2\/users\/2"}],"replies":[{"embeddable":true,"href":"https:\/\/expo-billviola.be\/en\/wp-json\/wp\/v2\/comments?post=193"}],"version-history":[{"count":180,"href":"https:\/\/expo-billviola.be\/en\/wp-json\/wp\/v2\/pages\/193\/revisions"}],"predecessor-version":[{"id":2151,"href":"https:\/\/expo-billviola.be\/en\/wp-json\/wp\/v2\/pages\/193\/revisions\/2151"}],"wp:featuredmedia":[{"embeddable":true,"href":"https:\/\/expo-billviola.be\/en\/wp-json\/wp\/v2\/media\/118"}],"wp:attachment":[{"href":"https:\/\/expo-billviola.be\/en\/wp-json\/wp\/v2\/media?parent=193"}],"curies":[{"name":"wp","href":"https:\/\/api.w.org\/{rel}","templated":true}]}}