{"id":1039,"date":"2023-08-02T16:38:56","date_gmt":"2023-08-02T14:38:56","guid":{"rendered":"https:\/\/expo-billviola.be\/?page_id=1039"},"modified":"2023-08-02T18:04:13","modified_gmt":"2023-08-02T16:04:13","slug":"conditions-generales-de-vente","status":"publish","type":"page","link":"https:\/\/expo-billviola.be\/nl\/conditions-generales-de-vente\/","title":{"rendered":"Algemene verkoopsvoorwaarden"},"content":{"rendered":"<div data-elementor-type=\"wp-page\" data-elementor-id=\"1039\" class=\"elementor elementor-1039\" data-elementor-post-type=\"page\">\n\t\t\t\t\t\t<section class=\"elementor-section elementor-top-section elementor-element elementor-element-478c09b elementor-section-full_width elementor-section-height-default elementor-section-height-default\" data-id=\"478c09b\" data-element_type=\"section\" data-settings=\"{&quot;background_background&quot;:&quot;classic&quot;}\">\n\t\t\t\t\t\t<div class=\"elementor-container elementor-column-gap-default\">\n\t\t\t\t\t<div class=\"elementor-column elementor-col-100 elementor-top-column elementor-element elementor-element-8ae7f4d\" data-id=\"8ae7f4d\" data-element_type=\"column\" data-settings=\"{&quot;background_background&quot;:&quot;classic&quot;}\">\n\t\t\t<div class=\"elementor-widget-wrap elementor-element-populated\">\n\t\t\t\t\t\t<div class=\"elementor-element elementor-element-b58a4cf elementor-widget elementor-widget-heading\" data-id=\"b58a4cf\" data-element_type=\"widget\" data-widget_type=\"heading.default\">\n\t\t\t\t<div class=\"elementor-widget-container\">\n\t\t\t<style>\/*! elementor - v3.21.0 - 25-04-2024 *\/\n.elementor-heading-title{padding:0;margin:0;line-height:1}.elementor-widget-heading .elementor-heading-title[class*=elementor-size-]>a{color:inherit;font-size:inherit;line-height:inherit}.elementor-widget-heading .elementor-heading-title.elementor-size-small{font-size:15px}.elementor-widget-heading .elementor-heading-title.elementor-size-medium{font-size:19px}.elementor-widget-heading .elementor-heading-title.elementor-size-large{font-size:29px}.elementor-widget-heading .elementor-heading-title.elementor-size-xl{font-size:39px}.elementor-widget-heading .elementor-heading-title.elementor-size-xxl{font-size:59px}<\/style><h1 class=\"elementor-heading-title elementor-size-default\">Algemene verkoopsvoorwaarden<\/h1>\t\t<\/div>\n\t\t\t\t<\/div>\n\t\t\t\t<div class=\"elementor-element elementor-element-d488204 elementor-widget elementor-widget-text-editor\" data-id=\"d488204\" data-element_type=\"widget\" data-widget_type=\"text-editor.default\">\n\t\t\t\t<div class=\"elementor-widget-container\">\n\t\t\t<style>\/*! elementor - v3.21.0 - 25-04-2024 *\/\n.elementor-widget-text-editor.elementor-drop-cap-view-stacked .elementor-drop-cap{background-color:#69727d;color:#fff}.elementor-widget-text-editor.elementor-drop-cap-view-framed .elementor-drop-cap{color:#69727d;border:3px solid;background-color:transparent}.elementor-widget-text-editor:not(.elementor-drop-cap-view-default) .elementor-drop-cap{margin-top:8px}.elementor-widget-text-editor:not(.elementor-drop-cap-view-default) .elementor-drop-cap-letter{width:1em;height:1em}.elementor-widget-text-editor .elementor-drop-cap{float:left;text-align:center;line-height:1;font-size:50px}.elementor-widget-text-editor .elementor-drop-cap-letter{display:inline-block}<\/style>\t\t\t\t<h2><span style=\"color: #ffe8c7;\">1. Online verkoop<\/span><\/h2><p><span style=\"color: #ffffff;\">De tentoonstelling \u201cBill Viola. Sculptor of Time\u201d loopt vanaf 21 Oktober 2023 in La Boverie (Luik).<\/span><\/p><h2><span style=\"color: #ffe8c7;\">2. Algemene verkoopsvoorwaarden\u00a0<\/span><\/h2><p><span style=\"color: #ffffff;\">De overeenkomsten tussen de koper en Tempora n.v. worden volledig en uitsluitend beheerst door deze algemene voorwaarden, niettegenstaande enige andersluidende bepaling in welk document dan ook van de klant.<\/span><\/p><h3><span style=\"color: #ffe8c7;\">2.1. <strong>Tarieven<\/strong><\/span><\/h3><p><span style=\"color: #ffffff;\">De ticketprijzen worden op onze website (<a href=\"https:\/\/expo-billviola.be\/nl\/\">www.expo-billviola.be<\/a>) aangegeven in euro, inclusief BTW. Speciale voorwaarden worden alleen toegepast aan het onthaal van de tentoonstelling de dag van het bezoek.<\/span><\/p><p><span style=\"color: #ffffff;\">Wie een speciaal tarief (persoon met beperkte mobiliteit, senior, kind, gezin, abonnement) heeft aangevraagd, zal bij de toegangscontrole een officieel document moeten voorleggen ter rechtvaardiging.\u00a0<\/span><\/p><h3><span style=\"color: #ffe8c7;\">2.2. Persoonlijke gegevens<\/span><\/h3><p><span style=\"color: #ffffff;\">Bij de aankoop van (een) ticket(s) via internet is de koper verplicht alle stappen te volgen. Tijdens de procedure zal de koper specifieke informatie moeten verstrekken die nodig is voor het beheer van zijn bestelling. De koper bevestigt dat deze informatie juist en up-to-date is. De koper moet alle nodige voorzorgsmaatregelen treffen om zijn wachtwoord geheim te houden.<\/span><\/p><p><span style=\"color: #ffffff;\">In overeenstemming met de GDPR zal Tempora n.v. deze gegevens (e-mailadres) alleen gebruiken om haar activiteiten te promoten. Tempora n.v. verklaart dat deze gegevens in geen geval zullen worden verkocht of uitgewisseld. De bezoeker kan zich op elk moment uitschrijven van de nieuwsbrieven en niet langer deel uitmaken van de Tempora n.v database door een e-mail te sturen naar <span style=\"color: #3366ff;\"><a style=\"color: #ffe8c7;\" href=\"mailto:privacy@tempora.be\">privacy@tempora.be<\/a><\/span> of door zichzelf uit te schrijven.<\/span><\/p><h3><span style=\"color: #ffe8c7;\">2.3. Uw ticket<\/span><\/h3><p style=\"padding-left: 40px;\"><span style=\"color: #ffffff;\"><strong>a. Tickets worden noch terugbetaald noch omgeruild<\/strong><\/span><\/p><p style=\"padding-left: 40px;\"><span style=\"color: #ffffff;\"><strong>b. Uitgifte<\/strong>\u00a0Na aanvaarding van de betaling wordt het ticket naar het tijdens de bestelprocedure aangegeven e-mailadres gestuurd. Het wordt geleverd in .pdf-formaat. Tickets worden niet omgeruild of terugbetaald.<\/span><\/p><p style=\"padding-left: 40px;\"><span style=\"color: #ffffff;\"><strong>c. Geldigheid<\/strong> : Om geldig te zijn, moet uw ticket thuis worden afgedrukt in staand formaat, op een blanco wit A4-vel of worden weergegeven op het scherm van uw smartphone. Voor elke gekochte toegangskaart wordt een ticket afgegeven. \nDe geldigheid van de tickets wordt aan de ingang gecontroleerd en geregistreerd met behulp van barcodelezers.\n\nHet ticket is alleen geldig voor de datum van het bezoek die u bij de bestelling hebt geselecteerd. Het is niet mogelijk om met hetzelfde ticket meer dan \u00e9\u00e9n keer de expo te bezoeken, tenzij met een abonnement (op vertoon van identiteitskaart).<\/span><\/p><p style=\"padding-left: 40px;\"><span style=\"color: #ffffff;\"><strong>d.<\/strong> Alleen de eerste persoon die het ticket toont, krijgt toegang tot de tentoonstelling. Deze persoon wordt verondersteld de rechtmatige drager van het ticket te zijn. Het is derhalve verboden het ticket te reproduceren, te dupliceren of te vervalsen, of voor dergelijke doeleinden beschikbaar te stellen. De koper moet zijn of haar e-ticket op een veilige plaats bewaren. De koper mag nooit een door een vreemde aangeboden ticket aanvaarden, aangezien het een kopie kan zijn. De houder van het vervoerbewijs kan een andere persoon zijn dan de koper.<\/span><\/p><p style=\"padding-left: 40px;\"><span style=\"color: #ffffff;\"><strong>e.<\/strong> Groepen ontvangen een voucher die bij aankomst aan de kassa moet worden getoond. De prijs wordt aangepast naargelang het aantal personen in de groep dat effectief aanwezig is.<\/span><strong><br \/><\/strong><\/p><h3><span style=\"color: #ffe8c7;\">2.4. Betaling<\/span><\/h3><p><span style=\"color: #ffffff;\">De validatie van een bestelling impliceert de verplichting van de koper om de aangegeven prijs te betalen. De koper moet zijn aankopen op de site betalen met een kaart (Bancontact, Maestro, Visa en Eurocard, Mastercard). Het debiteren van de bankrekening staat los van het gebruik van de tickets. In ieder geval zijn de tickets betaald, zelfs als de koper ze niet afdrukt. Het betalingsbewijs kan niet als toegangsbewijs worden gebruikt.<\/span><\/p><p><span style=\"color: #ffffff;\">De betaling voor groepsbezoeken gebeurt rechtstreeks aan de kassa of per factuur na het bezoek. Deze laatste optie moet door de koper bij de reservering worden aangegeven en de koper moet de nodige factureringsgegevens verstrekken.<\/span><\/p><p><span style=\"color: #ffffff;\">Betaling per factuur na het bezoek is alleen mogelijk voor groepen die een reservering hebben gemaakt.<\/span><\/p><h3><span style=\"color: #ffe8c7;\">2.5. Ik heb mijn ticket niet gebruikt<\/span><\/h3><p><span style=\"color: #ffffff;\">Toegangsbewijzen zijn geldig voor \u00e9\u00e9n enkele passage door de controle op de datum en het tijdstip die op het toegangsbewijs zijn vermeld. Ongebruikte tickets worden niet terugbetaald of omgeruild.<\/span><\/p><h3><span style=\"color: #ffe8c7;\">2.6. Uitstel van tickets<\/span><\/h3><p><span style=\"color: #ffffff;\">De datum en het tijdstip van het bezoek kunnen rechtstreeks door de koper worden gewijzigd via de link in de bevestigingsmail van de reservering. Wijzigingen kunnen ook worden aangebracht door een e-mail te sturen naar <a href=\"mailto:info@expo-billviola.be\">info@expo-billviola.be<\/a>\u00a0van Maandag tot Vrijdag tussen 9u30 en 17u.<\/span><\/p><p><span style=\"color: #ffffff;\">Wijzigingen kunnen maximaal drie keer en ten laatste drie uur voor het gekozen tijdstip worden aangebracht.<\/span><\/p>\t\t\t\t\t\t<\/div>\n\t\t\t\t<\/div>\n\t\t\t\t\t<\/div>\n\t\t<\/div>\n\t\t\t\t\t<\/div>\n\t\t<\/section>\n\t\t\t\t<\/div>","protected":false},"excerpt":{"rendered":"<p>Conditions g\u00e9n\u00e9rales de vente 1.\u00a0 \u00a0 \u00a0Ventes en ligne L\u2019exposition \u00ab Bill Viola. Sculptor of Time \u00bb ouvre ses portes le 21 octobre 2023. Elle est pr\u00e9sent\u00e9e \u00e0 La Boverie (Li\u00e8ge) par la soci\u00e9t\u00e9 Tempora s.a. (Tempora). 2.\u00a0 \u00a0 \u00a0Application des conditions g\u00e9n\u00e9rales\u00a0 Les conventions entre l\u2019acheteur et Tempora s.a. sont int\u00e9gralement et exclusivement r\u00e9gies&hellip;&nbsp;<a href=\"https:\/\/expo-billviola.be\/nl\/conditions-generales-de-vente\/\" class=\"\" rel=\"bookmark\">Lees verder &raquo;<span class=\"screen-reader-text\">Algemene verkoopsvoorwaarden<\/span><\/a><\/p>","protected":false},"author":4,"featured_media":0,"parent":0,"menu_order":0,"comment_status":"closed","ping_status":"closed","template":"page-templates\/template-pagebuilder-full-width.php","meta":{"neve_meta_sidebar":"","neve_meta_container":"","neve_meta_enable_content_width":"","neve_meta_content_width":0,"neve_meta_title_alignment":"","neve_meta_author_avatar":"","neve_post_elements_order":"","neve_meta_disable_header":"","neve_meta_disable_footer":"","neve_meta_disable_title":"","footnotes":""},"class_list":["post-1039","page","type-page","status-publish","hentry"],"yoast_head":"<!-- This site is optimized with the Yoast SEO plugin v22.5 - https:\/\/yoast.com\/wordpress\/plugins\/seo\/ -->\n<title>Conditions g\u00e9n\u00e9rales de vente - Expo Bill Viola<\/title>\n<meta name=\"robots\" content=\"index, follow, max-snippet:-1, max-image-preview:large, max-video-preview:-1\" \/>\n<link rel=\"canonical\" href=\"https:\/\/expo-billviola.be\/nl\/conditions-generales-de-vente\/\" \/>\n<meta property=\"og:locale\" content=\"nl_NL\" \/>\n<meta property=\"og:type\" content=\"article\" \/>\n<meta property=\"og:title\" content=\"Conditions g\u00e9n\u00e9rales de vente - Expo Bill Viola\" \/>\n<meta property=\"og:description\" content=\"Conditions g\u00e9n\u00e9rales de vente 1.\u00a0 \u00a0 \u00a0Ventes en ligne L\u2019exposition \u00ab Bill Viola. Sculptor of Time \u00bb ouvre ses portes le 21 octobre 2023. Elle est pr\u00e9sent\u00e9e \u00e0 La Boverie (Li\u00e8ge) par la soci\u00e9t\u00e9 Tempora s.a. (Tempora). 2.\u00a0 \u00a0 \u00a0Application des conditions g\u00e9n\u00e9rales\u00a0 Les conventions entre l\u2019acheteur et Tempora s.a. sont int\u00e9gralement et exclusivement r\u00e9gies&hellip;&nbsp;Lees verder &raquo;Conditions g\u00e9n\u00e9rales de vente\" \/>\n<meta property=\"og:url\" content=\"https:\/\/expo-billviola.be\/nl\/conditions-generales-de-vente\/\" \/>\n<meta property=\"og:site_name\" content=\"Expo Bill Viola\" \/>\n<meta property=\"article:modified_time\" content=\"2023-08-02T16:04:13+00:00\" \/>\n<meta name=\"twitter:card\" content=\"summary_large_image\" \/>\n<meta name=\"twitter:label1\" content=\"Geschatte leestijd\" \/>\n\t<meta name=\"twitter:data1\" content=\"4 minuten\" \/>\n<script type=\"application\/ld+json\" class=\"yoast-schema-graph\">{\"@context\":\"https:\/\/schema.org\",\"@graph\":[{\"@type\":\"WebPage\",\"@id\":\"https:\/\/expo-billviola.be\/conditions-generales-de-vente\/\",\"url\":\"https:\/\/expo-billviola.be\/conditions-generales-de-vente\/\",\"name\":\"Conditions g\u00e9n\u00e9rales de vente - Expo Bill Viola\",\"isPartOf\":{\"@id\":\"https:\/\/expo-billviola.be\/#website\"},\"datePublished\":\"2023-08-02T14:38:56+00:00\",\"dateModified\":\"2023-08-02T16:04:13+00:00\",\"breadcrumb\":{\"@id\":\"https:\/\/expo-billviola.be\/conditions-generales-de-vente\/#breadcrumb\"},\"inLanguage\":\"nl-NL\",\"potentialAction\":[{\"@type\":\"ReadAction\",\"target\":[\"https:\/\/expo-billviola.be\/conditions-generales-de-vente\/\"]}]},{\"@type\":\"BreadcrumbList\",\"@id\":\"https:\/\/expo-billviola.be\/conditions-generales-de-vente\/#breadcrumb\",\"itemListElement\":[{\"@type\":\"ListItem\",\"position\":1,\"name\":\"Accueil\",\"item\":\"https:\/\/expo-billviola.be\/\"},{\"@type\":\"ListItem\",\"position\":2,\"name\":\"Conditions g\u00e9n\u00e9rales de vente\"}]},{\"@type\":\"WebSite\",\"@id\":\"https:\/\/expo-billviola.be\/#website\",\"url\":\"https:\/\/expo-billviola.be\/\",\"name\":\"Expo Bill Viola\",\"description\":\"Sculptor of Time\",\"publisher\":{\"@id\":\"https:\/\/expo-billviola.be\/#organization\"},\"potentialAction\":[{\"@type\":\"SearchAction\",\"target\":{\"@type\":\"EntryPoint\",\"urlTemplate\":\"https:\/\/expo-billviola.be\/?s={search_term_string}\"},\"query-input\":\"required name=search_term_string\"}],\"inLanguage\":\"nl-NL\"},{\"@type\":\"Organization\",\"@id\":\"https:\/\/expo-billviola.be\/#organization\",\"name\":\"Expo Bill Viola\",\"url\":\"https:\/\/expo-billviola.be\/\",\"logo\":{\"@type\":\"ImageObject\",\"inLanguage\":\"nl-NL\",\"@id\":\"https:\/\/expo-billviola.be\/#\/schema\/logo\/image\/\",\"url\":\"https:\/\/expo-billviola.be\/wp-content\/uploads\/2023\/07\/cropped-Logo_BILL-VIOLA_Y.png\",\"contentUrl\":\"https:\/\/expo-billviola.be\/wp-content\/uploads\/2023\/07\/cropped-Logo_BILL-VIOLA_Y.png\",\"width\":200,\"height\":125,\"caption\":\"Expo Bill Viola\"},\"image\":{\"@id\":\"https:\/\/expo-billviola.be\/#\/schema\/logo\/image\/\"}}]}<\/script>\n<!-- \/ Yoast SEO plugin. -->","yoast_head_json":{"title":"Conditions g\u00e9n\u00e9rales de vente - Expo Bill Viola","robots":{"index":"index","follow":"follow","max-snippet":"max-snippet:-1","max-image-preview":"max-image-preview:large","max-video-preview":"max-video-preview:-1"},"canonical":"https:\/\/expo-billviola.be\/nl\/conditions-generales-de-vente\/","og_locale":"nl_NL","og_type":"article","og_title":"Conditions g\u00e9n\u00e9rales de vente - Expo Bill Viola","og_description":"Conditions g\u00e9n\u00e9rales de vente 1.\u00a0 \u00a0 \u00a0Ventes en ligne L\u2019exposition \u00ab Bill Viola. Sculptor of Time \u00bb ouvre ses portes le 21 octobre 2023. Elle est pr\u00e9sent\u00e9e \u00e0 La Boverie (Li\u00e8ge) par la soci\u00e9t\u00e9 Tempora s.a. (Tempora). 2.\u00a0 \u00a0 \u00a0Application des conditions g\u00e9n\u00e9rales\u00a0 Les conventions entre l\u2019acheteur et Tempora s.a. sont int\u00e9gralement et exclusivement r\u00e9gies&hellip;&nbsp;Lees verder &raquo;Conditions g\u00e9n\u00e9rales de vente","og_url":"https:\/\/expo-billviola.be\/nl\/conditions-generales-de-vente\/","og_site_name":"Expo Bill Viola","article_modified_time":"2023-08-02T16:04:13+00:00","twitter_card":"summary_large_image","twitter_misc":{"Geschatte leestijd":"4 minuten"},"schema":{"@context":"https:\/\/schema.org","@graph":[{"@type":"WebPage","@id":"https:\/\/expo-billviola.be\/conditions-generales-de-vente\/","url":"https:\/\/expo-billviola.be\/conditions-generales-de-vente\/","name":"Conditions g\u00e9n\u00e9rales de vente - Expo Bill Viola","isPartOf":{"@id":"https:\/\/expo-billviola.be\/#website"},"datePublished":"2023-08-02T14:38:56+00:00","dateModified":"2023-08-02T16:04:13+00:00","breadcrumb":{"@id":"https:\/\/expo-billviola.be\/conditions-generales-de-vente\/#breadcrumb"},"inLanguage":"nl-NL","potentialAction":[{"@type":"ReadAction","target":["https:\/\/expo-billviola.be\/conditions-generales-de-vente\/"]}]},{"@type":"BreadcrumbList","@id":"https:\/\/expo-billviola.be\/conditions-generales-de-vente\/#breadcrumb","itemListElement":[{"@type":"ListItem","position":1,"name":"Accueil","item":"https:\/\/expo-billviola.be\/"},{"@type":"ListItem","position":2,"name":"Conditions g\u00e9n\u00e9rales de vente"}]},{"@type":"WebSite","@id":"https:\/\/expo-billviola.be\/#website","url":"https:\/\/expo-billviola.be\/","name":"Expo Bill Viola","description":"Sculptor of Time","publisher":{"@id":"https:\/\/expo-billviola.be\/#organization"},"potentialAction":[{"@type":"SearchAction","target":{"@type":"EntryPoint","urlTemplate":"https:\/\/expo-billviola.be\/?s={search_term_string}"},"query-input":"required name=search_term_string"}],"inLanguage":"nl-NL"},{"@type":"Organization","@id":"https:\/\/expo-billviola.be\/#organization","name":"Expo Bill Viola","url":"https:\/\/expo-billviola.be\/","logo":{"@type":"ImageObject","inLanguage":"nl-NL","@id":"https:\/\/expo-billviola.be\/#\/schema\/logo\/image\/","url":"https:\/\/expo-billviola.be\/wp-content\/uploads\/2023\/07\/cropped-Logo_BILL-VIOLA_Y.png","contentUrl":"https:\/\/expo-billviola.be\/wp-content\/uploads\/2023\/07\/cropped-Logo_BILL-VIOLA_Y.png","width":200,"height":125,"caption":"Expo Bill Viola"},"image":{"@id":"https:\/\/expo-billviola.be\/#\/schema\/logo\/image\/"}}]}},"_links":{"self":[{"href":"https:\/\/expo-billviola.be\/nl\/wp-json\/wp\/v2\/pages\/1039","targetHints":{"allow":["GET"]}}],"collection":[{"href":"https:\/\/expo-billviola.be\/nl\/wp-json\/wp\/v2\/pages"}],"about":[{"href":"https:\/\/expo-billviola.be\/nl\/wp-json\/wp\/v2\/types\/page"}],"author":[{"embeddable":true,"href":"https:\/\/expo-billviola.be\/nl\/wp-json\/wp\/v2\/users\/4"}],"replies":[{"embeddable":true,"href":"https:\/\/expo-billviola.be\/nl\/wp-json\/wp\/v2\/comments?post=1039"}],"version-history":[{"count":10,"href":"https:\/\/expo-billviola.be\/nl\/wp-json\/wp\/v2\/pages\/1039\/revisions"}],"predecessor-version":[{"id":1060,"href":"https:\/\/expo-billviola.be\/nl\/wp-json\/wp\/v2\/pages\/1039\/revisions\/1060"}],"wp:attachment":[{"href":"https:\/\/expo-billviola.be\/nl\/wp-json\/wp\/v2\/media?parent=1039"}],"curies":[{"name":"wp","href":"https:\/\/api.w.org\/{rel}","templated":true}]}}