{"id":1055,"date":"2023-08-02T18:00:37","date_gmt":"2023-08-02T16:00:37","guid":{"rendered":"https:\/\/expo-billviola.be\/?page_id=1055"},"modified":"2023-08-02T18:19:39","modified_gmt":"2023-08-02T16:19:39","slug":"police-relative-aux-cookies","status":"publish","type":"page","link":"https:\/\/expo-billviola.be\/nl\/police-relative-aux-cookies\/","title":{"rendered":"Beleid inzake cookies"},"content":{"rendered":"<div data-elementor-type=\"wp-page\" data-elementor-id=\"1055\" class=\"elementor elementor-1055\" data-elementor-post-type=\"page\">\n\t\t\t\t\t\t<section class=\"elementor-section elementor-top-section elementor-element elementor-element-c7abed3 elementor-section-full_width elementor-section-height-default elementor-section-height-default\" data-id=\"c7abed3\" data-element_type=\"section\" data-settings=\"{&quot;background_background&quot;:&quot;classic&quot;}\">\n\t\t\t\t\t\t<div class=\"elementor-container elementor-column-gap-default\">\n\t\t\t\t\t<div class=\"elementor-column elementor-col-100 elementor-top-column elementor-element elementor-element-1d192c3\" data-id=\"1d192c3\" data-element_type=\"column\" data-settings=\"{&quot;background_background&quot;:&quot;classic&quot;}\">\n\t\t\t<div class=\"elementor-widget-wrap elementor-element-populated\">\n\t\t\t\t\t\t<div class=\"elementor-element elementor-element-f162505 elementor-widget elementor-widget-heading\" data-id=\"f162505\" data-element_type=\"widget\" data-widget_type=\"heading.default\">\n\t\t\t\t<div class=\"elementor-widget-container\">\n\t\t\t<style>\/*! elementor - v3.21.0 - 25-04-2024 *\/\n.elementor-heading-title{padding:0;margin:0;line-height:1}.elementor-widget-heading .elementor-heading-title[class*=elementor-size-]>a{color:inherit;font-size:inherit;line-height:inherit}.elementor-widget-heading .elementor-heading-title.elementor-size-small{font-size:15px}.elementor-widget-heading .elementor-heading-title.elementor-size-medium{font-size:19px}.elementor-widget-heading .elementor-heading-title.elementor-size-large{font-size:29px}.elementor-widget-heading .elementor-heading-title.elementor-size-xl{font-size:39px}.elementor-widget-heading .elementor-heading-title.elementor-size-xxl{font-size:59px}<\/style><h1 class=\"elementor-heading-title elementor-size-default\">Beleid inzake cookies en andere trackers<\/h1>\t\t<\/div>\n\t\t\t\t<\/div>\n\t\t\t\t<div class=\"elementor-element elementor-element-a5e0849 elementor-widget elementor-widget-text-editor\" data-id=\"a5e0849\" data-element_type=\"widget\" data-widget_type=\"text-editor.default\">\n\t\t\t\t<div class=\"elementor-widget-container\">\n\t\t\t<style>\/*! elementor - v3.21.0 - 25-04-2024 *\/\n.elementor-widget-text-editor.elementor-drop-cap-view-stacked .elementor-drop-cap{background-color:#69727d;color:#fff}.elementor-widget-text-editor.elementor-drop-cap-view-framed .elementor-drop-cap{color:#69727d;border:3px solid;background-color:transparent}.elementor-widget-text-editor:not(.elementor-drop-cap-view-default) .elementor-drop-cap{margin-top:8px}.elementor-widget-text-editor:not(.elementor-drop-cap-view-default) .elementor-drop-cap-letter{width:1em;height:1em}.elementor-widget-text-editor .elementor-drop-cap{float:left;text-align:center;line-height:1;font-size:50px}.elementor-widget-text-editor .elementor-drop-cap-letter{display:inline-block}<\/style>\t\t\t\t<h1><span style=\"color: #ffe8c7;\">1.\u00a0 \u00a0 \u00a0INLEIDING<\/span><\/h1><p>Tempora maakt gebruik van cookies op [www.expo-billviola.be om de website te optimaliseren door basisfuncties zoals paginanavigatie en toegang tot beveiligde delen van de website mogelijk te maken. Wij maken ook gebruik van cookies voor analyse en reclametracking. We nodigen u uit om kennis te nemen van ons beleid.<\/p><h1><span style=\"color: #ffe8c7;\">2.\u00a0 \u00a0 WAT IS EEN COOKIE?<\/span><\/h1><p>Een \u201ccookie\u201d is een tekstbestand dat geplaatst wordt op het apparaat van een gebruiker die verbonden is met het internet.<\/p><p>De term \u201ccookie\u201d moet in de ruimste zin begrepen worden en omvat het geheel van cookies of trackers die geplaatst en\/of gelezen worden, bijvoorbeeld tijdens het raadplegen van een website, het lezen van een e-mail, de installatie of het gebruik van software of een mobiele app.<\/p><p>Dit geldt voor alle gebruikers, ongeacht het type apparaat dat wordt gebruikt: een computer, smartphone, digitale tablet, spelconsole \u2026<\/p><p>Een \u201ccookie\u201d wordt door de browser van de internetgebruiker tijdens zijn eerste bezoek aan de website opgeslagen op het apparaat. Het kan tijdens een volgend bezoek aan dezelfde website worden opgehaald. De informatie die de cookie bevat en wordt opgevraagd tijdens een later bezoek, wordt teruggestuurd naar de webpagina die de cookie heeft gegenereerd, d.w.z. ofwel een pagina waarop de gebruiker zich bevindt (\u201cfirst party cookie\u201d) ofwel een webpagina van een andere website (cookies van derden).<\/p><h1><span style=\"color: #ffe8c7;\">3.\u00a0 \u00a0 Waarvoor dienen cookies en welke cookies gebruiken wij?<\/span><\/h1><p>Cookies kunnen bijvoorbeeld worden gebruikt om pagina\u2019s opnieuw te laden en om het bezoek van een gebruiker aan pagina-indelingen te herkennen bv. weergavetaal). Ze kunnen ook zorgen voor een aangenamere gebruikerservaring tijdens een paginabezoek door de voorkeuren van de gebruiker op te slaan.<\/p><p>Er bestaan verschillende soorten cookies. Sommige vereisen de toestemming van de gebruiker, andere zijn gebaseerd op andere doeleinden.<\/p><p>Deze website maakt gebruik van:<\/p><p><span style=\"text-decoration: underline;\"><strong>Technische Cookies<\/strong><\/span><\/p><p>Ze zijn noodzakelijk voor de navigatie op de website en de toegang tot diensten. Het zijn technische onderdelen die niet uitgeschakeld of ingesteld kunnen worden omdat de website en\/of de diensten van de website anders niet langer toegankelijk zijn. Voor deze cookies is geen toestemming vereist.<\/p><p><span style=\"text-decoration: underline;\"><strong>\u201cVoorkeurscookies\u201d<\/strong><\/span><\/p><p>Dankzij de voorkeurscookies kan een website informatie onthouden die de manier wijzigt waarop de website zich gedraagt  of wordt weergegeven, zoals uw voorkeurstaal.<\/p><p>Deze cookies worden geactiveerd zodra een webpagina wordt weergegeven, of wanneer een bepaalde actie wordt uitgevoerd.<\/p><p><span style=\"text-decoration: underline;\"><strong>Cookies om navigatiestatistieken te verkrijgen<\/strong><\/span><\/p><p>Statistische cookies stellen de eigenaar van een website in staat te begrijpen hoe gebruikers met de website omgaan.<\/p><p><span style=\"text-decoration: underline;\"><strong>Cookies voor reclame- en trackingdoeleinden<\/strong><\/span><\/p><p>Reclamecookies worden gebruikt voor tracking van de gebruiker op websites. Het doel van de cookies is gerichte reclame aanbieden op basis van het gebruikersprofiel.<\/p><h2><span style=\"color: #ffe8c7;\">4.\u00a0 Uw keuzes met betrekking tot cookies<\/span><\/h2><p>Indien u wenst te weten welke cookies op uw apparaat ge\u00efnstalleerd zijn of indien u ze wenst te verwijderen, kunt u gebruikmaken van de instellingen van uw browser. Meer uitleg over de werkwijze vindt u via onderstaande links.<\/p><h3>4.1. Een cookie weigeren via de browser<\/h3><p>Niet-exhaustieve lijst:<\/p><ul><li>Internet Explorer: https:\/\/support.microsoft.com\/nl\/microsoft-edge\/supprimer-les-cookies-dans-microsoft-edge-63947406-40ac-c3b8-57b9-2a946a29ae09<\/li><li>Mozilla Firefox: https:\/\/support.mozilla.org\/nl\/kb\/cookies-verwijderen-gegevens-wissen-websites-opgeslagen<\/li><li>Safari: https:\/\/support.apple.com\/nl-be\/guide\/safari\/manage-cookies-and-website-data-sfri11471\/mac<\/li><li>Google Chrome: https:\/\/support.google.com\/chrome\/answer\/95647?hl=nl<\/li><\/ul><p>Het uitschakelen van alle cookies kan de gebruiker verhinderen om de website onder normale omstandigheden te gebruiken, met uitzondering van de basisfuncties.<\/p><h3>4.2. Weigeren van tracking<\/h3><p>De browser kan worden ingesteld om een code naar de websites te sturen die aangeeft dat de gebruiker niet gevolgd wil worden (Optie \u201cDo No Track\u201d).<\/p><p>Mobiele apparaten kunnen ook de instellingen \u201cBeperk reclametracking\u201d (op iOS ) of \u201cVerbied tracking\u201d (op Android) aanbieden.<\/p><h3>4.3. Aanpassing van de cookie-instellingen<\/h3><p>In het geval de cookie-instellingen gewijzigd worden, gebruiken wij geen cookies meer, maar ze kunnen nog steeds aanwezig zijn in de browser.<\/p><p>We vragen u om de ongewenste cookies te verwijderen via de instellingen van uw browser (zie punt 1 van dit hoofdstuk).<\/p><h2><span style=\"color: #ffe8c7;\">5. Persoonsgegevens en privacy<\/span><\/h2><p>Dit cookiebeleid kan worden aangepast worden om eventuele veranderingen bekend te maken. De datum onderaan dit document geeft aan wanneer er voor het laatst wijzigingen zijn doorgevoerd.<\/p><p>Indien we de cookies waarvoor u toestemming hebt gegeven, voor andere doeleinden willen gebruiken, zullen wij u om toestemming vragen.<\/p><p>Voor alle andere vragen met betrekking tot het verzamelen en beheren van persoonsgegevens vragen we de gebruiker kennis te nemen van het privacybeleid of contact op te nemen met Tempora op het volgende adres: privacy@tempora.be<\/p><p>In Frankrijk kan de gebruiker alle bijkomende informatie over cookies raadplegen op de website (https:\/\/www.cnil.fr\/)  of contact opnemen met de Commission Nationale de l\u2019Informatique et des Libert\u00e9s, 3 Place de Fontenoy - TSA 80715, 75334 PARIS CEDEX 07, Frankrijk.<\/p><p>In Belgi\u00eb kan de gebruiker alle bijkomende informatie over cookies raadplegen op de website (https:\/\/www.gegevensbeschermingsautoriteit.be\/) of contact opnemen met de Gegevensbeschermingsautoriteit, Drukpersstraat 35 - 1000 Brussel.<\/p>\t\t\t\t\t\t<\/div>\n\t\t\t\t<\/div>\n\t\t\t\t\t<\/div>\n\t\t<\/div>\n\t\t\t\t\t<\/div>\n\t\t<\/section>\n\t\t\t\t<\/div>","protected":false},"excerpt":{"rendered":"<p>Police relative aux cookies et autres traceurs 1.\u00a0 \u00a0 \u00a0Introduction Tempora utilise des cookies sur le domaine www.expo-billviola.be afin de rendre un site web utilisable en activant des fonctions de base comme la navigation de page et l&rsquo;acc\u00e8s aux zones s\u00e9curis\u00e9es du site web. Nous utilisons \u00e9galement des cookies d\u2019analyses et de suivi publicitaires. Nous&hellip;&nbsp;<a href=\"https:\/\/expo-billviola.be\/nl\/police-relative-aux-cookies\/\" class=\"\" rel=\"bookmark\">Lees verder &raquo;<span class=\"screen-reader-text\">Beleid inzake cookies<\/span><\/a><\/p>","protected":false},"author":4,"featured_media":0,"parent":0,"menu_order":0,"comment_status":"closed","ping_status":"closed","template":"page-templates\/template-pagebuilder-full-width.php","meta":{"neve_meta_sidebar":"","neve_meta_container":"","neve_meta_enable_content_width":"","neve_meta_content_width":0,"neve_meta_title_alignment":"","neve_meta_author_avatar":"","neve_post_elements_order":"","neve_meta_disable_header":"","neve_meta_disable_footer":"","neve_meta_disable_title":"","footnotes":""},"class_list":["post-1055","page","type-page","status-publish","hentry"],"yoast_head":"<!-- This site is optimized with the Yoast SEO plugin v22.5 - https:\/\/yoast.com\/wordpress\/plugins\/seo\/ -->\n<title>Police relative aux cookies - Expo Bill Viola<\/title>\n<meta name=\"robots\" content=\"index, follow, max-snippet:-1, max-image-preview:large, max-video-preview:-1\" \/>\n<link rel=\"canonical\" href=\"https:\/\/expo-billviola.be\/nl\/police-relative-aux-cookies\/\" \/>\n<meta property=\"og:locale\" content=\"nl_NL\" \/>\n<meta property=\"og:type\" content=\"article\" \/>\n<meta property=\"og:title\" content=\"Police relative aux cookies - Expo Bill Viola\" \/>\n<meta property=\"og:description\" content=\"Police relative aux cookies et autres traceurs 1.\u00a0 \u00a0 \u00a0Introduction Tempora utilise des cookies sur le domaine www.expo-billviola.be afin de rendre un site web utilisable en activant des fonctions de base comme la navigation de page et l&rsquo;acc\u00e8s aux zones s\u00e9curis\u00e9es du site web. Nous utilisons \u00e9galement des cookies d\u2019analyses et de suivi publicitaires. Nous&hellip;&nbsp;Lees verder &raquo;Police relative aux cookies\" \/>\n<meta property=\"og:url\" content=\"https:\/\/expo-billviola.be\/nl\/police-relative-aux-cookies\/\" \/>\n<meta property=\"og:site_name\" content=\"Expo Bill Viola\" \/>\n<meta property=\"article:modified_time\" content=\"2023-08-02T16:19:39+00:00\" \/>\n<meta name=\"twitter:card\" content=\"summary_large_image\" \/>\n<meta name=\"twitter:label1\" content=\"Geschatte leestijd\" \/>\n\t<meta name=\"twitter:data1\" content=\"1 minuut\" \/>\n<script type=\"application\/ld+json\" class=\"yoast-schema-graph\">{\"@context\":\"https:\/\/schema.org\",\"@graph\":[{\"@type\":\"WebPage\",\"@id\":\"https:\/\/expo-billviola.be\/police-relative-aux-cookies\/\",\"url\":\"https:\/\/expo-billviola.be\/police-relative-aux-cookies\/\",\"name\":\"Police relative aux cookies - Expo Bill Viola\",\"isPartOf\":{\"@id\":\"https:\/\/expo-billviola.be\/#website\"},\"datePublished\":\"2023-08-02T16:00:37+00:00\",\"dateModified\":\"2023-08-02T16:19:39+00:00\",\"breadcrumb\":{\"@id\":\"https:\/\/expo-billviola.be\/police-relative-aux-cookies\/#breadcrumb\"},\"inLanguage\":\"nl-NL\",\"potentialAction\":[{\"@type\":\"ReadAction\",\"target\":[\"https:\/\/expo-billviola.be\/police-relative-aux-cookies\/\"]}]},{\"@type\":\"BreadcrumbList\",\"@id\":\"https:\/\/expo-billviola.be\/police-relative-aux-cookies\/#breadcrumb\",\"itemListElement\":[{\"@type\":\"ListItem\",\"position\":1,\"name\":\"Accueil\",\"item\":\"https:\/\/expo-billviola.be\/\"},{\"@type\":\"ListItem\",\"position\":2,\"name\":\"Police relative aux cookies\"}]},{\"@type\":\"WebSite\",\"@id\":\"https:\/\/expo-billviola.be\/#website\",\"url\":\"https:\/\/expo-billviola.be\/\",\"name\":\"Expo Bill Viola\",\"description\":\"Sculptor of Time\",\"publisher\":{\"@id\":\"https:\/\/expo-billviola.be\/#organization\"},\"potentialAction\":[{\"@type\":\"SearchAction\",\"target\":{\"@type\":\"EntryPoint\",\"urlTemplate\":\"https:\/\/expo-billviola.be\/?s={search_term_string}\"},\"query-input\":\"required name=search_term_string\"}],\"inLanguage\":\"nl-NL\"},{\"@type\":\"Organization\",\"@id\":\"https:\/\/expo-billviola.be\/#organization\",\"name\":\"Expo Bill Viola\",\"url\":\"https:\/\/expo-billviola.be\/\",\"logo\":{\"@type\":\"ImageObject\",\"inLanguage\":\"nl-NL\",\"@id\":\"https:\/\/expo-billviola.be\/#\/schema\/logo\/image\/\",\"url\":\"https:\/\/expo-billviola.be\/wp-content\/uploads\/2023\/07\/cropped-Logo_BILL-VIOLA_Y.png\",\"contentUrl\":\"https:\/\/expo-billviola.be\/wp-content\/uploads\/2023\/07\/cropped-Logo_BILL-VIOLA_Y.png\",\"width\":200,\"height\":125,\"caption\":\"Expo Bill Viola\"},\"image\":{\"@id\":\"https:\/\/expo-billviola.be\/#\/schema\/logo\/image\/\"}}]}<\/script>\n<!-- \/ Yoast SEO plugin. -->","yoast_head_json":{"title":"Police relative aux cookies - Expo Bill Viola","robots":{"index":"index","follow":"follow","max-snippet":"max-snippet:-1","max-image-preview":"max-image-preview:large","max-video-preview":"max-video-preview:-1"},"canonical":"https:\/\/expo-billviola.be\/nl\/police-relative-aux-cookies\/","og_locale":"nl_NL","og_type":"article","og_title":"Police relative aux cookies - Expo Bill Viola","og_description":"Police relative aux cookies et autres traceurs 1.\u00a0 \u00a0 \u00a0Introduction Tempora utilise des cookies sur le domaine www.expo-billviola.be afin de rendre un site web utilisable en activant des fonctions de base comme la navigation de page et l&rsquo;acc\u00e8s aux zones s\u00e9curis\u00e9es du site web. Nous utilisons \u00e9galement des cookies d\u2019analyses et de suivi publicitaires. Nous&hellip;&nbsp;Lees verder &raquo;Police relative aux cookies","og_url":"https:\/\/expo-billviola.be\/nl\/police-relative-aux-cookies\/","og_site_name":"Expo Bill Viola","article_modified_time":"2023-08-02T16:19:39+00:00","twitter_card":"summary_large_image","twitter_misc":{"Geschatte leestijd":"1 minuut"},"schema":{"@context":"https:\/\/schema.org","@graph":[{"@type":"WebPage","@id":"https:\/\/expo-billviola.be\/police-relative-aux-cookies\/","url":"https:\/\/expo-billviola.be\/police-relative-aux-cookies\/","name":"Police relative aux cookies - Expo Bill Viola","isPartOf":{"@id":"https:\/\/expo-billviola.be\/#website"},"datePublished":"2023-08-02T16:00:37+00:00","dateModified":"2023-08-02T16:19:39+00:00","breadcrumb":{"@id":"https:\/\/expo-billviola.be\/police-relative-aux-cookies\/#breadcrumb"},"inLanguage":"nl-NL","potentialAction":[{"@type":"ReadAction","target":["https:\/\/expo-billviola.be\/police-relative-aux-cookies\/"]}]},{"@type":"BreadcrumbList","@id":"https:\/\/expo-billviola.be\/police-relative-aux-cookies\/#breadcrumb","itemListElement":[{"@type":"ListItem","position":1,"name":"Accueil","item":"https:\/\/expo-billviola.be\/"},{"@type":"ListItem","position":2,"name":"Police relative aux cookies"}]},{"@type":"WebSite","@id":"https:\/\/expo-billviola.be\/#website","url":"https:\/\/expo-billviola.be\/","name":"Expo Bill Viola","description":"Sculptor of Time","publisher":{"@id":"https:\/\/expo-billviola.be\/#organization"},"potentialAction":[{"@type":"SearchAction","target":{"@type":"EntryPoint","urlTemplate":"https:\/\/expo-billviola.be\/?s={search_term_string}"},"query-input":"required name=search_term_string"}],"inLanguage":"nl-NL"},{"@type":"Organization","@id":"https:\/\/expo-billviola.be\/#organization","name":"Expo Bill Viola","url":"https:\/\/expo-billviola.be\/","logo":{"@type":"ImageObject","inLanguage":"nl-NL","@id":"https:\/\/expo-billviola.be\/#\/schema\/logo\/image\/","url":"https:\/\/expo-billviola.be\/wp-content\/uploads\/2023\/07\/cropped-Logo_BILL-VIOLA_Y.png","contentUrl":"https:\/\/expo-billviola.be\/wp-content\/uploads\/2023\/07\/cropped-Logo_BILL-VIOLA_Y.png","width":200,"height":125,"caption":"Expo Bill Viola"},"image":{"@id":"https:\/\/expo-billviola.be\/#\/schema\/logo\/image\/"}}]}},"_links":{"self":[{"href":"https:\/\/expo-billviola.be\/nl\/wp-json\/wp\/v2\/pages\/1055","targetHints":{"allow":["GET"]}}],"collection":[{"href":"https:\/\/expo-billviola.be\/nl\/wp-json\/wp\/v2\/pages"}],"about":[{"href":"https:\/\/expo-billviola.be\/nl\/wp-json\/wp\/v2\/types\/page"}],"author":[{"embeddable":true,"href":"https:\/\/expo-billviola.be\/nl\/wp-json\/wp\/v2\/users\/4"}],"replies":[{"embeddable":true,"href":"https:\/\/expo-billviola.be\/nl\/wp-json\/wp\/v2\/comments?post=1055"}],"version-history":[{"count":10,"href":"https:\/\/expo-billviola.be\/nl\/wp-json\/wp\/v2\/pages\/1055\/revisions"}],"predecessor-version":[{"id":1076,"href":"https:\/\/expo-billviola.be\/nl\/wp-json\/wp\/v2\/pages\/1055\/revisions\/1076"}],"wp:attachment":[{"href":"https:\/\/expo-billviola.be\/nl\/wp-json\/wp\/v2\/media?parent=1055"}],"curies":[{"name":"wp","href":"https:\/\/api.w.org\/{rel}","templated":true}]}}