{"id":1923,"date":"2023-11-14T16:54:52","date_gmt":"2023-11-14T15:54:52","guid":{"rendered":"https:\/\/expo-billviola.be\/?page_id=1923"},"modified":"2023-11-14T17:27:12","modified_gmt":"2023-11-14T16:27:12","slug":"offrir-lexposition-bill-viola-sculptor-of-time","status":"publish","type":"page","link":"https:\/\/expo-billviola.be\/nl\/offrir-lexposition-bill-viola-sculptor-of-time\/","title":{"rendered":"Offrir l&rsquo;exposition Bill Viola. Sculptor of Time"},"content":{"rendered":"<div data-elementor-type=\"wp-page\" data-elementor-id=\"1923\" class=\"elementor elementor-1923\" data-elementor-post-type=\"page\">\n\t\t\t\t\t\t<section class=\"elementor-section elementor-top-section elementor-element elementor-element-de1a006 elementor-section-full_width elementor-section-height-default elementor-section-height-default\" data-id=\"de1a006\" data-element_type=\"section\" data-settings=\"{&quot;background_background&quot;:&quot;classic&quot;}\">\n\t\t\t\t\t\t<div class=\"elementor-container elementor-column-gap-default\">\n\t\t\t\t\t<div class=\"elementor-column elementor-col-100 elementor-top-column elementor-element elementor-element-a990203\" data-id=\"a990203\" data-element_type=\"column\" data-settings=\"{&quot;background_background&quot;:&quot;classic&quot;}\">\n\t\t\t<div class=\"elementor-widget-wrap elementor-element-populated\">\n\t\t\t\t\t\t<div class=\"elementor-element elementor-element-2bf10ab elementor-widget elementor-widget-heading\" data-id=\"2bf10ab\" data-element_type=\"widget\" data-widget_type=\"heading.default\">\n\t\t\t\t<div class=\"elementor-widget-container\">\n\t\t\t<style>\/*! elementor - v3.21.0 - 25-04-2024 *\/\n.elementor-heading-title{padding:0;margin:0;line-height:1}.elementor-widget-heading .elementor-heading-title[class*=elementor-size-]>a{color:inherit;font-size:inherit;line-height:inherit}.elementor-widget-heading .elementor-heading-title.elementor-size-small{font-size:15px}.elementor-widget-heading .elementor-heading-title.elementor-size-medium{font-size:19px}.elementor-widget-heading .elementor-heading-title.elementor-size-large{font-size:29px}.elementor-widget-heading .elementor-heading-title.elementor-size-xl{font-size:39px}.elementor-widget-heading .elementor-heading-title.elementor-size-xxl{font-size:59px}<\/style><h1 class=\"elementor-heading-title elementor-size-default\">GEEF DE EXPO CADEAU<\/h1>\t\t<\/div>\n\t\t\t\t<\/div>\n\t\t\t\t<div class=\"elementor-element elementor-element-edae9ad elementor-widget elementor-widget-text-editor\" data-id=\"edae9ad\" data-element_type=\"widget\" data-widget_type=\"text-editor.default\">\n\t\t\t\t<div class=\"elementor-widget-container\">\n\t\t\t<style>\/*! elementor - v3.21.0 - 25-04-2024 *\/\n.elementor-widget-text-editor.elementor-drop-cap-view-stacked .elementor-drop-cap{background-color:#69727d;color:#fff}.elementor-widget-text-editor.elementor-drop-cap-view-framed .elementor-drop-cap{color:#69727d;border:3px solid;background-color:transparent}.elementor-widget-text-editor:not(.elementor-drop-cap-view-default) .elementor-drop-cap{margin-top:8px}.elementor-widget-text-editor:not(.elementor-drop-cap-view-default) .elementor-drop-cap-letter{width:1em;height:1em}.elementor-widget-text-editor .elementor-drop-cap{float:left;text-align:center;line-height:1;font-size:50px}.elementor-widget-text-editor .elementor-drop-cap-letter{display:inline-block}<\/style>\t\t\t\t<p><em>Bill Viola. Sculptor of Time<\/em><br \/>La Boverie, Luik.<\/p><p><strong>Koop tickets voor de tentoonstelling <em>Bill Viola. Sculptor of Time<\/em> in La Boverie (Luik) zonder vaste datum!<\/strong><br \/>Met dit ticket kun je de tentoonstelling <em>Bill Viola. Sculptor of Time<\/em> eenmalig bezoeken, op de datum van je keuze, tijdens de openingsuren (met uitzondering van speciale evenementen).<b><\/b><\/p>\t\t\t\t\t\t<\/div>\n\t\t\t\t<\/div>\n\t\t\t\t\t<\/div>\n\t\t<\/div>\n\t\t\t\t\t<\/div>\n\t\t<\/section>\n\t\t\t\t<section class=\"elementor-section elementor-top-section elementor-element elementor-element-145fe11 elementor-section-boxed elementor-section-height-default elementor-section-height-default\" data-id=\"145fe11\" data-element_type=\"section\">\n\t\t\t\t\t\t<div class=\"elementor-container elementor-column-gap-default\">\n\t\t\t\t\t<div class=\"elementor-column elementor-col-100 elementor-top-column elementor-element elementor-element-68876b8\" data-id=\"68876b8\" data-element_type=\"column\">\n\t\t\t<div class=\"elementor-widget-wrap elementor-element-populated\">\n\t\t\t\t\t\t<div class=\"elementor-element elementor-element-b6dc58c elementor-widget elementor-widget-html\" data-id=\"b6dc58c\" data-element_type=\"widget\" data-no-translation=\"\" data-widget_type=\"html.default\">\n\t\t\t\t<div class=\"elementor-widget-container\">\n\t\t\t<style>.elementor-element-b6dc58c{display:none !important}<\/style>\t\t<\/div>\n\t\t\t\t<\/div>\n\t\t\t\t<div class=\"elementor-element elementor-element-3a1a2c0 elementor-widget elementor-widget-html\" data-id=\"3a1a2c0\" data-element_type=\"widget\" data-no-translation=\"\" data-widget_type=\"html.default\">\n\t\t\t\t<div class=\"elementor-widget-container\">\n\t\t\t<!DOCTYPE html>\n<html lang=\"en\">\n\n<head>\n  <meta charset=\"utf-8\" \/>\n  <meta name=\"viewport\" content=\"width=device-width, initial-scale=1\" \/>\n  <title>Bill Viola<\/title>\n\n  <style>\n    \/*\n\n    If the host website uses variables that we want to use too, \n    define them in the style section below\n\n    *\/\n\n    body {\n      \/* background: black; *\/\n    }\n  <\/style>\n<\/head>\n\n<body>\n  <!--\n   \n    - Copy\/paste only the code below so it's strictly correct from an HTML standpoint\n    - Make sure enviso.settings.testPayment is not set, otherwise payments won't go through\n    - Remove any code that's not used (e.g. late booking notice, upsell dialog, newsletter addition)\n\n    -->\n\n  <script src=\"https:\/\/widget.enviso.io\/loader.js\"><\/script>\n  <script>define(['https:\/\/widget.enviso.io\/build-ts\/components\/tickets\/enviso-ticket-widget-element.js']);<\/script>\n  <script>define(['https:\/\/widget.enviso.io\/build-ts\/components\/common\/enviso-style-element.js']);<\/script>\n  <script>\n    enviso.settings.apiKey = '9+QvcDlzb0Gh44R3TqBg7g==';\n    enviso.settings.salesPointId = '1918';\n    enviso.settings.language = 'nl';\n    enviso.settings.testPayment = false;\n    enviso.settings.sortByIncludeOfferIds = true;\n        enviso.settings.offerId=9959;\n\n    enviso.settings.translations = {\n      'nl': {\n        \"terms of agreement\": \"algemene verkoopsvoorwaarden\",\n        \"I want to subscribe to the newsletter\": \"Ik ga akkoord met het ontvangen van communicatie over tentoonstellingen die in La Boverie worden gepresenteerd door Tempora, organisator van dit evenement.\"\n      }\n    }\n  <\/script>\n\n  <enviso-style hidden>\n    \/* Basic setup *\/\n    :host {\n      --bv-orange: #9E541F;\n      --bv-yellow: #FFE8C7;\n      --bv-black: #000000;\n      --bv-white: #ffffff;\n\n\n      --enviso-primary-color: var(--bv-black);\n      --enviso-secondary-color: var(--bv-orange);\n      font-family: \"Gotham Medium\", Sans-serif;\n      color: var(--bv-black);\n    }\n\n    \/* Hide a few things *\/\n\n    .enviso-filters,\n    .enviso-ticket-widget-offer-name,\n    .enviso-amount-inner {\n      display: none;\n    }\n\n    enviso-ticket-item {\n    border-left-color: var(--bv-yellow);\n    }\n\n    .enviso-info {\n      position:relative;\n    }\n\n    \/* Distinction between regular and group tickets *\/\n    \n    enviso-ticket-item:nth-of-type(3) {\n      margin-bottom: 4em;\n    }\n    \n    @media (min-width: 700px) {\n      enviso-ticket-item:nth-of-type(3) {\n        grid-column: 1\/-1 !important;\n        max-width: calc(50% - 1em) !important;\n      }\n    }\n\n    \/* Center the picture for tickets' thumbs *\/\n\n    .enviso-basket-offer-image {\n      background-position: center center;\n    }\n\n    \/* Fix issues with payment confirmation text color *\/\n\n    enviso-payment {\n      color: var(--enviso-primary-color);\n    }\n\n    enviso-ticket-order-complete-step {\n      color: var(--enviso-primary-color);\n    }\n  <\/enviso-style>\n\n  <enviso-ticket-widget newsletter terms=\"https:\/\/expo-billviola.be\/nl\/conditions-generales-de-vente\/\"\n    indicate-last-tickets last-tickets-percentage=\"25\" preferred-dates='[\"2023-10-02\"]' show-prices>\n\n    <enviso-notice id=\"custom-late-booking-notice\" icon-name=\"clock\"\n      name=\"U heeft \u00e9\u00e9n van de laatste tijdssloten van de dag gekozen.\" slot=\"above-basket-items\">\n      Zorg ervoor dat u aan het begin van het tijdsslot aankomt, zodat u uw bezoek kunt afronden voordat de tentoonstelling sluit.\n    <\/enviso-notice>\n  <\/enviso-ticket-widget>\n\n  <script>\n    \/* -----------------------------------------------------------------------------------------------\n    \n       This script toggles a notice if customer books slots close to the end of the exhibition\n    \n    ------------------------------------------------------------------------------------------------ *\/\n\n    const cutoffs = [\n      '15:30', \/\/ lundi\n      '15:30', \/\/ mardi\n      '15:30', \/\/ mercredi \n      '15:30', \/\/ jeudi\n      '15:30', \/\/ vendredi\n      '15:30', \/\/ samedi\n      '15:30', \/\/ dimanche\n    ]\n\n    function hasEmptyBasket() {\n      return !!enviso.basket && enviso.basket.getBasketItemsArray().length === 0;\n    }\n\n    function isAfterCutoff() {\n      let isAfter = false;\n\n      enviso.basket.getBasketItemsArray().forEach(item => {\n        console.log('checking after hours', item.visitDate.getDay(), item.visitDate.getHours(), item.visitDate.getMinutes());\n\n        const dayIndex = item.visitDate.getDay() > 0 ? item.visitDate.getDay() - 1 : 6;\n\n        const cutoff = cutoffs[dayIndex];\n        const cutoffHours = cutoff.split(':')[0];\n        const cutoffMinutes = cutoff.split(':')[1];\n\n        if (item.visitDate.getHours() > cutoffHours) {\n          isAfter = true;\n        } else if (item.visitDate.getHours() == cutoffHours && item.visitDate.getMinutes() >= cutoffMinutes) {\n          isAfter = true;\n        }\n      });\n      console.log(\"isAfter?\", isAfter);\n      return isAfter;\n    }\n\n    function showLateNotice() {\n      console.log(\"showing late notice\");\n      document.querySelector(\"#custom-late-booking-notice\").style.display = 'block';\n    }\n\n    function hideLateNotice() {\n      console.log(\"hiding late notice\");\n      document.querySelector(\"#custom-late-booking-notice\").style.display = 'none';\n    }\n\n    hideLateNotice();\n\n    document.addEventListener('step-changed', function (e) {\n      console.log('step-changed event fired', e)\n      \/\/ check the step in which the widget currently is; show the dialog only if the checkout has been clicked\n      \/\/ and the enviso-basket-my-info is on the page\n      hideLateNotice();\n\n      let inCheckout = e.detail.activeStep.querySelector(\"enviso-basket-my-info\");\n      if (inCheckout == null) {\n        if (!hasEmptyBasket() && isAfterCutoff()) {\n          showLateNotice()\n        }\n      }\n    });\n\n  <\/script>\n\n  <script>\n    \/* -----------------------------------------------------------------------------------------------\n      \n         This script sends the newsletter checkbox state to Brevo\n      \n    ------------------------------------------------------------------------------------------------ *\/\n\n    const brevoListId = 117;\n\n    document.querySelector('enviso-ticket-widget').addEventListener('ordercreated', async () => {\n      console.log('order number', enviso.basket.orderNumber.getValue());\n      console.log('checked out items', enviso.basket.checkedOutItems.getValue());\n\n      \/\/ the order has been created here, get the customer info\n\n      var customer = enviso.basket.customer.getValue();\n      console.log('customer', customer);\n      console.log('customer email', customer.email);\n      console.log('newsletter', customer.agreedNewsletter);\n\n      const endpoint = \"https:\/\/tempora.vercel.app\/api\/newsletter-signup\";\n\n      if (customer.agreedNewsletter) {\n        await fetch(endpoint, {\n          method: \"POST\",\n          body: JSON.stringify({\n            email: customer.email,\n            firstname: customer.firstName,\n            lastname: customer.lastName,\n            country: customer.address.country,\n            zip: customer.address.postalCode,\n            listId: brevoListId\n          }),\n          headers: {\n            'Content-type': 'application\/json'\n          }\n        })\n      } else {\n        await fetch(endpoint, {\n          method: \"DELETE\",\n          body: JSON.stringify({\n            email: customer.email\n          }),\n          headers: {\n            'Content-type': 'application\/json'\n          }\n        })\n      }\n    });\n\n  <\/script>\n\n\n  <!--\n\n    Stop copying past this point, the rest is just for having a semantically correct HTML testing page\n\n    -->\n\n\n\n<\/body>\n<\/html>\t\t<\/div>\n\t\t\t\t<\/div>\n\t\t\t\t<div class=\"elementor-element elementor-element-b654403 elementor-widget elementor-widget-html\" data-id=\"b654403\" data-element_type=\"widget\" data-no-translation=\"\" data-widget_type=\"html.default\">\n\t\t\t\t<div class=\"elementor-widget-container\">\n\t\t\t<style>.elementor-element-b654403{display:none !important}<\/style>\t\t<\/div>\n\t\t\t\t<\/div>\n\t\t\t\t<div class=\"elementor-element elementor-element-41aedcf elementor-widget elementor-widget-html\" data-id=\"41aedcf\" data-element_type=\"widget\" data-no-translation=\"\" data-widget_type=\"html.default\">\n\t\t\t\t<div class=\"elementor-widget-container\">\n\t\t\t<style>.elementor-element-41aedcf{display:none !important}<\/style>\t\t<\/div>\n\t\t\t\t<\/div>\n\t\t\t\t\t<\/div>\n\t\t<\/div>\n\t\t\t\t\t<\/div>\n\t\t<\/section>\n\t\t\t\t<\/div>","protected":false},"excerpt":{"rendered":"<p>OFFRIR L&rsquo;EXPOSITION Bill Viola. Sculptor of TimeLa Boverie \u00e0 Li\u00e8ge. Achetez des tickets pour l&rsquo;exposition Bill Viola. Sculptor of Time \u00e0 La Boverie (Li\u00e8ge) sans date fixe !Ce ticket permet de visiter l&rsquo;exposition Bill Viola. Sculptor of Time une fois \u00e0 la date de votre choix, durant les heures d&rsquo;ouverture (\u00e0 l&rsquo;exception des \u00e9v\u00e9nement sp\u00e9ciaux).&hellip;&nbsp;<a href=\"https:\/\/expo-billviola.be\/nl\/offrir-lexposition-bill-viola-sculptor-of-time\/\" class=\"\" rel=\"bookmark\">Lees verder &raquo;<span class=\"screen-reader-text\">Offrir l&rsquo;exposition Bill Viola. Sculptor of Time<\/span><\/a><\/p>","protected":false},"author":4,"featured_media":0,"parent":0,"menu_order":0,"comment_status":"closed","ping_status":"closed","template":"page-templates\/template-pagebuilder-full-width.php","meta":{"neve_meta_sidebar":"","neve_meta_container":"","neve_meta_enable_content_width":"","neve_meta_content_width":0,"neve_meta_title_alignment":"","neve_meta_author_avatar":"","neve_post_elements_order":"","neve_meta_disable_header":"","neve_meta_disable_footer":"","neve_meta_disable_title":"","footnotes":""},"class_list":["post-1923","page","type-page","status-publish","hentry"],"yoast_head":"<!-- This site is optimized with the Yoast SEO plugin v22.5 - https:\/\/yoast.com\/wordpress\/plugins\/seo\/ -->\n<title>Offrir l&#039;exposition Bill Viola. Sculptor of Time - Expo Bill Viola<\/title>\n<meta name=\"robots\" content=\"index, follow, max-snippet:-1, max-image-preview:large, max-video-preview:-1\" \/>\n<link rel=\"canonical\" href=\"https:\/\/expo-billviola.be\/nl\/offrir-lexposition-bill-viola-sculptor-of-time\/\" \/>\n<meta property=\"og:locale\" content=\"nl_NL\" \/>\n<meta property=\"og:type\" content=\"article\" \/>\n<meta property=\"og:title\" content=\"Offrir l&#039;exposition Bill Viola. Sculptor of Time - Expo Bill Viola\" \/>\n<meta property=\"og:description\" content=\"OFFRIR L&rsquo;EXPOSITION Bill Viola. Sculptor of TimeLa Boverie \u00e0 Li\u00e8ge. Achetez des tickets pour l&rsquo;exposition Bill Viola. Sculptor of Time \u00e0 La Boverie (Li\u00e8ge) sans date fixe !Ce ticket permet de visiter l&rsquo;exposition Bill Viola. Sculptor of Time une fois \u00e0 la date de votre choix, durant les heures d&rsquo;ouverture (\u00e0 l&rsquo;exception des \u00e9v\u00e9nement sp\u00e9ciaux).&hellip;&nbsp;Lees verder &raquo;Offrir l&rsquo;exposition Bill Viola. Sculptor of Time\" \/>\n<meta property=\"og:url\" content=\"https:\/\/expo-billviola.be\/nl\/offrir-lexposition-bill-viola-sculptor-of-time\/\" \/>\n<meta property=\"og:site_name\" content=\"Expo Bill Viola\" \/>\n<meta property=\"article:modified_time\" content=\"2023-11-14T16:27:12+00:00\" \/>\n<meta name=\"twitter:card\" content=\"summary_large_image\" \/>\n<meta name=\"twitter:label1\" content=\"Geschatte leestijd\" \/>\n\t<meta name=\"twitter:data1\" content=\"3 minuten\" \/>\n<script type=\"application\/ld+json\" class=\"yoast-schema-graph\">{\"@context\":\"https:\/\/schema.org\",\"@graph\":[{\"@type\":\"WebPage\",\"@id\":\"https:\/\/expo-billviola.be\/offrir-lexposition-bill-viola-sculptor-of-time\/\",\"url\":\"https:\/\/expo-billviola.be\/offrir-lexposition-bill-viola-sculptor-of-time\/\",\"name\":\"Offrir l'exposition Bill Viola. Sculptor of Time - Expo Bill Viola\",\"isPartOf\":{\"@id\":\"https:\/\/expo-billviola.be\/#website\"},\"datePublished\":\"2023-11-14T15:54:52+00:00\",\"dateModified\":\"2023-11-14T16:27:12+00:00\",\"breadcrumb\":{\"@id\":\"https:\/\/expo-billviola.be\/offrir-lexposition-bill-viola-sculptor-of-time\/#breadcrumb\"},\"inLanguage\":\"nl-NL\",\"potentialAction\":[{\"@type\":\"ReadAction\",\"target\":[\"https:\/\/expo-billviola.be\/offrir-lexposition-bill-viola-sculptor-of-time\/\"]}]},{\"@type\":\"BreadcrumbList\",\"@id\":\"https:\/\/expo-billviola.be\/offrir-lexposition-bill-viola-sculptor-of-time\/#breadcrumb\",\"itemListElement\":[{\"@type\":\"ListItem\",\"position\":1,\"name\":\"Accueil\",\"item\":\"https:\/\/expo-billviola.be\/\"},{\"@type\":\"ListItem\",\"position\":2,\"name\":\"Offrir l&rsquo;exposition Bill Viola. Sculptor of Time\"}]},{\"@type\":\"WebSite\",\"@id\":\"https:\/\/expo-billviola.be\/#website\",\"url\":\"https:\/\/expo-billviola.be\/\",\"name\":\"Expo Bill Viola\",\"description\":\"Sculptor of Time\",\"publisher\":{\"@id\":\"https:\/\/expo-billviola.be\/#organization\"},\"potentialAction\":[{\"@type\":\"SearchAction\",\"target\":{\"@type\":\"EntryPoint\",\"urlTemplate\":\"https:\/\/expo-billviola.be\/?s={search_term_string}\"},\"query-input\":\"required name=search_term_string\"}],\"inLanguage\":\"nl-NL\"},{\"@type\":\"Organization\",\"@id\":\"https:\/\/expo-billviola.be\/#organization\",\"name\":\"Expo Bill Viola\",\"url\":\"https:\/\/expo-billviola.be\/\",\"logo\":{\"@type\":\"ImageObject\",\"inLanguage\":\"nl-NL\",\"@id\":\"https:\/\/expo-billviola.be\/#\/schema\/logo\/image\/\",\"url\":\"https:\/\/expo-billviola.be\/wp-content\/uploads\/2023\/07\/cropped-Logo_BILL-VIOLA_Y.png\",\"contentUrl\":\"https:\/\/expo-billviola.be\/wp-content\/uploads\/2023\/07\/cropped-Logo_BILL-VIOLA_Y.png\",\"width\":200,\"height\":125,\"caption\":\"Expo Bill Viola\"},\"image\":{\"@id\":\"https:\/\/expo-billviola.be\/#\/schema\/logo\/image\/\"}}]}<\/script>\n<!-- \/ Yoast SEO plugin. -->","yoast_head_json":{"title":"Offrir l'exposition Bill Viola. Sculptor of Time - Expo Bill Viola","robots":{"index":"index","follow":"follow","max-snippet":"max-snippet:-1","max-image-preview":"max-image-preview:large","max-video-preview":"max-video-preview:-1"},"canonical":"https:\/\/expo-billviola.be\/nl\/offrir-lexposition-bill-viola-sculptor-of-time\/","og_locale":"nl_NL","og_type":"article","og_title":"Offrir l'exposition Bill Viola. Sculptor of Time - Expo Bill Viola","og_description":"OFFRIR L&rsquo;EXPOSITION Bill Viola. Sculptor of TimeLa Boverie \u00e0 Li\u00e8ge. Achetez des tickets pour l&rsquo;exposition Bill Viola. Sculptor of Time \u00e0 La Boverie (Li\u00e8ge) sans date fixe !Ce ticket permet de visiter l&rsquo;exposition Bill Viola. Sculptor of Time une fois \u00e0 la date de votre choix, durant les heures d&rsquo;ouverture (\u00e0 l&rsquo;exception des \u00e9v\u00e9nement sp\u00e9ciaux).&hellip;&nbsp;Lees verder &raquo;Offrir l&rsquo;exposition Bill Viola. Sculptor of Time","og_url":"https:\/\/expo-billviola.be\/nl\/offrir-lexposition-bill-viola-sculptor-of-time\/","og_site_name":"Expo Bill Viola","article_modified_time":"2023-11-14T16:27:12+00:00","twitter_card":"summary_large_image","twitter_misc":{"Geschatte leestijd":"3 minuten"},"schema":{"@context":"https:\/\/schema.org","@graph":[{"@type":"WebPage","@id":"https:\/\/expo-billviola.be\/offrir-lexposition-bill-viola-sculptor-of-time\/","url":"https:\/\/expo-billviola.be\/offrir-lexposition-bill-viola-sculptor-of-time\/","name":"Offrir l'exposition Bill Viola. Sculptor of Time - Expo Bill Viola","isPartOf":{"@id":"https:\/\/expo-billviola.be\/#website"},"datePublished":"2023-11-14T15:54:52+00:00","dateModified":"2023-11-14T16:27:12+00:00","breadcrumb":{"@id":"https:\/\/expo-billviola.be\/offrir-lexposition-bill-viola-sculptor-of-time\/#breadcrumb"},"inLanguage":"nl-NL","potentialAction":[{"@type":"ReadAction","target":["https:\/\/expo-billviola.be\/offrir-lexposition-bill-viola-sculptor-of-time\/"]}]},{"@type":"BreadcrumbList","@id":"https:\/\/expo-billviola.be\/offrir-lexposition-bill-viola-sculptor-of-time\/#breadcrumb","itemListElement":[{"@type":"ListItem","position":1,"name":"Accueil","item":"https:\/\/expo-billviola.be\/"},{"@type":"ListItem","position":2,"name":"Offrir l&rsquo;exposition Bill Viola. Sculptor of Time"}]},{"@type":"WebSite","@id":"https:\/\/expo-billviola.be\/#website","url":"https:\/\/expo-billviola.be\/","name":"Expo Bill Viola","description":"Sculptor of Time","publisher":{"@id":"https:\/\/expo-billviola.be\/#organization"},"potentialAction":[{"@type":"SearchAction","target":{"@type":"EntryPoint","urlTemplate":"https:\/\/expo-billviola.be\/?s={search_term_string}"},"query-input":"required name=search_term_string"}],"inLanguage":"nl-NL"},{"@type":"Organization","@id":"https:\/\/expo-billviola.be\/#organization","name":"Expo Bill Viola","url":"https:\/\/expo-billviola.be\/","logo":{"@type":"ImageObject","inLanguage":"nl-NL","@id":"https:\/\/expo-billviola.be\/#\/schema\/logo\/image\/","url":"https:\/\/expo-billviola.be\/wp-content\/uploads\/2023\/07\/cropped-Logo_BILL-VIOLA_Y.png","contentUrl":"https:\/\/expo-billviola.be\/wp-content\/uploads\/2023\/07\/cropped-Logo_BILL-VIOLA_Y.png","width":200,"height":125,"caption":"Expo Bill Viola"},"image":{"@id":"https:\/\/expo-billviola.be\/#\/schema\/logo\/image\/"}}]}},"_links":{"self":[{"href":"https:\/\/expo-billviola.be\/nl\/wp-json\/wp\/v2\/pages\/1923","targetHints":{"allow":["GET"]}}],"collection":[{"href":"https:\/\/expo-billviola.be\/nl\/wp-json\/wp\/v2\/pages"}],"about":[{"href":"https:\/\/expo-billviola.be\/nl\/wp-json\/wp\/v2\/types\/page"}],"author":[{"embeddable":true,"href":"https:\/\/expo-billviola.be\/nl\/wp-json\/wp\/v2\/users\/4"}],"replies":[{"embeddable":true,"href":"https:\/\/expo-billviola.be\/nl\/wp-json\/wp\/v2\/comments?post=1923"}],"version-history":[{"count":22,"href":"https:\/\/expo-billviola.be\/nl\/wp-json\/wp\/v2\/pages\/1923\/revisions"}],"predecessor-version":[{"id":1946,"href":"https:\/\/expo-billviola.be\/nl\/wp-json\/wp\/v2\/pages\/1923\/revisions\/1946"}],"wp:attachment":[{"href":"https:\/\/expo-billviola.be\/nl\/wp-json\/wp\/v2\/media?parent=1923"}],"curies":[{"name":"wp","href":"https:\/\/api.w.org\/{rel}","templated":true}]}}